{"id":945,"date":"2022-03-15T21:04:10","date_gmt":"2022-03-15T21:04:10","guid":{"rendered":"https:\/\/www.taisomirgaminam.lt\/?post_type=product&#038;p=945"},"modified":"2024-02-09T16:47:39","modified_gmt":"2024-02-09T16:47:39","slug":"silixcon-am","status":"publish","type":"product","link":"https:\/\/www.taisomirgaminam.lt\/lt\/produktas\/silixcon-am\/","title":{"rendered":"SiliXcon AM"},"content":{"rendered":"<p>Iki 68V (16S li\u010dio baterija), iki 2,4 kW nominalios galios, iki 4,6 kW did\u017eiausios galios.<\/p>\n<p>AM yra lengviausias standartinis ESC3 valdikli\u0173 \u0161eimos narys. Jis gali b\u016bti naudojamas \u012fvairiose srityse, ypa\u010d pramon\u0117je ir automobili\u0173 pramon\u0117je. Naudojant daugum\u0105 \u0161iuolaikini\u0173 technologij\u0173 pasiekiama ekstremali dinamika ir maksimalus efektyvumas, \u012fgyvendinamas sklandus startas arba regeneracinis stabdymas, visa tai minimaliais matmenimis. AM valdiklis gali valdyti vis\u0173 \u012fprast\u0173 tip\u0173 elektros variklius.<\/p>\n<p>&nbsp;<\/p>\n<p><strong>Mes parduodame 0810 versijos valdiklius.<\/strong><\/p>\n<table id=\"tablepress-3\" class=\"tablepress tablepress-id-3\" aria-describedby=\"tablepress-3-description\">\n<tbody class=\"row-hover\">\n<tr class=\"row-1\">\n<td class=\"column-1\"><strong>Version<\/strong><\/td>\n<td class=\"column-2\"><strong>0420*<\/strong><\/td>\n<td class=\"column-3\"><strong>0610*<\/strong><\/td>\n<td class=\"column-4\"><strong>0810<\/strong><\/td>\n<\/tr>\n<tr class=\"row-2\">\n<td class=\"column-1\">Battery nominal voltage<\/td>\n<td class=\"column-2\">29 V DC<\/td>\n<td class=\"column-3\">43 V DC<\/td>\n<td class=\"column-4\">58 V DC<\/td>\n<\/tr>\n<tr class=\"row-3\">\n<td class=\"column-1\">Battery configuration<\/td>\n<td class=\"column-2\">8 S<\/td>\n<td class=\"column-3\">12 S<\/td>\n<td class=\"column-4\">16 S<\/td>\n<\/tr>\n<tr class=\"row-4\">\n<td class=\"column-1\">Min. operating voltage<\/td>\n<td class=\"column-2\">12 V DC<\/td>\n<td class=\"column-3\">12 V DC<\/td>\n<td class=\"column-4\">12 V DC<\/td>\n<\/tr>\n<tr class=\"row-5\">\n<td class=\"column-1\">Max. operating voltage<\/td>\n<td class=\"column-2\">34 V DC<\/td>\n<td class=\"column-3\">51 V DC<\/td>\n<td class=\"column-4\">68 V DC<\/td>\n<\/tr>\n<tr class=\"row-6\">\n<td class=\"column-1\">Nominal power (60min, BLDC)<\/td>\n<td class=\"column-2\">1 700 W\u00a0<sup>1<\/sup>, 1 200 W\u00a0<sup>2<\/sup>, 1 200 W\u00a0<sup>3<\/sup><\/td>\n<td class=\"column-3\">2 200 W\u00a0<sup>1<\/sup>, 1 500 W\u00a0<sup>2<\/sup>, 1 500 W\u00a0<sup>3<\/sup><\/td>\n<td class=\"column-4\">2 400 W\u00a0<sup>1<\/sup>, 1 500 W\u00a0<sup>2<\/sup>, 1 500 W\u00a0<sup>3<\/sup><\/td>\n<\/tr>\n<tr class=\"row-7\">\n<td class=\"column-1\">Nominal current (60min, BLDC)<\/td>\n<td class=\"column-2\">60 A\u00a0<sup>1<\/sup>, 41 A\u00a0<sup>2<\/sup>, 27 A\u00a0<sup>3<\/sup><\/td>\n<td class=\"column-3\">51 A\u00a0<sup>1<\/sup>, 35 A\u00a0<sup>2<\/sup>, 22 A\u00a0<sup>3<\/sup><\/td>\n<td class=\"column-4\">42 A\u00a0<sup>1<\/sup>, 35 A\u00a0<sup>2<\/sup>, 22 A\u00a0<sup>3<\/sup><\/td>\n<\/tr>\n<tr class=\"row-8\">\n<td class=\"column-1\">Power dissipation<\/td>\n<td class=\"column-2\">20 W\u00a0<sup>1<\/sup>, 10 W\u00a0<sup>2<\/sup>, 5 W\u00a0<sup>3<\/sup><\/td>\n<td class=\"column-3\">20 W\u00a0<sup>1<\/sup>, 10 W\u00a0<sup>2<\/sup>, 5 W\u00a0<sup>3<\/sup><\/td>\n<td class=\"column-4\">20 W\u00a0<sup>1<\/sup>, 10 W\u00a0<sup>2<\/sup>, 5 W\u00a0<sup>3<\/sup><\/td>\n<\/tr>\n<tr class=\"row-9\">\n<td class=\"column-1\">Peak power (10sec)<\/td>\n<td class=\"column-2\">3 400 W\u00a0<sup>1 2<\/sup>, 2 700 W\u00a0<sup>3<\/sup><\/td>\n<td class=\"column-3\">4 300 W\u00a0<sup>1 2<\/sup>, 3 200 W\u00a0<sup>3<\/sup><\/td>\n<td class=\"column-4\">4 600 W\u00a0<sup>1 2<\/sup>, 3 200 W\u00a0<sup>3<\/sup><\/td>\n<\/tr>\n<tr class=\"row-10\">\n<td class=\"column-1\">Peak current (10sec)<\/td>\n<td class=\"column-2\">120 A\u00a0<sup>1 2<\/sup>, 95 A\u00a0<sup>3<\/sup><\/td>\n<td class=\"column-3\">100 A\u00a0<sup>1 2<\/sup>, 75 A\u00a0<sup>3<\/sup><\/td>\n<td class=\"column-4\">80 A\u00a0<sup>1 2<\/sup>, 75 A\u00a0<sup>3<\/sup><\/td>\n<\/tr>\n<\/tbody>\n<\/table>\n<p>&nbsp;<\/p>\n<p><img decoding=\"async\" class=\"alignnone  wp-image-947\" src=\"https:\/\/i0.wp.com\/www.taisomirgaminam.lt\/wp-content\/uploads\/2022\/03\/SiliXcon_AM_taisomirgaminam.lt_2-300x200.jpg?resize=553%2C368&#038;ssl=1\" alt=\"\" width=\"553\" height=\"368\" srcset=\"https:\/\/i0.wp.com\/www.taisomirgaminam.lt\/wp-content\/uploads\/2022\/03\/SiliXcon_AM_taisomirgaminam.lt_2.jpg?resize=300%2C200&amp;ssl=1 300w, https:\/\/i0.wp.com\/www.taisomirgaminam.lt\/wp-content\/uploads\/2022\/03\/SiliXcon_AM_taisomirgaminam.lt_2.jpg?resize=1024%2C683&amp;ssl=1 1024w, https:\/\/i0.wp.com\/www.taisomirgaminam.lt\/wp-content\/uploads\/2022\/03\/SiliXcon_AM_taisomirgaminam.lt_2.jpg?resize=768%2C512&amp;ssl=1 768w, https:\/\/i0.wp.com\/www.taisomirgaminam.lt\/wp-content\/uploads\/2022\/03\/SiliXcon_AM_taisomirgaminam.lt_2.jpg?resize=18%2C12&amp;ssl=1 18w, https:\/\/i0.wp.com\/www.taisomirgaminam.lt\/wp-content\/uploads\/2022\/03\/SiliXcon_AM_taisomirgaminam.lt_2.jpg?resize=930%2C620&amp;ssl=1 930w, https:\/\/i0.wp.com\/www.taisomirgaminam.lt\/wp-content\/uploads\/2022\/03\/SiliXcon_AM_taisomirgaminam.lt_2.jpg?resize=600%2C400&amp;ssl=1 600w, https:\/\/i0.wp.com\/www.taisomirgaminam.lt\/wp-content\/uploads\/2022\/03\/SiliXcon_AM_taisomirgaminam.lt_2.jpg?w=1200&amp;ssl=1 1200w\" sizes=\"(max-width: 553px) 100vw, 553px\" data-recalc-dims=\"1\" \/> <img decoding=\"async\" class=\"alignnone  wp-image-948\" src=\"https:\/\/i0.wp.com\/www.taisomirgaminam.lt\/wp-content\/uploads\/2022\/03\/SiliXcon_AM_taisomirgaminam.lt_1-300x200.jpg?resize=532%2C354&#038;ssl=1\" alt=\"\" width=\"532\" height=\"354\" srcset=\"https:\/\/i0.wp.com\/www.taisomirgaminam.lt\/wp-content\/uploads\/2022\/03\/SiliXcon_AM_taisomirgaminam.lt_1.jpg?resize=300%2C200&amp;ssl=1 300w, https:\/\/i0.wp.com\/www.taisomirgaminam.lt\/wp-content\/uploads\/2022\/03\/SiliXcon_AM_taisomirgaminam.lt_1.jpg?resize=1024%2C683&amp;ssl=1 1024w, https:\/\/i0.wp.com\/www.taisomirgaminam.lt\/wp-content\/uploads\/2022\/03\/SiliXcon_AM_taisomirgaminam.lt_1.jpg?resize=768%2C512&amp;ssl=1 768w, https:\/\/i0.wp.com\/www.taisomirgaminam.lt\/wp-content\/uploads\/2022\/03\/SiliXcon_AM_taisomirgaminam.lt_1.jpg?resize=18%2C12&amp;ssl=1 18w, https:\/\/i0.wp.com\/www.taisomirgaminam.lt\/wp-content\/uploads\/2022\/03\/SiliXcon_AM_taisomirgaminam.lt_1.jpg?resize=930%2C620&amp;ssl=1 930w, https:\/\/i0.wp.com\/www.taisomirgaminam.lt\/wp-content\/uploads\/2022\/03\/SiliXcon_AM_taisomirgaminam.lt_1.jpg?resize=600%2C400&amp;ssl=1 600w, https:\/\/i0.wp.com\/www.taisomirgaminam.lt\/wp-content\/uploads\/2022\/03\/SiliXcon_AM_taisomirgaminam.lt_1.jpg?w=1200&amp;ssl=1 1200w\" sizes=\"(max-width: 532px) 100vw, 532px\" data-recalc-dims=\"1\" \/><\/p>\n","protected":false},"excerpt":{"rendered":"<h4>Aplikacijos<\/h4>\n<ul>\n<li>Automobili\u0173 arba pramonini\u0173 varikli\u0173 valdymas.<\/li>\n<li>Elektriniai rankiniai \u012frankiai ir \u012franga.<\/li>\n<li>Auk\u0161\u010diausios klas\u0117s sportiniai motociklai, elektroniniai dvira\u010diai, banglent\u0117s.<\/li>\n<li>Degimo varikli\u0173 starteris-generatorius.<\/li>\n<li>Profesional\u016bs dronai, RC modeliai.<\/li>\n<li>Tyrimai ir pl\u0117tra.<\/li>\n<li>Servo valdymas<\/li>\n<\/ul>\n","protected":false},"featured_media":946,"comment_status":"open","ping_status":"closed","template":"","meta":{"_mi_skip_tracking":false,"neve_meta_sidebar":"","neve_meta_container":"","neve_meta_enable_content_width":"off","neve_meta_content_width":70,"neve_meta_title_alignment":"","neve_meta_author_avatar":"","neve_post_elements_order":"","neve_meta_disable_header":"","neve_meta_disable_footer":"","neve_meta_disable_title":""},"product_cat":[66,74,73,33],"product_tag":[75,77],"aioseo_notices":[],"yoast_head":"<!-- This site is optimized with the Yoast SEO plugin v20.5 - https:\/\/yoast.com\/wordpress\/plugins\/seo\/ -->\n<title>SiliXcon AM - Taisom ir gaminam<\/title>\n<meta name=\"description\" content=\"SiliXcon AM controller | small | powerfull | ebike controller | electric bike | scooter | ESC | RC | drones | cars |\" \/>\n<meta name=\"robots\" content=\"index, follow, max-snippet:-1, max-image-preview:large, max-video-preview:-1\" \/>\n<link rel=\"canonical\" href=\"https:\/\/www.taisomirgaminam.lt\/lt\/produktas\/silixcon-am\/\" \/>\n<meta property=\"og:locale\" content=\"lt_LT\" \/>\n<meta property=\"og:type\" content=\"article\" \/>\n<meta property=\"og:title\" content=\"SiliXcon AM - Taisom ir gaminam\" \/>\n<meta property=\"og:description\" content=\"SiliXcon AM controller | small | powerfull | ebike controller | electric bike | scooter | ESC | RC | drones | cars |\" \/>\n<meta property=\"og:url\" content=\"https:\/\/www.taisomirgaminam.lt\/lt\/produktas\/silixcon-am\/\" \/>\n<meta property=\"og:site_name\" content=\"Taisom ir gaminam\" \/>\n<meta property=\"article:publisher\" content=\"https:\/\/www.facebook.com\/Taisom.Gaminam\" \/>\n<meta property=\"article:modified_time\" content=\"2024-02-09T16:47:39+00:00\" \/>\n<meta property=\"og:image\" content=\"https:\/\/i0.wp.com\/www.taisomirgaminam.lt\/wp-content\/uploads\/2022\/03\/SiliXcon_AM_taisomirgaminam.lt_.jpg?fit=2560%2C1920&ssl=1\" \/>\n\t<meta property=\"og:image:width\" content=\"2560\" \/>\n\t<meta property=\"og:image:height\" content=\"1920\" \/>\n\t<meta property=\"og:image:type\" content=\"image\/jpeg\" \/>\n<meta name=\"twitter:card\" content=\"summary_large_image\" \/>\n<meta name=\"twitter:label1\" content=\"Est. reading time\" \/>\n\t<meta name=\"twitter:data1\" content=\"1 minut\u0117\" \/>\n<script type=\"application\/ld+json\" class=\"yoast-schema-graph\">{\"@context\":\"https:\/\/schema.org\",\"@graph\":[{\"@type\":\"WebPage\",\"@id\":\"https:\/\/www.taisomirgaminam.lt\/lt\/produktas\/silixcon-am\/\",\"url\":\"https:\/\/www.taisomirgaminam.lt\/lt\/produktas\/silixcon-am\/\",\"name\":\"SiliXcon AM - Taisom ir gaminam\",\"isPartOf\":{\"@id\":\"https:\/\/www.taisomirgaminam.lt\/lt\/#website\"},\"datePublished\":\"2022-03-15T21:04:10+00:00\",\"dateModified\":\"2024-02-09T16:47:39+00:00\",\"description\":\"SiliXcon AM controller | small | powerfull | ebike controller | electric bike | scooter | ESC | RC | drones | cars |\",\"breadcrumb\":{\"@id\":\"https:\/\/www.taisomirgaminam.lt\/lt\/produktas\/silixcon-am\/#breadcrumb\"},\"inLanguage\":\"lt-LT\",\"potentialAction\":[{\"@type\":\"ReadAction\",\"target\":[\"https:\/\/www.taisomirgaminam.lt\/lt\/produktas\/silixcon-am\/\"]}]},{\"@type\":\"BreadcrumbList\",\"@id\":\"https:\/\/www.taisomirgaminam.lt\/lt\/produktas\/silixcon-am\/#breadcrumb\",\"itemListElement\":[{\"@type\":\"ListItem\",\"position\":1,\"name\":\"Home\",\"item\":\"https:\/\/www.taisomirgaminam.lt\/lt\/\"},{\"@type\":\"ListItem\",\"position\":2,\"name\":\"Parduotuv\u0117\",\"item\":\"https:\/\/www.taisomirgaminam.lt\/lt\/parduotuve\/\"},{\"@type\":\"ListItem\",\"position\":3,\"name\":\"SiliXcon AM\"}]},{\"@type\":\"WebSite\",\"@id\":\"https:\/\/www.taisomirgaminam.lt\/lt\/#website\",\"url\":\"https:\/\/www.taisomirgaminam.lt\/lt\/\",\"name\":\"Taisom ir gaminam\",\"description\":\"\",\"publisher\":{\"@id\":\"https:\/\/www.taisomirgaminam.lt\/lt\/#organization\"},\"potentialAction\":[{\"@type\":\"SearchAction\",\"target\":{\"@type\":\"EntryPoint\",\"urlTemplate\":\"https:\/\/www.taisomirgaminam.lt\/lt\/?s={search_term_string}\"},\"query-input\":\"required name=search_term_string\"}],\"inLanguage\":\"lt-LT\"},{\"@type\":\"Organization\",\"@id\":\"https:\/\/www.taisomirgaminam.lt\/lt\/#organization\",\"name\":\"Taisom ir gaminam\",\"url\":\"https:\/\/www.taisomirgaminam.lt\/lt\/\",\"logo\":{\"@type\":\"ImageObject\",\"inLanguage\":\"lt-LT\",\"@id\":\"https:\/\/www.taisomirgaminam.lt\/lt\/#\/schema\/logo\/image\/\",\"url\":\"https:\/\/i1.wp.com\/www.taisomirgaminam.lt\/wp-content\/uploads\/2021\/01\/taisom-ir-gaminam-NEW.png?fit=500%2C500&ssl=1\",\"contentUrl\":\"https:\/\/i1.wp.com\/www.taisomirgaminam.lt\/wp-content\/uploads\/2021\/01\/taisom-ir-gaminam-NEW.png?fit=500%2C500&ssl=1\",\"width\":500,\"height\":500,\"caption\":\"Taisom ir gaminam\"},\"image\":{\"@id\":\"https:\/\/www.taisomirgaminam.lt\/lt\/#\/schema\/logo\/image\/\"},\"sameAs\":[\"https:\/\/www.facebook.com\/Taisom.Gaminam\"]}]}<\/script>\n<!-- \/ Yoast SEO plugin. -->","yoast_head_json":{"title":"SiliXcon AM - Taisom ir gaminam","description":"SiliXcon AM controller | small | powerfull | ebike controller | electric bike | scooter | ESC | RC | drones | cars |","robots":{"index":"index","follow":"follow","max-snippet":"max-snippet:-1","max-image-preview":"max-image-preview:large","max-video-preview":"max-video-preview:-1"},"canonical":"https:\/\/www.taisomirgaminam.lt\/lt\/produktas\/silixcon-am\/","og_locale":"lt_LT","og_type":"article","og_title":"SiliXcon AM - Taisom ir gaminam","og_description":"SiliXcon AM controller | small | powerfull | ebike controller | electric bike | scooter | ESC | RC | drones | cars |","og_url":"https:\/\/www.taisomirgaminam.lt\/lt\/produktas\/silixcon-am\/","og_site_name":"Taisom ir gaminam","article_publisher":"https:\/\/www.facebook.com\/Taisom.Gaminam","article_modified_time":"2024-02-09T16:47:39+00:00","og_image":[{"width":2560,"height":1920,"url":"https:\/\/i0.wp.com\/www.taisomirgaminam.lt\/wp-content\/uploads\/2022\/03\/SiliXcon_AM_taisomirgaminam.lt_.jpg?fit=2560%2C1920&ssl=1","type":"image\/jpeg"}],"twitter_card":"summary_large_image","twitter_misc":{"Est. reading time":"1 minut\u0117"},"schema":{"@context":"https:\/\/schema.org","@graph":[{"@type":"WebPage","@id":"https:\/\/www.taisomirgaminam.lt\/lt\/produktas\/silixcon-am\/","url":"https:\/\/www.taisomirgaminam.lt\/lt\/produktas\/silixcon-am\/","name":"SiliXcon AM - Taisom ir gaminam","isPartOf":{"@id":"https:\/\/www.taisomirgaminam.lt\/lt\/#website"},"datePublished":"2022-03-15T21:04:10+00:00","dateModified":"2024-02-09T16:47:39+00:00","description":"SiliXcon AM controller | small | powerfull | ebike controller | electric bike | scooter | ESC | RC | drones | cars |","breadcrumb":{"@id":"https:\/\/www.taisomirgaminam.lt\/lt\/produktas\/silixcon-am\/#breadcrumb"},"inLanguage":"lt-LT","potentialAction":[{"@type":"ReadAction","target":["https:\/\/www.taisomirgaminam.lt\/lt\/produktas\/silixcon-am\/"]}]},{"@type":"BreadcrumbList","@id":"https:\/\/www.taisomirgaminam.lt\/lt\/produktas\/silixcon-am\/#breadcrumb","itemListElement":[{"@type":"ListItem","position":1,"name":"Home","item":"https:\/\/www.taisomirgaminam.lt\/lt\/"},{"@type":"ListItem","position":2,"name":"Parduotuv\u0117","item":"https:\/\/www.taisomirgaminam.lt\/lt\/parduotuve\/"},{"@type":"ListItem","position":3,"name":"SiliXcon AM"}]},{"@type":"WebSite","@id":"https:\/\/www.taisomirgaminam.lt\/lt\/#website","url":"https:\/\/www.taisomirgaminam.lt\/lt\/","name":"Taisom ir gaminam","description":"","publisher":{"@id":"https:\/\/www.taisomirgaminam.lt\/lt\/#organization"},"potentialAction":[{"@type":"SearchAction","target":{"@type":"EntryPoint","urlTemplate":"https:\/\/www.taisomirgaminam.lt\/lt\/?s={search_term_string}"},"query-input":"required name=search_term_string"}],"inLanguage":"lt-LT"},{"@type":"Organization","@id":"https:\/\/www.taisomirgaminam.lt\/lt\/#organization","name":"Taisom ir gaminam","url":"https:\/\/www.taisomirgaminam.lt\/lt\/","logo":{"@type":"ImageObject","inLanguage":"lt-LT","@id":"https:\/\/www.taisomirgaminam.lt\/lt\/#\/schema\/logo\/image\/","url":"https:\/\/i1.wp.com\/www.taisomirgaminam.lt\/wp-content\/uploads\/2021\/01\/taisom-ir-gaminam-NEW.png?fit=500%2C500&ssl=1","contentUrl":"https:\/\/i1.wp.com\/www.taisomirgaminam.lt\/wp-content\/uploads\/2021\/01\/taisom-ir-gaminam-NEW.png?fit=500%2C500&ssl=1","width":500,"height":500,"caption":"Taisom ir gaminam"},"image":{"@id":"https:\/\/www.taisomirgaminam.lt\/lt\/#\/schema\/logo\/image\/"},"sameAs":["https:\/\/www.facebook.com\/Taisom.Gaminam"]}]}},"_links":{"self":[{"href":"https:\/\/www.taisomirgaminam.lt\/lt\/wp-json\/wp\/v2\/product\/945"}],"collection":[{"href":"https:\/\/www.taisomirgaminam.lt\/lt\/wp-json\/wp\/v2\/product"}],"about":[{"href":"https:\/\/www.taisomirgaminam.lt\/lt\/wp-json\/wp\/v2\/types\/product"}],"replies":[{"embeddable":true,"href":"https:\/\/www.taisomirgaminam.lt\/lt\/wp-json\/wp\/v2\/comments?post=945"}],"wp:featuredmedia":[{"embeddable":true,"href":"https:\/\/www.taisomirgaminam.lt\/lt\/wp-json\/wp\/v2\/media\/946"}],"wp:attachment":[{"href":"https:\/\/www.taisomirgaminam.lt\/lt\/wp-json\/wp\/v2\/media?parent=945"}],"wp:term":[{"taxonomy":"product_cat","embeddable":true,"href":"https:\/\/www.taisomirgaminam.lt\/lt\/wp-json\/wp\/v2\/product_cat?post=945"},{"taxonomy":"product_tag","embeddable":true,"href":"https:\/\/www.taisomirgaminam.lt\/lt\/wp-json\/wp\/v2\/product_tag?post=945"}],"curies":[{"name":"wp","href":"https:\/\/api.w.org\/{rel}","templated":true}]}}