{"id":937,"date":"2022-03-15T20:47:47","date_gmt":"2022-03-15T20:47:47","guid":{"rendered":"https:\/\/www.taisomirgaminam.lt\/?post_type=product&#038;p=937"},"modified":"2024-02-09T16:46:21","modified_gmt":"2024-02-09T16:46:21","slug":"silixcon-sl","status":"publish","type":"product","link":"https:\/\/www.taisomirgaminam.lt\/lt\/produktas\/silixcon-sl\/","title":{"rendered":"SiliXcon SL"},"content":{"rendered":"<p>Iki 84 V (20S li\u010dio baterija), iki 24,5 kW galios, iki 36 kW did\u017eiausios (peak) galios.<\/p>\n<p>SL yra ESC3 \u0161eimos valdiklis, jis gali tiekti maksimali\u0105 gali\u0105 ir i\u0161laikyti kuo ma\u017eesn\u012f svor\u012f. Jis gali b\u016bti naudojamas \u012fvairiose srityse, ypa\u010d pramon\u0117je ir automobili\u0173 pramon\u0117je. Naudojant moderniausias technologijas pasiekiama ekstremali dinamika, maksimalus efektyvumas, valdymas be jutikli\u0173 arba regeneracinis stabdymas, vis\u0173 r\u016b\u0161i\u0173 apsauga ar galvanin\u0117 izoliacija \u2013 visa tai su minimaliais matmenimis. SL valdiklis gali valdyti vis\u0173 \u012fprast\u0173 tip\u0173 elektros variklius.<\/p>\n<p>&nbsp;<\/p>\n<p>&nbsp;<\/p>\n<p><strong>Mes parduodame 1060 versij\u0105.<\/strong><\/p>\n<table id=\"tablepress-1\" class=\"tablepress tablepress-id-1\" style=\"height: 308px;\" width=\"633\" aria-describedby=\"tablepress-1-description\">\n<tbody class=\"row-hover\">\n<tr class=\"row-1\">\n<td class=\"column-1\"><strong>Power configuration<\/strong><\/td>\n<td class=\"column-2\"><strong>*0660<\/strong><\/td>\n<td class=\"column-3\"><strong>*0860<\/strong><\/td>\n<td class=\"column-4\"><strong>1060<\/strong><\/td>\n<\/tr>\n<tr class=\"row-2\">\n<td class=\"column-1\">Battery nominal voltage<\/td>\n<td class=\"column-2\">43 V DC<\/td>\n<td class=\"column-3\">58 V DC<\/td>\n<td class=\"column-4\">72 V DC<\/td>\n<\/tr>\n<tr class=\"row-3\">\n<td class=\"column-1\">Battery configuration<\/td>\n<td class=\"column-2\">12 S<\/td>\n<td class=\"column-3\">16 S<\/td>\n<td class=\"column-4\">20 S<\/td>\n<\/tr>\n<tr class=\"row-4\">\n<td class=\"column-1\">Min. operating voltage<\/td>\n<td class=\"column-2\">24 V DC<\/td>\n<td class=\"column-3\">24 V DC<\/td>\n<td class=\"column-4\">24 V DC<\/td>\n<\/tr>\n<tr class=\"row-5\">\n<td class=\"column-1\">Max. operating voltage<\/td>\n<td class=\"column-2\">51 V DC<\/td>\n<td class=\"column-3\">68 V DC<\/td>\n<td class=\"column-4\">84 V DC<\/td>\n<\/tr>\n<tr class=\"row-6\">\n<td class=\"column-1\">Nominal power (60min, BLDC)<\/td>\n<td class=\"column-2\">17 700 W<\/td>\n<td class=\"column-3\">21 300 W<\/td>\n<td class=\"column-4\">24 500 W<\/td>\n<\/tr>\n<tr class=\"row-7\">\n<td class=\"column-1\">Nominal current (60min, BLDC)<\/td>\n<td class=\"column-2\">410 A<\/td>\n<td class=\"column-3\">370 A<\/td>\n<td class=\"column-4\">340 A<\/td>\n<\/tr>\n<tr class=\"row-8\">\n<td class=\"column-1\">Power dissipation<\/td>\n<td class=\"column-2\">300 W\u00a0<sup>1<\/sup><\/td>\n<td class=\"column-3\">300 W\u00a0<sup>1<\/sup><\/td>\n<td class=\"column-4\">300 W\u00a0<sup>1<\/sup><\/td>\n<\/tr>\n<tr class=\"row-9\">\n<td class=\"column-1\">Peak power (10sec)<\/td>\n<td class=\"column-2\">25 900 W<\/td>\n<td class=\"column-3\">28 800 W<\/td>\n<td class=\"column-4\">36 000 W<\/td>\n<\/tr>\n<tr class=\"row-10\">\n<td class=\"column-1\">Peak current (10sec)<\/td>\n<td class=\"column-2\">600 A<\/td>\n<td class=\"column-3\">500 A<\/td>\n<td class=\"column-4\">500 A<\/td>\n<\/tr>\n<\/tbody>\n<\/table>\n<p>&nbsp;<\/p>\n<p><img decoding=\"async\" class=\"alignnone wp-image-938\" src=\"https:\/\/i0.wp.com\/www.taisomirgaminam.lt\/wp-content\/uploads\/2022\/03\/SiliXcon_SL_taisomirgaminam.lt_6-300x227.jpg?resize=511%2C387&#038;ssl=1\" alt=\"\" width=\"511\" height=\"387\" srcset=\"https:\/\/i0.wp.com\/www.taisomirgaminam.lt\/wp-content\/uploads\/2022\/03\/SiliXcon_SL_taisomirgaminam.lt_6.jpg?resize=300%2C227&amp;ssl=1 300w, https:\/\/i0.wp.com\/www.taisomirgaminam.lt\/wp-content\/uploads\/2022\/03\/SiliXcon_SL_taisomirgaminam.lt_6.jpg?resize=768%2C582&amp;ssl=1 768w, https:\/\/i0.wp.com\/www.taisomirgaminam.lt\/wp-content\/uploads\/2022\/03\/SiliXcon_SL_taisomirgaminam.lt_6.jpg?resize=16%2C12&amp;ssl=1 16w, https:\/\/i0.wp.com\/www.taisomirgaminam.lt\/wp-content\/uploads\/2022\/03\/SiliXcon_SL_taisomirgaminam.lt_6.jpg?resize=600%2C454&amp;ssl=1 600w, https:\/\/i0.wp.com\/www.taisomirgaminam.lt\/wp-content\/uploads\/2022\/03\/SiliXcon_SL_taisomirgaminam.lt_6.jpg?w=795&amp;ssl=1 795w\" sizes=\"(max-width: 511px) 100vw, 511px\" data-recalc-dims=\"1\" \/> <img decoding=\"async\" class=\"alignnone wp-image-939\" src=\"https:\/\/i0.wp.com\/www.taisomirgaminam.lt\/wp-content\/uploads\/2022\/03\/SiliXcon_SL_taisomirgaminam.lt_7-300x227.jpg?resize=523%2C395&#038;ssl=1\" alt=\"\" width=\"523\" height=\"395\" srcset=\"https:\/\/i0.wp.com\/www.taisomirgaminam.lt\/wp-content\/uploads\/2022\/03\/SiliXcon_SL_taisomirgaminam.lt_7.jpg?resize=300%2C227&amp;ssl=1 300w, https:\/\/i0.wp.com\/www.taisomirgaminam.lt\/wp-content\/uploads\/2022\/03\/SiliXcon_SL_taisomirgaminam.lt_7.jpg?resize=768%2C582&amp;ssl=1 768w, https:\/\/i0.wp.com\/www.taisomirgaminam.lt\/wp-content\/uploads\/2022\/03\/SiliXcon_SL_taisomirgaminam.lt_7.jpg?resize=16%2C12&amp;ssl=1 16w, https:\/\/i0.wp.com\/www.taisomirgaminam.lt\/wp-content\/uploads\/2022\/03\/SiliXcon_SL_taisomirgaminam.lt_7.jpg?resize=600%2C454&amp;ssl=1 600w, https:\/\/i0.wp.com\/www.taisomirgaminam.lt\/wp-content\/uploads\/2022\/03\/SiliXcon_SL_taisomirgaminam.lt_7.jpg?w=795&amp;ssl=1 795w\" sizes=\"(max-width: 523px) 100vw, 523px\" data-recalc-dims=\"1\" \/><\/p>\n","protected":false},"excerpt":{"rendered":"<div class=\"woocommerce-product-details__short-description\">\n<h4>Aplikacijos<\/h4>\n<ul>\n<li>Automobili\u0173 arba pramonini\u0173 varikli\u0173 valdymas<\/li>\n<li>Auk\u0161\u010diausios klas\u0117s sportiniai motociklai, elektroniniai dvira\u010diai, banglent\u0117s, paspirtukai.<\/li>\n<li>Degimo variklio paleidimo generatoriai<\/li>\n<li>Profesional\u016bs dronai, RC modeliai<\/li>\n<li>Tyrimai ir pl\u0117tra<\/li>\n<li>Servo valdymas<\/li>\n<\/ul>\n<\/div>\n","protected":false},"featured_media":940,"comment_status":"open","ping_status":"closed","template":"","meta":{"_mi_skip_tracking":false,"neve_meta_sidebar":"","neve_meta_container":"","neve_meta_enable_content_width":"off","neve_meta_content_width":70,"neve_meta_title_alignment":"","neve_meta_author_avatar":"","neve_post_elements_order":"","neve_meta_disable_header":"","neve_meta_disable_footer":"","neve_meta_disable_title":""},"product_cat":[66,74,73,33],"product_tag":[75,77],"aioseo_notices":[],"yoast_head":"<!-- This site is optimized with the Yoast SEO plugin v20.5 - https:\/\/yoast.com\/wordpress\/plugins\/seo\/ -->\n<title>SiliXcon SL - Taisom ir gaminam<\/title>\n<meta name=\"description\" content=\"Silixcon SL controller | ebike | electric bike | controller | hub motor | mid-drive motor | powerful | small | electric controller\" \/>\n<meta name=\"robots\" content=\"index, follow, max-snippet:-1, max-image-preview:large, max-video-preview:-1\" \/>\n<link rel=\"canonical\" href=\"https:\/\/www.taisomirgaminam.lt\/lt\/produktas\/silixcon-sl\/\" \/>\n<meta property=\"og:locale\" content=\"lt_LT\" \/>\n<meta property=\"og:type\" content=\"article\" \/>\n<meta property=\"og:title\" content=\"SiliXcon SL - Taisom ir gaminam\" \/>\n<meta property=\"og:description\" content=\"Silixcon SL controller | ebike | electric bike | controller | hub motor | mid-drive motor | powerful | small | electric controller\" \/>\n<meta property=\"og:url\" content=\"https:\/\/www.taisomirgaminam.lt\/lt\/produktas\/silixcon-sl\/\" \/>\n<meta property=\"og:site_name\" content=\"Taisom ir gaminam\" \/>\n<meta property=\"article:publisher\" content=\"https:\/\/www.facebook.com\/Taisom.Gaminam\" \/>\n<meta property=\"article:modified_time\" content=\"2024-02-09T16:46:21+00:00\" \/>\n<meta property=\"og:image\" content=\"https:\/\/i0.wp.com\/www.taisomirgaminam.lt\/wp-content\/uploads\/2022\/03\/SiliXcon_SL_taisomirgaminam.lt_.jpg?fit=1200%2C800&ssl=1\" \/>\n\t<meta property=\"og:image:width\" content=\"1200\" \/>\n\t<meta property=\"og:image:height\" content=\"800\" \/>\n\t<meta property=\"og:image:type\" content=\"image\/jpeg\" \/>\n<meta name=\"twitter:card\" content=\"summary_large_image\" \/>\n<meta name=\"twitter:label1\" content=\"Est. reading time\" \/>\n\t<meta name=\"twitter:data1\" content=\"2 minut\u0117s\" \/>\n<script type=\"application\/ld+json\" class=\"yoast-schema-graph\">{\"@context\":\"https:\/\/schema.org\",\"@graph\":[{\"@type\":\"WebPage\",\"@id\":\"https:\/\/www.taisomirgaminam.lt\/lt\/produktas\/silixcon-sl\/\",\"url\":\"https:\/\/www.taisomirgaminam.lt\/lt\/produktas\/silixcon-sl\/\",\"name\":\"SiliXcon SL - Taisom ir gaminam\",\"isPartOf\":{\"@id\":\"https:\/\/www.taisomirgaminam.lt\/lt\/#website\"},\"datePublished\":\"2022-03-15T20:47:47+00:00\",\"dateModified\":\"2024-02-09T16:46:21+00:00\",\"description\":\"Silixcon SL controller | ebike | electric bike | controller | hub motor | mid-drive motor | powerful | small | electric controller\",\"breadcrumb\":{\"@id\":\"https:\/\/www.taisomirgaminam.lt\/lt\/produktas\/silixcon-sl\/#breadcrumb\"},\"inLanguage\":\"lt-LT\",\"potentialAction\":[{\"@type\":\"ReadAction\",\"target\":[\"https:\/\/www.taisomirgaminam.lt\/lt\/produktas\/silixcon-sl\/\"]}]},{\"@type\":\"BreadcrumbList\",\"@id\":\"https:\/\/www.taisomirgaminam.lt\/lt\/produktas\/silixcon-sl\/#breadcrumb\",\"itemListElement\":[{\"@type\":\"ListItem\",\"position\":1,\"name\":\"Home\",\"item\":\"https:\/\/www.taisomirgaminam.lt\/lt\/\"},{\"@type\":\"ListItem\",\"position\":2,\"name\":\"Parduotuv\u0117\",\"item\":\"https:\/\/www.taisomirgaminam.lt\/lt\/parduotuve\/\"},{\"@type\":\"ListItem\",\"position\":3,\"name\":\"SiliXcon SL\"}]},{\"@type\":\"WebSite\",\"@id\":\"https:\/\/www.taisomirgaminam.lt\/lt\/#website\",\"url\":\"https:\/\/www.taisomirgaminam.lt\/lt\/\",\"name\":\"Taisom ir gaminam\",\"description\":\"\",\"publisher\":{\"@id\":\"https:\/\/www.taisomirgaminam.lt\/lt\/#organization\"},\"potentialAction\":[{\"@type\":\"SearchAction\",\"target\":{\"@type\":\"EntryPoint\",\"urlTemplate\":\"https:\/\/www.taisomirgaminam.lt\/lt\/?s={search_term_string}\"},\"query-input\":\"required name=search_term_string\"}],\"inLanguage\":\"lt-LT\"},{\"@type\":\"Organization\",\"@id\":\"https:\/\/www.taisomirgaminam.lt\/lt\/#organization\",\"name\":\"Taisom ir gaminam\",\"url\":\"https:\/\/www.taisomirgaminam.lt\/lt\/\",\"logo\":{\"@type\":\"ImageObject\",\"inLanguage\":\"lt-LT\",\"@id\":\"https:\/\/www.taisomirgaminam.lt\/lt\/#\/schema\/logo\/image\/\",\"url\":\"https:\/\/i1.wp.com\/www.taisomirgaminam.lt\/wp-content\/uploads\/2021\/01\/taisom-ir-gaminam-NEW.png?fit=500%2C500&ssl=1\",\"contentUrl\":\"https:\/\/i1.wp.com\/www.taisomirgaminam.lt\/wp-content\/uploads\/2021\/01\/taisom-ir-gaminam-NEW.png?fit=500%2C500&ssl=1\",\"width\":500,\"height\":500,\"caption\":\"Taisom ir gaminam\"},\"image\":{\"@id\":\"https:\/\/www.taisomirgaminam.lt\/lt\/#\/schema\/logo\/image\/\"},\"sameAs\":[\"https:\/\/www.facebook.com\/Taisom.Gaminam\"]}]}<\/script>\n<!-- \/ Yoast SEO plugin. -->","yoast_head_json":{"title":"SiliXcon SL - Taisom ir gaminam","description":"Silixcon SL controller | ebike | electric bike | controller | hub motor | mid-drive motor | powerful | small | electric controller","robots":{"index":"index","follow":"follow","max-snippet":"max-snippet:-1","max-image-preview":"max-image-preview:large","max-video-preview":"max-video-preview:-1"},"canonical":"https:\/\/www.taisomirgaminam.lt\/lt\/produktas\/silixcon-sl\/","og_locale":"lt_LT","og_type":"article","og_title":"SiliXcon SL - Taisom ir gaminam","og_description":"Silixcon SL controller | ebike | electric bike | controller | hub motor | mid-drive motor | powerful | small | electric controller","og_url":"https:\/\/www.taisomirgaminam.lt\/lt\/produktas\/silixcon-sl\/","og_site_name":"Taisom ir gaminam","article_publisher":"https:\/\/www.facebook.com\/Taisom.Gaminam","article_modified_time":"2024-02-09T16:46:21+00:00","og_image":[{"width":1200,"height":800,"url":"https:\/\/i0.wp.com\/www.taisomirgaminam.lt\/wp-content\/uploads\/2022\/03\/SiliXcon_SL_taisomirgaminam.lt_.jpg?fit=1200%2C800&ssl=1","type":"image\/jpeg"}],"twitter_card":"summary_large_image","twitter_misc":{"Est. reading time":"2 minut\u0117s"},"schema":{"@context":"https:\/\/schema.org","@graph":[{"@type":"WebPage","@id":"https:\/\/www.taisomirgaminam.lt\/lt\/produktas\/silixcon-sl\/","url":"https:\/\/www.taisomirgaminam.lt\/lt\/produktas\/silixcon-sl\/","name":"SiliXcon SL - Taisom ir gaminam","isPartOf":{"@id":"https:\/\/www.taisomirgaminam.lt\/lt\/#website"},"datePublished":"2022-03-15T20:47:47+00:00","dateModified":"2024-02-09T16:46:21+00:00","description":"Silixcon SL controller | ebike | electric bike | controller | hub motor | mid-drive motor | powerful | small | electric controller","breadcrumb":{"@id":"https:\/\/www.taisomirgaminam.lt\/lt\/produktas\/silixcon-sl\/#breadcrumb"},"inLanguage":"lt-LT","potentialAction":[{"@type":"ReadAction","target":["https:\/\/www.taisomirgaminam.lt\/lt\/produktas\/silixcon-sl\/"]}]},{"@type":"BreadcrumbList","@id":"https:\/\/www.taisomirgaminam.lt\/lt\/produktas\/silixcon-sl\/#breadcrumb","itemListElement":[{"@type":"ListItem","position":1,"name":"Home","item":"https:\/\/www.taisomirgaminam.lt\/lt\/"},{"@type":"ListItem","position":2,"name":"Parduotuv\u0117","item":"https:\/\/www.taisomirgaminam.lt\/lt\/parduotuve\/"},{"@type":"ListItem","position":3,"name":"SiliXcon SL"}]},{"@type":"WebSite","@id":"https:\/\/www.taisomirgaminam.lt\/lt\/#website","url":"https:\/\/www.taisomirgaminam.lt\/lt\/","name":"Taisom ir gaminam","description":"","publisher":{"@id":"https:\/\/www.taisomirgaminam.lt\/lt\/#organization"},"potentialAction":[{"@type":"SearchAction","target":{"@type":"EntryPoint","urlTemplate":"https:\/\/www.taisomirgaminam.lt\/lt\/?s={search_term_string}"},"query-input":"required name=search_term_string"}],"inLanguage":"lt-LT"},{"@type":"Organization","@id":"https:\/\/www.taisomirgaminam.lt\/lt\/#organization","name":"Taisom ir gaminam","url":"https:\/\/www.taisomirgaminam.lt\/lt\/","logo":{"@type":"ImageObject","inLanguage":"lt-LT","@id":"https:\/\/www.taisomirgaminam.lt\/lt\/#\/schema\/logo\/image\/","url":"https:\/\/i1.wp.com\/www.taisomirgaminam.lt\/wp-content\/uploads\/2021\/01\/taisom-ir-gaminam-NEW.png?fit=500%2C500&ssl=1","contentUrl":"https:\/\/i1.wp.com\/www.taisomirgaminam.lt\/wp-content\/uploads\/2021\/01\/taisom-ir-gaminam-NEW.png?fit=500%2C500&ssl=1","width":500,"height":500,"caption":"Taisom ir gaminam"},"image":{"@id":"https:\/\/www.taisomirgaminam.lt\/lt\/#\/schema\/logo\/image\/"},"sameAs":["https:\/\/www.facebook.com\/Taisom.Gaminam"]}]}},"_links":{"self":[{"href":"https:\/\/www.taisomirgaminam.lt\/lt\/wp-json\/wp\/v2\/product\/937"}],"collection":[{"href":"https:\/\/www.taisomirgaminam.lt\/lt\/wp-json\/wp\/v2\/product"}],"about":[{"href":"https:\/\/www.taisomirgaminam.lt\/lt\/wp-json\/wp\/v2\/types\/product"}],"replies":[{"embeddable":true,"href":"https:\/\/www.taisomirgaminam.lt\/lt\/wp-json\/wp\/v2\/comments?post=937"}],"wp:featuredmedia":[{"embeddable":true,"href":"https:\/\/www.taisomirgaminam.lt\/lt\/wp-json\/wp\/v2\/media\/940"}],"wp:attachment":[{"href":"https:\/\/www.taisomirgaminam.lt\/lt\/wp-json\/wp\/v2\/media?parent=937"}],"wp:term":[{"taxonomy":"product_cat","embeddable":true,"href":"https:\/\/www.taisomirgaminam.lt\/lt\/wp-json\/wp\/v2\/product_cat?post=937"},{"taxonomy":"product_tag","embeddable":true,"href":"https:\/\/www.taisomirgaminam.lt\/lt\/wp-json\/wp\/v2\/product_tag?post=937"}],"curies":[{"name":"wp","href":"https:\/\/api.w.org\/{rel}","templated":true}]}}