{"id":686,"date":"2021-04-21T18:51:23","date_gmt":"2021-04-21T18:51:23","guid":{"rendered":"https:\/\/www.taisomirgaminam.lt\/?post_type=product&#038;p=686"},"modified":"2021-04-21T18:56:57","modified_gmt":"2021-04-21T18:56:57","slug":"pakrovejas-126v","status":"publish","type":"product","link":"https:\/\/www.taisomirgaminam.lt\/lt\/produktas\/pakrovejas-126v\/","title":{"rendered":"Pakrov\u0117jas 12,6v"},"content":{"rendered":"<p>Pakrov\u0117jas tinkantis krauti elektrini\u0173 dvira\u010di\u0173 ir paspirtuk\u0173 akumuliatorius.<\/p>\n<p>&nbsp;<\/p>\n<ul>\n<li>\u012etampa &#8211; 12,6v.<\/li>\n<li>Galia &#8211; 4,5a.<\/li>\n<\/ul>\n<p>&nbsp;<\/p>\n<p>Pakrov\u0117jas turi integruot\u0105 led lemput\u0119, kuri indikuoja baterijos krovim\u0105 ar krovimo pabaig\u0105.<\/p>\n<p>Raudona lemput\u0117 &#8211; kraunasi.<\/p>\n<p>\u017dalia lemput\u0117 &#8211; pasikrov\u0117 arba pakrov\u0117jas dar neprijungtas prie baterijos.<\/p>\n<p>&nbsp;<\/p>\n<p>*Jungtis yra nurodyta paskutin\u0117je produkto nuotraukoje. Pagal u\u017esakym\u0105 galime pakeisti \u012f jums tinkan\u010di\u0105. D\u0117l \u0161ios paslaugos susisiekite per facebook &#8211;<strong><a href=\"https:\/\/www.facebook.com\/Taisom.Gaminam\"> taisom ir gaminam<\/a><\/strong> arba <strong>info<span class=\"\">@taisomirgaminam.lt<\/span><\/strong><\/p>\n","protected":false},"excerpt":{"rendered":"<p>Pakrov\u0117jas tinkantis krauti elektrini\u0173 dvira\u010di\u0173 ir paspirtuk\u0173 akumuliatorius. &nbsp; \u012etampa &#8211; 12,6v. Galia &#8211; 4,5a. &nbsp; Pakrov\u0117jas turi integruot\u0105 led lemput\u0119, kuri indikuoja baterijos krovim\u0105 ar krovimo pabaig\u0105. Raudona lemput\u0117 &#8211; kraunasi. \u017dalia lemput\u0117 &#8211; pasikrov\u0117 arba pakrov\u0117jas dar neprijungtas prie baterijos. &nbsp; *Jungtis yra nurodyta paskutin\u0117je produkto nuotraukoje. Pagal u\u017esakym\u0105 galime pakeisti \u012f jums&hellip;&nbsp;<a href=\"https:\/\/www.taisomirgaminam.lt\/lt\/produktas\/pakrovejas-126v\/\" class=\"\" rel=\"bookmark\">Read More &raquo;<span class=\"screen-reader-text\">Pakrov\u0117jas 12,6v<\/span><\/a><\/p>\n","protected":false},"featured_media":691,"comment_status":"open","ping_status":"closed","template":"","meta":{"_mi_skip_tracking":false,"neve_meta_sidebar":"","neve_meta_container":"","neve_meta_enable_content_width":"off","neve_meta_content_width":0,"neve_meta_title_alignment":"","neve_meta_author_avatar":"","neve_post_elements_order":"","neve_meta_disable_header":"","neve_meta_disable_footer":"","neve_meta_disable_title":""},"product_cat":[66,67],"product_tag":[39],"aioseo_notices":[],"yoast_head":"<!-- This site is optimized with the Yoast SEO plugin v20.5 - https:\/\/yoast.com\/wordpress\/plugins\/seo\/ -->\n<title>Pakrov\u0117jas 12,6v - Taisom ir gaminam<\/title>\n<meta name=\"description\" content=\"Pakrov\u0117jas tinkantis krauti elektrini\u0173 dvira\u010di\u0173 ir paspirtuk\u0173 akumuliatorius. \u012etampa - 12,6v. Galia - 4,5a.\" \/>\n<meta name=\"robots\" content=\"index, follow, max-snippet:-1, max-image-preview:large, max-video-preview:-1\" \/>\n<link rel=\"canonical\" href=\"http:\/\/www.taisomirgaminam.lt\/lt\/produktas\/pakrovejas-126v\/\" \/>\n<meta property=\"og:locale\" content=\"lt_LT\" \/>\n<meta property=\"og:type\" content=\"article\" \/>\n<meta property=\"og:title\" content=\"Pakrov\u0117jas 12,6v - Taisom ir gaminam\" \/>\n<meta property=\"og:description\" content=\"Pakrov\u0117jas tinkantis krauti elektrini\u0173 dvira\u010di\u0173 ir paspirtuk\u0173 akumuliatorius. \u012etampa - 12,6v. Galia - 4,5a.\" \/>\n<meta property=\"og:url\" content=\"http:\/\/www.taisomirgaminam.lt\/lt\/produktas\/pakrovejas-126v\/\" \/>\n<meta property=\"og:site_name\" content=\"Taisom ir gaminam\" \/>\n<meta property=\"article:publisher\" content=\"https:\/\/www.facebook.com\/Taisom.Gaminam\" \/>\n<meta property=\"article:modified_time\" content=\"2021-04-21T18:56:57+00:00\" \/>\n<meta property=\"og:image\" content=\"https:\/\/i0.wp.com\/www.taisomirgaminam.lt\/wp-content\/uploads\/2021\/04\/12v-4a-3.jpg?fit=750%2C750\" \/>\n\t<meta property=\"og:image:width\" content=\"750\" \/>\n\t<meta property=\"og:image:height\" content=\"750\" \/>\n\t<meta property=\"og:image:type\" content=\"image\/jpeg\" \/>\n<meta name=\"twitter:card\" content=\"summary_large_image\" \/>\n<meta name=\"twitter:label1\" content=\"Est. reading time\" \/>\n\t<meta name=\"twitter:data1\" content=\"1 minut\u0117\" \/>\n<script type=\"application\/ld+json\" class=\"yoast-schema-graph\">{\"@context\":\"https:\/\/schema.org\",\"@graph\":[{\"@type\":\"WebPage\",\"@id\":\"http:\/\/www.taisomirgaminam.lt\/lt\/produktas\/pakrovejas-126v\/\",\"url\":\"http:\/\/www.taisomirgaminam.lt\/lt\/produktas\/pakrovejas-126v\/\",\"name\":\"Pakrov\u0117jas 12,6v - Taisom ir gaminam\",\"isPartOf\":{\"@id\":\"https:\/\/www.taisomirgaminam.lt\/lt\/#website\"},\"datePublished\":\"2021-04-21T18:51:23+00:00\",\"dateModified\":\"2021-04-21T18:56:57+00:00\",\"description\":\"Pakrov\u0117jas tinkantis krauti elektrini\u0173 dvira\u010di\u0173 ir paspirtuk\u0173 akumuliatorius. \u012etampa - 12,6v. Galia - 4,5a.\",\"breadcrumb\":{\"@id\":\"http:\/\/www.taisomirgaminam.lt\/lt\/produktas\/pakrovejas-126v\/#breadcrumb\"},\"inLanguage\":\"lt-LT\",\"potentialAction\":[{\"@type\":\"ReadAction\",\"target\":[\"http:\/\/www.taisomirgaminam.lt\/lt\/produktas\/pakrovejas-126v\/\"]}]},{\"@type\":\"BreadcrumbList\",\"@id\":\"http:\/\/www.taisomirgaminam.lt\/lt\/produktas\/pakrovejas-126v\/#breadcrumb\",\"itemListElement\":[{\"@type\":\"ListItem\",\"position\":1,\"name\":\"Home\",\"item\":\"https:\/\/www.taisomirgaminam.lt\/lt\/\"},{\"@type\":\"ListItem\",\"position\":2,\"name\":\"Parduotuv\u0117\",\"item\":\"https:\/\/www.taisomirgaminam.lt\/lt\/parduotuve\/\"},{\"@type\":\"ListItem\",\"position\":3,\"name\":\"Pakrov\u0117jas 12,6v\"}]},{\"@type\":\"WebSite\",\"@id\":\"https:\/\/www.taisomirgaminam.lt\/lt\/#website\",\"url\":\"https:\/\/www.taisomirgaminam.lt\/lt\/\",\"name\":\"Taisom ir gaminam\",\"description\":\"\",\"publisher\":{\"@id\":\"https:\/\/www.taisomirgaminam.lt\/lt\/#organization\"},\"potentialAction\":[{\"@type\":\"SearchAction\",\"target\":{\"@type\":\"EntryPoint\",\"urlTemplate\":\"https:\/\/www.taisomirgaminam.lt\/lt\/?s={search_term_string}\"},\"query-input\":\"required name=search_term_string\"}],\"inLanguage\":\"lt-LT\"},{\"@type\":\"Organization\",\"@id\":\"https:\/\/www.taisomirgaminam.lt\/lt\/#organization\",\"name\":\"Taisom ir gaminam\",\"url\":\"https:\/\/www.taisomirgaminam.lt\/lt\/\",\"logo\":{\"@type\":\"ImageObject\",\"inLanguage\":\"lt-LT\",\"@id\":\"https:\/\/www.taisomirgaminam.lt\/lt\/#\/schema\/logo\/image\/\",\"url\":\"https:\/\/i1.wp.com\/www.taisomirgaminam.lt\/wp-content\/uploads\/2021\/01\/taisom-ir-gaminam-NEW.png?fit=500%2C500&ssl=1\",\"contentUrl\":\"https:\/\/i1.wp.com\/www.taisomirgaminam.lt\/wp-content\/uploads\/2021\/01\/taisom-ir-gaminam-NEW.png?fit=500%2C500&ssl=1\",\"width\":500,\"height\":500,\"caption\":\"Taisom ir gaminam\"},\"image\":{\"@id\":\"https:\/\/www.taisomirgaminam.lt\/lt\/#\/schema\/logo\/image\/\"},\"sameAs\":[\"https:\/\/www.facebook.com\/Taisom.Gaminam\"]}]}<\/script>\n<!-- \/ Yoast SEO plugin. -->","yoast_head_json":{"title":"Pakrov\u0117jas 12,6v - Taisom ir gaminam","description":"Pakrov\u0117jas tinkantis krauti elektrini\u0173 dvira\u010di\u0173 ir paspirtuk\u0173 akumuliatorius. \u012etampa - 12,6v. Galia - 4,5a.","robots":{"index":"index","follow":"follow","max-snippet":"max-snippet:-1","max-image-preview":"max-image-preview:large","max-video-preview":"max-video-preview:-1"},"canonical":"http:\/\/www.taisomirgaminam.lt\/lt\/produktas\/pakrovejas-126v\/","og_locale":"lt_LT","og_type":"article","og_title":"Pakrov\u0117jas 12,6v - Taisom ir gaminam","og_description":"Pakrov\u0117jas tinkantis krauti elektrini\u0173 dvira\u010di\u0173 ir paspirtuk\u0173 akumuliatorius. \u012etampa - 12,6v. Galia - 4,5a.","og_url":"http:\/\/www.taisomirgaminam.lt\/lt\/produktas\/pakrovejas-126v\/","og_site_name":"Taisom ir gaminam","article_publisher":"https:\/\/www.facebook.com\/Taisom.Gaminam","article_modified_time":"2021-04-21T18:56:57+00:00","og_image":[{"width":750,"height":750,"url":"https:\/\/i0.wp.com\/www.taisomirgaminam.lt\/wp-content\/uploads\/2021\/04\/12v-4a-3.jpg?fit=750%2C750","type":"image\/jpeg"}],"twitter_card":"summary_large_image","twitter_misc":{"Est. reading time":"1 minut\u0117"},"schema":{"@context":"https:\/\/schema.org","@graph":[{"@type":"WebPage","@id":"http:\/\/www.taisomirgaminam.lt\/lt\/produktas\/pakrovejas-126v\/","url":"http:\/\/www.taisomirgaminam.lt\/lt\/produktas\/pakrovejas-126v\/","name":"Pakrov\u0117jas 12,6v - Taisom ir gaminam","isPartOf":{"@id":"https:\/\/www.taisomirgaminam.lt\/lt\/#website"},"datePublished":"2021-04-21T18:51:23+00:00","dateModified":"2021-04-21T18:56:57+00:00","description":"Pakrov\u0117jas tinkantis krauti elektrini\u0173 dvira\u010di\u0173 ir paspirtuk\u0173 akumuliatorius. \u012etampa - 12,6v. Galia - 4,5a.","breadcrumb":{"@id":"http:\/\/www.taisomirgaminam.lt\/lt\/produktas\/pakrovejas-126v\/#breadcrumb"},"inLanguage":"lt-LT","potentialAction":[{"@type":"ReadAction","target":["http:\/\/www.taisomirgaminam.lt\/lt\/produktas\/pakrovejas-126v\/"]}]},{"@type":"BreadcrumbList","@id":"http:\/\/www.taisomirgaminam.lt\/lt\/produktas\/pakrovejas-126v\/#breadcrumb","itemListElement":[{"@type":"ListItem","position":1,"name":"Home","item":"https:\/\/www.taisomirgaminam.lt\/lt\/"},{"@type":"ListItem","position":2,"name":"Parduotuv\u0117","item":"https:\/\/www.taisomirgaminam.lt\/lt\/parduotuve\/"},{"@type":"ListItem","position":3,"name":"Pakrov\u0117jas 12,6v"}]},{"@type":"WebSite","@id":"https:\/\/www.taisomirgaminam.lt\/lt\/#website","url":"https:\/\/www.taisomirgaminam.lt\/lt\/","name":"Taisom ir gaminam","description":"","publisher":{"@id":"https:\/\/www.taisomirgaminam.lt\/lt\/#organization"},"potentialAction":[{"@type":"SearchAction","target":{"@type":"EntryPoint","urlTemplate":"https:\/\/www.taisomirgaminam.lt\/lt\/?s={search_term_string}"},"query-input":"required name=search_term_string"}],"inLanguage":"lt-LT"},{"@type":"Organization","@id":"https:\/\/www.taisomirgaminam.lt\/lt\/#organization","name":"Taisom ir gaminam","url":"https:\/\/www.taisomirgaminam.lt\/lt\/","logo":{"@type":"ImageObject","inLanguage":"lt-LT","@id":"https:\/\/www.taisomirgaminam.lt\/lt\/#\/schema\/logo\/image\/","url":"https:\/\/i1.wp.com\/www.taisomirgaminam.lt\/wp-content\/uploads\/2021\/01\/taisom-ir-gaminam-NEW.png?fit=500%2C500&ssl=1","contentUrl":"https:\/\/i1.wp.com\/www.taisomirgaminam.lt\/wp-content\/uploads\/2021\/01\/taisom-ir-gaminam-NEW.png?fit=500%2C500&ssl=1","width":500,"height":500,"caption":"Taisom ir gaminam"},"image":{"@id":"https:\/\/www.taisomirgaminam.lt\/lt\/#\/schema\/logo\/image\/"},"sameAs":["https:\/\/www.facebook.com\/Taisom.Gaminam"]}]}},"_links":{"self":[{"href":"https:\/\/www.taisomirgaminam.lt\/lt\/wp-json\/wp\/v2\/product\/686"}],"collection":[{"href":"https:\/\/www.taisomirgaminam.lt\/lt\/wp-json\/wp\/v2\/product"}],"about":[{"href":"https:\/\/www.taisomirgaminam.lt\/lt\/wp-json\/wp\/v2\/types\/product"}],"replies":[{"embeddable":true,"href":"https:\/\/www.taisomirgaminam.lt\/lt\/wp-json\/wp\/v2\/comments?post=686"}],"wp:featuredmedia":[{"embeddable":true,"href":"https:\/\/www.taisomirgaminam.lt\/lt\/wp-json\/wp\/v2\/media\/691"}],"wp:attachment":[{"href":"https:\/\/www.taisomirgaminam.lt\/lt\/wp-json\/wp\/v2\/media?parent=686"}],"wp:term":[{"taxonomy":"product_cat","embeddable":true,"href":"https:\/\/www.taisomirgaminam.lt\/lt\/wp-json\/wp\/v2\/product_cat?post=686"},{"taxonomy":"product_tag","embeddable":true,"href":"https:\/\/www.taisomirgaminam.lt\/lt\/wp-json\/wp\/v2\/product_tag?post=686"}],"curies":[{"name":"wp","href":"https:\/\/api.w.org\/{rel}","templated":true}]}}