{"id":659,"date":"2021-03-30T09:35:09","date_gmt":"2021-03-30T09:35:09","guid":{"rendered":"https:\/\/www.taisomirgaminam.lt\/?post_type=product&#038;p=659"},"modified":"2021-07-02T13:14:18","modified_gmt":"2021-07-02T13:14:18","slug":"xiaomi-ninebot-pakrovejas","status":"publish","type":"product","link":"https:\/\/www.taisomirgaminam.lt\/lt\/produktas\/xiaomi-ninebot-pakrovejas\/","title":{"rendered":"Xiaomi M365 ir Ninebot ES1- ES4 Pakrov\u0117jas 36v"},"content":{"rendered":"<p>Pakrov\u0117jas tinkantis krauti Xiaomi M365, M365 PRO, Ninebot ES1, ES2, ES3, ES4.<\/p>\n<p>&nbsp;<\/p>\n<ul>\n<li>\u012etampa &#8211; 36v.<\/li>\n<li>Galia &#8211; 2a.<\/li>\n<\/ul>\n<p>&nbsp;<\/p>\n<p>Pakrov\u0117jas turi integruot\u0105 led lemput\u0119, kuri indikuoja baterijos krovim\u0105 ar krovimo pabaig\u0105.<\/p>\n<p>Raudona lemput\u0117 &#8211; kraunasi.<\/p>\n<p>\u017dalia lemput\u0117 &#8211; pasikrov\u0117 arba pakrov\u0117jas dar neprijungtas prie baterijos.<\/p>\n<p>Pakrov\u0117jas n\u0117ra orginalus ta\u010diau jokios \u012ftakos krovimui neturi.<\/p>\n","protected":false},"excerpt":{"rendered":"<p>Pakrov\u0117jas tinkantis krauti Xiaomi M365, M365 PRO, Ninebot ES1, ES2, ES3, ES4. &nbsp; \u012etampa &#8211; 36v. Galia &#8211; 2a. &nbsp; Pakrov\u0117jas turi integruot\u0105 led lemput\u0119, kuri indikuoja baterijos krovim\u0105 ar krovimo pabaig\u0105. Raudona lemput\u0117 &#8211; kraunasi. \u017dalia lemput\u0117 &#8211; pasikrov\u0117 arba pakrov\u0117jas dar neprijungtas prie baterijos. Pakrov\u0117jas n\u0117ra orginalus ta\u010diau jokios \u012ftakos krovimui neturi.<\/p>\n","protected":false},"featured_media":660,"comment_status":"open","ping_status":"closed","template":"","meta":{"_mi_skip_tracking":false,"neve_meta_sidebar":"","neve_meta_container":"","neve_meta_enable_content_width":"off","neve_meta_content_width":0,"neve_meta_title_alignment":"","neve_meta_author_avatar":"","neve_post_elements_order":"","neve_meta_disable_header":"","neve_meta_disable_footer":"","neve_meta_disable_title":""},"product_cat":[66,67],"product_tag":[39],"aioseo_notices":[],"yoast_head":"<!-- This site is optimized with the Yoast SEO plugin v20.5 - https:\/\/yoast.com\/wordpress\/plugins\/seo\/ -->\n<title>Xiaomi M365 ir Ninebot ES1- ES4 Pakrov\u0117jas 36v - Taisom ir gaminam<\/title>\n<meta name=\"description\" content=\"Pakrov\u0117jas tinkantis krauti Xiaomi M365, M365 PRO, Ninebot ES1, ES2, ES3, ES4. \u012etampa - 36v.Galia - 2a.\" \/>\n<meta name=\"robots\" content=\"index, follow, max-snippet:-1, max-image-preview:large, max-video-preview:-1\" \/>\n<link rel=\"canonical\" href=\"https:\/\/www.taisomirgaminam.lt\/lt\/produktas\/xiaomi-ninebot-pakrovejas\/\" \/>\n<meta property=\"og:locale\" content=\"lt_LT\" \/>\n<meta property=\"og:type\" content=\"article\" \/>\n<meta property=\"og:title\" content=\"Xiaomi M365 ir Ninebot ES1- ES4 Pakrov\u0117jas 36v - Taisom ir gaminam\" \/>\n<meta property=\"og:description\" content=\"Pakrov\u0117jas tinkantis krauti Xiaomi M365, M365 PRO, Ninebot ES1, ES2, ES3, ES4. \u012etampa - 36v.Galia - 2a.\" \/>\n<meta property=\"og:url\" content=\"https:\/\/www.taisomirgaminam.lt\/lt\/produktas\/xiaomi-ninebot-pakrovejas\/\" \/>\n<meta property=\"og:site_name\" content=\"Taisom ir gaminam\" \/>\n<meta property=\"article:publisher\" content=\"https:\/\/www.facebook.com\/Taisom.Gaminam\" \/>\n<meta property=\"article:modified_time\" content=\"2021-07-02T13:14:18+00:00\" \/>\n<meta property=\"og:image\" content=\"https:\/\/i0.wp.com\/www.taisomirgaminam.lt\/wp-content\/uploads\/2021\/03\/xiaomi-crg.jpg?fit=787%2C790&ssl=1\" \/>\n\t<meta property=\"og:image:width\" content=\"787\" \/>\n\t<meta property=\"og:image:height\" content=\"790\" \/>\n\t<meta property=\"og:image:type\" content=\"image\/jpeg\" \/>\n<meta name=\"twitter:card\" content=\"summary_large_image\" \/>\n<meta name=\"twitter:label1\" content=\"Est. reading time\" \/>\n\t<meta name=\"twitter:data1\" content=\"1 minut\u0117\" \/>\n<script type=\"application\/ld+json\" class=\"yoast-schema-graph\">{\"@context\":\"https:\/\/schema.org\",\"@graph\":[{\"@type\":\"WebPage\",\"@id\":\"https:\/\/www.taisomirgaminam.lt\/lt\/produktas\/xiaomi-ninebot-pakrovejas\/\",\"url\":\"https:\/\/www.taisomirgaminam.lt\/lt\/produktas\/xiaomi-ninebot-pakrovejas\/\",\"name\":\"Xiaomi M365 ir Ninebot ES1- ES4 Pakrov\u0117jas 36v - Taisom ir gaminam\",\"isPartOf\":{\"@id\":\"https:\/\/www.taisomirgaminam.lt\/lt\/#website\"},\"datePublished\":\"2021-03-30T09:35:09+00:00\",\"dateModified\":\"2021-07-02T13:14:18+00:00\",\"description\":\"Pakrov\u0117jas tinkantis krauti Xiaomi M365, M365 PRO, Ninebot ES1, ES2, ES3, ES4. \u012etampa - 36v.Galia - 2a.\",\"breadcrumb\":{\"@id\":\"https:\/\/www.taisomirgaminam.lt\/lt\/produktas\/xiaomi-ninebot-pakrovejas\/#breadcrumb\"},\"inLanguage\":\"lt-LT\",\"potentialAction\":[{\"@type\":\"ReadAction\",\"target\":[\"https:\/\/www.taisomirgaminam.lt\/lt\/produktas\/xiaomi-ninebot-pakrovejas\/\"]}]},{\"@type\":\"BreadcrumbList\",\"@id\":\"https:\/\/www.taisomirgaminam.lt\/lt\/produktas\/xiaomi-ninebot-pakrovejas\/#breadcrumb\",\"itemListElement\":[{\"@type\":\"ListItem\",\"position\":1,\"name\":\"Home\",\"item\":\"https:\/\/www.taisomirgaminam.lt\/lt\/\"},{\"@type\":\"ListItem\",\"position\":2,\"name\":\"Parduotuv\u0117\",\"item\":\"https:\/\/www.taisomirgaminam.lt\/lt\/parduotuve\/\"},{\"@type\":\"ListItem\",\"position\":3,\"name\":\"Xiaomi M365 ir Ninebot ES1- ES4 Pakrov\u0117jas 36v\"}]},{\"@type\":\"WebSite\",\"@id\":\"https:\/\/www.taisomirgaminam.lt\/lt\/#website\",\"url\":\"https:\/\/www.taisomirgaminam.lt\/lt\/\",\"name\":\"Taisom ir gaminam\",\"description\":\"\",\"publisher\":{\"@id\":\"https:\/\/www.taisomirgaminam.lt\/lt\/#organization\"},\"potentialAction\":[{\"@type\":\"SearchAction\",\"target\":{\"@type\":\"EntryPoint\",\"urlTemplate\":\"https:\/\/www.taisomirgaminam.lt\/lt\/?s={search_term_string}\"},\"query-input\":\"required name=search_term_string\"}],\"inLanguage\":\"lt-LT\"},{\"@type\":\"Organization\",\"@id\":\"https:\/\/www.taisomirgaminam.lt\/lt\/#organization\",\"name\":\"Taisom ir gaminam\",\"url\":\"https:\/\/www.taisomirgaminam.lt\/lt\/\",\"logo\":{\"@type\":\"ImageObject\",\"inLanguage\":\"lt-LT\",\"@id\":\"https:\/\/www.taisomirgaminam.lt\/lt\/#\/schema\/logo\/image\/\",\"url\":\"https:\/\/i1.wp.com\/www.taisomirgaminam.lt\/wp-content\/uploads\/2021\/01\/taisom-ir-gaminam-NEW.png?fit=500%2C500&ssl=1\",\"contentUrl\":\"https:\/\/i1.wp.com\/www.taisomirgaminam.lt\/wp-content\/uploads\/2021\/01\/taisom-ir-gaminam-NEW.png?fit=500%2C500&ssl=1\",\"width\":500,\"height\":500,\"caption\":\"Taisom ir gaminam\"},\"image\":{\"@id\":\"https:\/\/www.taisomirgaminam.lt\/lt\/#\/schema\/logo\/image\/\"},\"sameAs\":[\"https:\/\/www.facebook.com\/Taisom.Gaminam\"]}]}<\/script>\n<!-- \/ Yoast SEO plugin. -->","yoast_head_json":{"title":"Xiaomi M365 ir Ninebot ES1- ES4 Pakrov\u0117jas 36v - Taisom ir gaminam","description":"Pakrov\u0117jas tinkantis krauti Xiaomi M365, M365 PRO, Ninebot ES1, ES2, ES3, ES4. \u012etampa - 36v.Galia - 2a.","robots":{"index":"index","follow":"follow","max-snippet":"max-snippet:-1","max-image-preview":"max-image-preview:large","max-video-preview":"max-video-preview:-1"},"canonical":"https:\/\/www.taisomirgaminam.lt\/lt\/produktas\/xiaomi-ninebot-pakrovejas\/","og_locale":"lt_LT","og_type":"article","og_title":"Xiaomi M365 ir Ninebot ES1- ES4 Pakrov\u0117jas 36v - Taisom ir gaminam","og_description":"Pakrov\u0117jas tinkantis krauti Xiaomi M365, M365 PRO, Ninebot ES1, ES2, ES3, ES4. \u012etampa - 36v.Galia - 2a.","og_url":"https:\/\/www.taisomirgaminam.lt\/lt\/produktas\/xiaomi-ninebot-pakrovejas\/","og_site_name":"Taisom ir gaminam","article_publisher":"https:\/\/www.facebook.com\/Taisom.Gaminam","article_modified_time":"2021-07-02T13:14:18+00:00","og_image":[{"width":787,"height":790,"url":"https:\/\/i0.wp.com\/www.taisomirgaminam.lt\/wp-content\/uploads\/2021\/03\/xiaomi-crg.jpg?fit=787%2C790&ssl=1","type":"image\/jpeg"}],"twitter_card":"summary_large_image","twitter_misc":{"Est. reading time":"1 minut\u0117"},"schema":{"@context":"https:\/\/schema.org","@graph":[{"@type":"WebPage","@id":"https:\/\/www.taisomirgaminam.lt\/lt\/produktas\/xiaomi-ninebot-pakrovejas\/","url":"https:\/\/www.taisomirgaminam.lt\/lt\/produktas\/xiaomi-ninebot-pakrovejas\/","name":"Xiaomi M365 ir Ninebot ES1- ES4 Pakrov\u0117jas 36v - Taisom ir gaminam","isPartOf":{"@id":"https:\/\/www.taisomirgaminam.lt\/lt\/#website"},"datePublished":"2021-03-30T09:35:09+00:00","dateModified":"2021-07-02T13:14:18+00:00","description":"Pakrov\u0117jas tinkantis krauti Xiaomi M365, M365 PRO, Ninebot ES1, ES2, ES3, ES4. \u012etampa - 36v.Galia - 2a.","breadcrumb":{"@id":"https:\/\/www.taisomirgaminam.lt\/lt\/produktas\/xiaomi-ninebot-pakrovejas\/#breadcrumb"},"inLanguage":"lt-LT","potentialAction":[{"@type":"ReadAction","target":["https:\/\/www.taisomirgaminam.lt\/lt\/produktas\/xiaomi-ninebot-pakrovejas\/"]}]},{"@type":"BreadcrumbList","@id":"https:\/\/www.taisomirgaminam.lt\/lt\/produktas\/xiaomi-ninebot-pakrovejas\/#breadcrumb","itemListElement":[{"@type":"ListItem","position":1,"name":"Home","item":"https:\/\/www.taisomirgaminam.lt\/lt\/"},{"@type":"ListItem","position":2,"name":"Parduotuv\u0117","item":"https:\/\/www.taisomirgaminam.lt\/lt\/parduotuve\/"},{"@type":"ListItem","position":3,"name":"Xiaomi M365 ir Ninebot ES1- ES4 Pakrov\u0117jas 36v"}]},{"@type":"WebSite","@id":"https:\/\/www.taisomirgaminam.lt\/lt\/#website","url":"https:\/\/www.taisomirgaminam.lt\/lt\/","name":"Taisom ir gaminam","description":"","publisher":{"@id":"https:\/\/www.taisomirgaminam.lt\/lt\/#organization"},"potentialAction":[{"@type":"SearchAction","target":{"@type":"EntryPoint","urlTemplate":"https:\/\/www.taisomirgaminam.lt\/lt\/?s={search_term_string}"},"query-input":"required name=search_term_string"}],"inLanguage":"lt-LT"},{"@type":"Organization","@id":"https:\/\/www.taisomirgaminam.lt\/lt\/#organization","name":"Taisom ir gaminam","url":"https:\/\/www.taisomirgaminam.lt\/lt\/","logo":{"@type":"ImageObject","inLanguage":"lt-LT","@id":"https:\/\/www.taisomirgaminam.lt\/lt\/#\/schema\/logo\/image\/","url":"https:\/\/i1.wp.com\/www.taisomirgaminam.lt\/wp-content\/uploads\/2021\/01\/taisom-ir-gaminam-NEW.png?fit=500%2C500&ssl=1","contentUrl":"https:\/\/i1.wp.com\/www.taisomirgaminam.lt\/wp-content\/uploads\/2021\/01\/taisom-ir-gaminam-NEW.png?fit=500%2C500&ssl=1","width":500,"height":500,"caption":"Taisom ir gaminam"},"image":{"@id":"https:\/\/www.taisomirgaminam.lt\/lt\/#\/schema\/logo\/image\/"},"sameAs":["https:\/\/www.facebook.com\/Taisom.Gaminam"]}]}},"_links":{"self":[{"href":"https:\/\/www.taisomirgaminam.lt\/lt\/wp-json\/wp\/v2\/product\/659"}],"collection":[{"href":"https:\/\/www.taisomirgaminam.lt\/lt\/wp-json\/wp\/v2\/product"}],"about":[{"href":"https:\/\/www.taisomirgaminam.lt\/lt\/wp-json\/wp\/v2\/types\/product"}],"replies":[{"embeddable":true,"href":"https:\/\/www.taisomirgaminam.lt\/lt\/wp-json\/wp\/v2\/comments?post=659"}],"wp:featuredmedia":[{"embeddable":true,"href":"https:\/\/www.taisomirgaminam.lt\/lt\/wp-json\/wp\/v2\/media\/660"}],"wp:attachment":[{"href":"https:\/\/www.taisomirgaminam.lt\/lt\/wp-json\/wp\/v2\/media?parent=659"}],"wp:term":[{"taxonomy":"product_cat","embeddable":true,"href":"https:\/\/www.taisomirgaminam.lt\/lt\/wp-json\/wp\/v2\/product_cat?post=659"},{"taxonomy":"product_tag","embeddable":true,"href":"https:\/\/www.taisomirgaminam.lt\/lt\/wp-json\/wp\/v2\/product_tag?post=659"}],"curies":[{"name":"wp","href":"https:\/\/api.w.org\/{rel}","templated":true}]}}