{"id":589,"date":"2021-03-27T20:08:52","date_gmt":"2021-03-27T20:08:52","guid":{"rendered":"https:\/\/www.taisomirgaminam.lt\/?post_type=product&#038;p=589"},"modified":"2024-03-10T20:06:23","modified_gmt":"2024-03-10T20:06:23","slug":"asi-bac-855-pp-inokim-oxo","status":"publish","type":"product","link":"https:\/\/www.taisomirgaminam.lt\/lt\/produktas\/asi-bac-855-pp-inokim-oxo\/","title":{"rendered":"ASI BAC 855 P&#038;P INOKIM OXO"},"content":{"rendered":"<p>ASI BAC 855 \u201eplug and play\u201d arba kitaip pasijungei ir naudoji versija.<\/p>\n<p>Mes paruo\u0161ime naujuosius valdiklius taip, jog nereik\u0117s nei lituoti, nei k\u0105 nors perdarin\u0117ti. Visos jungtys sutampa.<\/p>\n<p>Papras\u010diausiai atsidarysite paspirtuko apa\u010di\u0105, i\u0161imsite senus ir pakeisite naujaisiais valdikliais.<\/p>\n<p>\u0160ie du ASI BAC 855 valdikliai gali b\u016bti naudojami su Inokim OXO paspirtuk\u0173. Norint i\u0161naudoti vis\u0105 valdikli\u0173 atiduodam\u0105 gali\u0105 privaloma pasikeisti baterij\u0105, kuri gal\u0117tu atiduoti bent 160a.<\/p>\n<p>&nbsp;<\/p>\n<p>Prie\u0161 pirkdami, turite nurodyti kokia baterij\u0105 naudojate:<\/p>\n<p>1 variantas \u2013 originali Inokim oxo 60v. 25,6ah. (valdikliai bus sukonfig\u016bruoti 2x 106a ir 1500w = 3000w).<\/p>\n<p>2 variantas \u2013 originali Inokim oxo 60v. 25,6ah. su BMS ap\u0117jimo funkcija, ta\u010diau tai yra rizikinga i\u0161krauti baterij\u0105 per daug (valdikliai bus sukonfig\u016bruoti 2x 106a ir 2100w = 4100w).<\/p>\n<p>3 variantas \u2013 60v., pagal u\u017esakym\u0105 gaminta, galinti atiduoti 160a. (valdikliai bus sukonfig\u016bruoti 2x 106a ir 6250w = 12 500w).<\/p>\n<p>4 variantas \u2013 72v., pagal u\u017esakym\u0105 gaminta, galinti atiduoti 160a. (valdikliai bus sukonfig\u016bruoti 2x 106a ir 7500w = 15 000w).<\/p>\n<p>&nbsp;<\/p>\n<p>Maksimalus greitis su 72v baterija padid\u0117ja net iki ~137km\/h (testuota su 67kg \u017emogumi).<\/p>\n<p>&nbsp;<\/p>\n<p>Originali\u0173 stabd\u017ei\u0173 davikliai bus nebenaudojami.<\/p>\n<p>Kartu si\u016blome \u012fsigyti varikliam\u00a0 aliumin\u012f radiatori\u0173.<\/p>\n<p>Variklio radiatorius \u2013 padidina kaitinimo plot\u0105 ant variklio bei besisukdamas pu\u010dia v\u0117j\u0105 taip au\u0161indamas varikl\u012f.<\/p>\n<p>&nbsp;<\/p>\n<p>Variklio au\u0161inimo pasirinkimai:<\/p>\n<p>2 Variantas \u2013 aliuminis radiatorius (oran\u017ein\u0117 spalva).<\/p>\n<p>3 Variantas \u2013 aliuminis radiatorius (juoda spalva).<\/p>\n<p>NONE \u2013 variklio au\u0161inimo reikmen\u0173 nereikia.<\/p>\n<p>&nbsp;<\/p>\n<iframe  id=\"_ytid_40945\"  width=\"1200\" height=\"675\"  data-origwidth=\"1200\" data-origheight=\"675\"  data-relstop=\"1\" src=\"https:\/\/www.youtube.com\/embed\/oSxC_YxsHpE?enablejsapi=1&autoplay=0&cc_load_policy=0&cc_lang_pref=&iv_load_policy=1&loop=0&modestbranding=0&rel=0&fs=1&playsinline=1&autohide=2&theme=dark&color=red&controls=1&\" class=\"__youtube_prefs__  no-lazyload\" title=\"YouTube player\"  allow=\"accelerometer; autoplay; clipboard-write; encrypted-media; gyroscope; picture-in-picture\" allowfullscreen data-no-lazy=\"1\" data-skipgform_ajax_framebjll=\"\"><\/iframe>\n","protected":false},"excerpt":{"rendered":"<p>ASI BAC 855 \u201eplug and play\u201d arba kitaip pasijungei ir naudoji versija. Mes paruo\u0161ime naujuosius valdiklius taip, jog nereik\u0117s nei lituoti, nei k\u0105 nors perdarin\u0117ti. Visos jungtys sutampa. Papras\u010diausiai atsidarysite paspirtuko apa\u010di\u0105, i\u0161imsite senus ir pakeisite naujaisiais valdikliais. \u0160ie du ASI BAC 855 valdikliai gali b\u016bti naudojami su Inokim OXO paspirtuk\u0173. Norint i\u0161naudoti vis\u0105 valdikli\u0173&hellip;&nbsp;<a href=\"https:\/\/www.taisomirgaminam.lt\/lt\/produktas\/asi-bac-855-pp-inokim-oxo\/\" class=\"\" rel=\"bookmark\">Read More &raquo;<span class=\"screen-reader-text\">ASI BAC 855 P&#038;P INOKIM OXO<\/span><\/a><\/p>\n","protected":false},"featured_media":602,"comment_status":"open","ping_status":"closed","template":"","meta":{"_mi_skip_tracking":false,"neve_meta_sidebar":"","neve_meta_container":"","neve_meta_enable_content_width":"off","neve_meta_content_width":70,"neve_meta_title_alignment":"","neve_meta_author_avatar":"","neve_post_elements_order":"","neve_meta_disable_header":"","neve_meta_disable_footer":"","neve_meta_disable_title":""},"product_cat":[66,33,59],"product_tag":[34,37],"aioseo_notices":[],"yoast_head":"<!-- This site is optimized with the Yoast SEO plugin v20.5 - https:\/\/yoast.com\/wordpress\/plugins\/seo\/ -->\n<title>ASI BAC 855 P&amp;P INOKIM OXO UPGRADE - Taisom ir gaminam<\/title>\n<meta name=\"description\" content=\"ASI BAC 855 Plug and play version for inokim ox \/ oxo scooters - upgrade kit | increase speed | bigger power | 0 km\/h start | new controller\" \/>\n<meta name=\"robots\" content=\"index, follow, max-snippet:-1, max-image-preview:large, max-video-preview:-1\" \/>\n<link rel=\"canonical\" href=\"https:\/\/www.taisomirgaminam.lt\/lt\/produktas\/asi-bac-855-pp-inokim-oxo\/\" \/>\n<meta property=\"og:locale\" content=\"lt_LT\" \/>\n<meta property=\"og:type\" content=\"article\" \/>\n<meta property=\"og:title\" content=\"ASI BAC 855 P&amp;P INOKIM OXO UPGRADE - Taisom ir gaminam\" \/>\n<meta property=\"og:description\" content=\"ASI BAC 855 Plug and play version for inokim ox \/ oxo scooters - upgrade kit | increase speed | bigger power | 0 km\/h start | new controller\" \/>\n<meta property=\"og:url\" content=\"https:\/\/www.taisomirgaminam.lt\/lt\/produktas\/asi-bac-855-pp-inokim-oxo\/\" \/>\n<meta property=\"og:site_name\" content=\"Taisom ir gaminam\" \/>\n<meta property=\"article:publisher\" content=\"https:\/\/www.facebook.com\/Taisom.Gaminam\" \/>\n<meta property=\"article:modified_time\" content=\"2024-03-10T20:06:23+00:00\" \/>\n<meta property=\"og:image\" content=\"https:\/\/i0.wp.com\/www.taisomirgaminam.lt\/wp-content\/uploads\/2021\/03\/oxo-pnp-scaled.jpg?fit=2560%2C1920&ssl=1\" \/>\n\t<meta property=\"og:image:width\" content=\"2560\" \/>\n\t<meta property=\"og:image:height\" content=\"1920\" \/>\n\t<meta property=\"og:image:type\" content=\"image\/jpeg\" \/>\n<meta name=\"twitter:card\" content=\"summary_large_image\" \/>\n<meta name=\"twitter:label1\" content=\"Est. reading time\" \/>\n\t<meta name=\"twitter:data1\" content=\"2 minut\u0117s\" \/>\n<script type=\"application\/ld+json\" class=\"yoast-schema-graph\">{\"@context\":\"https:\/\/schema.org\",\"@graph\":[{\"@type\":\"WebPage\",\"@id\":\"https:\/\/www.taisomirgaminam.lt\/lt\/produktas\/asi-bac-855-pp-inokim-oxo\/\",\"url\":\"https:\/\/www.taisomirgaminam.lt\/lt\/produktas\/asi-bac-855-pp-inokim-oxo\/\",\"name\":\"ASI BAC 855 P&P INOKIM OXO UPGRADE - Taisom ir gaminam\",\"isPartOf\":{\"@id\":\"https:\/\/www.taisomirgaminam.lt\/lt\/#website\"},\"datePublished\":\"2021-03-27T20:08:52+00:00\",\"dateModified\":\"2024-03-10T20:06:23+00:00\",\"description\":\"ASI BAC 855 Plug and play version for inokim ox \/ oxo scooters - upgrade kit | increase speed | bigger power | 0 km\/h start | new controller\",\"breadcrumb\":{\"@id\":\"https:\/\/www.taisomirgaminam.lt\/lt\/produktas\/asi-bac-855-pp-inokim-oxo\/#breadcrumb\"},\"inLanguage\":\"lt-LT\",\"potentialAction\":[{\"@type\":\"ReadAction\",\"target\":[\"https:\/\/www.taisomirgaminam.lt\/lt\/produktas\/asi-bac-855-pp-inokim-oxo\/\"]}]},{\"@type\":\"BreadcrumbList\",\"@id\":\"https:\/\/www.taisomirgaminam.lt\/lt\/produktas\/asi-bac-855-pp-inokim-oxo\/#breadcrumb\",\"itemListElement\":[{\"@type\":\"ListItem\",\"position\":1,\"name\":\"Home\",\"item\":\"https:\/\/www.taisomirgaminam.lt\/lt\/\"},{\"@type\":\"ListItem\",\"position\":2,\"name\":\"Parduotuv\u0117\",\"item\":\"https:\/\/www.taisomirgaminam.lt\/lt\/parduotuve\/\"},{\"@type\":\"ListItem\",\"position\":3,\"name\":\"ASI BAC 855 P&#038;P INOKIM OXO\"}]},{\"@type\":\"WebSite\",\"@id\":\"https:\/\/www.taisomirgaminam.lt\/lt\/#website\",\"url\":\"https:\/\/www.taisomirgaminam.lt\/lt\/\",\"name\":\"Taisom ir gaminam\",\"description\":\"\",\"publisher\":{\"@id\":\"https:\/\/www.taisomirgaminam.lt\/lt\/#organization\"},\"potentialAction\":[{\"@type\":\"SearchAction\",\"target\":{\"@type\":\"EntryPoint\",\"urlTemplate\":\"https:\/\/www.taisomirgaminam.lt\/lt\/?s={search_term_string}\"},\"query-input\":\"required name=search_term_string\"}],\"inLanguage\":\"lt-LT\"},{\"@type\":\"Organization\",\"@id\":\"https:\/\/www.taisomirgaminam.lt\/lt\/#organization\",\"name\":\"Taisom ir gaminam\",\"url\":\"https:\/\/www.taisomirgaminam.lt\/lt\/\",\"logo\":{\"@type\":\"ImageObject\",\"inLanguage\":\"lt-LT\",\"@id\":\"https:\/\/www.taisomirgaminam.lt\/lt\/#\/schema\/logo\/image\/\",\"url\":\"https:\/\/i1.wp.com\/www.taisomirgaminam.lt\/wp-content\/uploads\/2021\/01\/taisom-ir-gaminam-NEW.png?fit=500%2C500&ssl=1\",\"contentUrl\":\"https:\/\/i1.wp.com\/www.taisomirgaminam.lt\/wp-content\/uploads\/2021\/01\/taisom-ir-gaminam-NEW.png?fit=500%2C500&ssl=1\",\"width\":500,\"height\":500,\"caption\":\"Taisom ir gaminam\"},\"image\":{\"@id\":\"https:\/\/www.taisomirgaminam.lt\/lt\/#\/schema\/logo\/image\/\"},\"sameAs\":[\"https:\/\/www.facebook.com\/Taisom.Gaminam\"]}]}<\/script>\n<!-- \/ Yoast SEO plugin. -->","yoast_head_json":{"title":"ASI BAC 855 P&P INOKIM OXO UPGRADE - Taisom ir gaminam","description":"ASI BAC 855 Plug and play version for inokim ox \/ oxo scooters - upgrade kit | increase speed | bigger power | 0 km\/h start | new controller","robots":{"index":"index","follow":"follow","max-snippet":"max-snippet:-1","max-image-preview":"max-image-preview:large","max-video-preview":"max-video-preview:-1"},"canonical":"https:\/\/www.taisomirgaminam.lt\/lt\/produktas\/asi-bac-855-pp-inokim-oxo\/","og_locale":"lt_LT","og_type":"article","og_title":"ASI BAC 855 P&P INOKIM OXO UPGRADE - Taisom ir gaminam","og_description":"ASI BAC 855 Plug and play version for inokim ox \/ oxo scooters - upgrade kit | increase speed | bigger power | 0 km\/h start | new controller","og_url":"https:\/\/www.taisomirgaminam.lt\/lt\/produktas\/asi-bac-855-pp-inokim-oxo\/","og_site_name":"Taisom ir gaminam","article_publisher":"https:\/\/www.facebook.com\/Taisom.Gaminam","article_modified_time":"2024-03-10T20:06:23+00:00","og_image":[{"width":"2560","height":"1920","url":"https:\/\/i0.wp.com\/www.taisomirgaminam.lt\/wp-content\/uploads\/2021\/03\/oxo-pnp-scaled.jpg?fit=2560%2C1920&ssl=1","type":"image\/jpeg"}],"twitter_card":"summary_large_image","twitter_misc":{"Est. reading time":"2 minut\u0117s"},"schema":{"@context":"https:\/\/schema.org","@graph":[{"@type":"WebPage","@id":"https:\/\/www.taisomirgaminam.lt\/lt\/produktas\/asi-bac-855-pp-inokim-oxo\/","url":"https:\/\/www.taisomirgaminam.lt\/lt\/produktas\/asi-bac-855-pp-inokim-oxo\/","name":"ASI BAC 855 P&P INOKIM OXO UPGRADE - Taisom ir gaminam","isPartOf":{"@id":"https:\/\/www.taisomirgaminam.lt\/lt\/#website"},"datePublished":"2021-03-27T20:08:52+00:00","dateModified":"2024-03-10T20:06:23+00:00","description":"ASI BAC 855 Plug and play version for inokim ox \/ oxo scooters - upgrade kit | increase speed | bigger power | 0 km\/h start | new controller","breadcrumb":{"@id":"https:\/\/www.taisomirgaminam.lt\/lt\/produktas\/asi-bac-855-pp-inokim-oxo\/#breadcrumb"},"inLanguage":"lt-LT","potentialAction":[{"@type":"ReadAction","target":["https:\/\/www.taisomirgaminam.lt\/lt\/produktas\/asi-bac-855-pp-inokim-oxo\/"]}]},{"@type":"BreadcrumbList","@id":"https:\/\/www.taisomirgaminam.lt\/lt\/produktas\/asi-bac-855-pp-inokim-oxo\/#breadcrumb","itemListElement":[{"@type":"ListItem","position":1,"name":"Home","item":"https:\/\/www.taisomirgaminam.lt\/lt\/"},{"@type":"ListItem","position":2,"name":"Parduotuv\u0117","item":"https:\/\/www.taisomirgaminam.lt\/lt\/parduotuve\/"},{"@type":"ListItem","position":3,"name":"ASI BAC 855 P&#038;P INOKIM OXO"}]},{"@type":"WebSite","@id":"https:\/\/www.taisomirgaminam.lt\/lt\/#website","url":"https:\/\/www.taisomirgaminam.lt\/lt\/","name":"Taisom ir gaminam","description":"","publisher":{"@id":"https:\/\/www.taisomirgaminam.lt\/lt\/#organization"},"potentialAction":[{"@type":"SearchAction","target":{"@type":"EntryPoint","urlTemplate":"https:\/\/www.taisomirgaminam.lt\/lt\/?s={search_term_string}"},"query-input":"required name=search_term_string"}],"inLanguage":"lt-LT"},{"@type":"Organization","@id":"https:\/\/www.taisomirgaminam.lt\/lt\/#organization","name":"Taisom ir gaminam","url":"https:\/\/www.taisomirgaminam.lt\/lt\/","logo":{"@type":"ImageObject","inLanguage":"lt-LT","@id":"https:\/\/www.taisomirgaminam.lt\/lt\/#\/schema\/logo\/image\/","url":"https:\/\/i1.wp.com\/www.taisomirgaminam.lt\/wp-content\/uploads\/2021\/01\/taisom-ir-gaminam-NEW.png?fit=500%2C500&ssl=1","contentUrl":"https:\/\/i1.wp.com\/www.taisomirgaminam.lt\/wp-content\/uploads\/2021\/01\/taisom-ir-gaminam-NEW.png?fit=500%2C500&ssl=1","width":500,"height":500,"caption":"Taisom ir gaminam"},"image":{"@id":"https:\/\/www.taisomirgaminam.lt\/lt\/#\/schema\/logo\/image\/"},"sameAs":["https:\/\/www.facebook.com\/Taisom.Gaminam"]}]}},"_links":{"self":[{"href":"https:\/\/www.taisomirgaminam.lt\/lt\/wp-json\/wp\/v2\/product\/589"}],"collection":[{"href":"https:\/\/www.taisomirgaminam.lt\/lt\/wp-json\/wp\/v2\/product"}],"about":[{"href":"https:\/\/www.taisomirgaminam.lt\/lt\/wp-json\/wp\/v2\/types\/product"}],"replies":[{"embeddable":true,"href":"https:\/\/www.taisomirgaminam.lt\/lt\/wp-json\/wp\/v2\/comments?post=589"}],"wp:featuredmedia":[{"embeddable":true,"href":"https:\/\/www.taisomirgaminam.lt\/lt\/wp-json\/wp\/v2\/media\/602"}],"wp:attachment":[{"href":"https:\/\/www.taisomirgaminam.lt\/lt\/wp-json\/wp\/v2\/media?parent=589"}],"wp:term":[{"taxonomy":"product_cat","embeddable":true,"href":"https:\/\/www.taisomirgaminam.lt\/lt\/wp-json\/wp\/v2\/product_cat?post=589"},{"taxonomy":"product_tag","embeddable":true,"href":"https:\/\/www.taisomirgaminam.lt\/lt\/wp-json\/wp\/v2\/product_tag?post=589"}],"curies":[{"name":"wp","href":"https:\/\/api.w.org\/{rel}","templated":true}]}}