{"id":501,"date":"2021-03-12T07:06:29","date_gmt":"2021-03-12T07:06:29","guid":{"rendered":"https:\/\/www.taisomirgaminam.lt\/?post_type=product&#038;p=501"},"modified":"2022-09-23T20:09:53","modified_gmt":"2022-09-23T20:09:53","slug":"tesla-panasonic-3000mah","status":"publish","type":"product","link":"https:\/\/www.taisomirgaminam.lt\/lt\/produktas\/tesla-panasonic-3000mah\/","title":{"rendered":"Tesla \/ Panasonic\u00a03000mAh"},"content":{"rendered":"<p>Tesla \/ Panasonic<\/p>\n<p>&nbsp;<\/p>\n<p>Maksimali krovimo \u012ftampa 4.2 V<\/p>\n<p>Minimali i\u0161krovimo \u012ftampa 2.5 <span class=\"gUnit\">V<\/span><\/p>\n<p>Stov\u0117jimo r\u0117\u017eimo \u012ftampa\u00a03.6\u00a0<span class=\"gUnit\">V<\/span><\/p>\n<p>&nbsp;<\/p>\n<p>Svoris: ~45g<\/p>\n<p>&nbsp;<\/p>\n<p>&nbsp;<\/p>\n","protected":false},"excerpt":{"rendered":"<table id=\"product-attribute-specs-table\" class=\"data-table\">\n<tbody>\n<tr class=\"even\">\n<th class=\"label\">Firma:<\/th>\n<td class=\"data last\">\u00a0Tesla \/ Panasonic<\/td>\n<\/tr>\n<tr class=\"odd\">\n<th class=\"label\">Baterijos dydis:<\/th>\n<td class=\"data last\">\u00a018650<\/td>\n<\/tr>\n<tr class=\"even\">\n<th class=\"label\">Baterijos chemija (tipas):<\/th>\n<td class=\"data last\">\u00a0Li-ion<\/td>\n<\/tr>\n<tr class=\"odd\">\n<th class=\"label\">Baterija:<\/th>\n<td class=\"data last\">\u00a0Pakraunama<\/td>\n<\/tr>\n<tr class=\"even\">\n<th class=\"label\">\u012etampa<\/th>\n<td class=\"data last\">\u00a03.6V<\/td>\n<\/tr>\n<tr class=\"odd\">\n<th class=\"label\">Talpa (mAh):<\/th>\n<td class=\"data last\"><span class=\"price\">3,000.00<\/span><\/td>\n<\/tr>\n<tr class=\"even\">\n<th class=\"label\">Kontakt\u0173 tipas:<\/th>\n<td class=\"data last\">\u00a0Lygus<\/td>\n<\/tr>\n<tr class=\"odd\">\n<th class=\"label\">I\u0161krovimo galia (a):<\/th>\n<td class=\"data last\"><span class=\"price\">6.70<\/span><\/td>\n<\/tr>\n<tr class=\"even\">\n<th class=\"label\">I\u0161krovos ir perkrovos apsauga:<\/th>\n<td class=\"data last\">\u00a0Neapsaugota<\/td>\n<\/tr>\n<tr class=\"odd\">\n<th class=\"label\">Auk\u0161tis (mm):<\/th>\n<td class=\"data last\"><span class=\"price\">65.00<\/span><\/td>\n<\/tr>\n<tr class=\"last even\">\n<th class=\"label\">Skersmuo (mm):<\/th>\n<td class=\"data last\"><span class=\"price\">18.20<\/span><\/td>\n<\/tr>\n<\/tbody>\n<\/table>\n","protected":false},"featured_media":502,"comment_status":"open","ping_status":"closed","template":"","meta":{"_mi_skip_tracking":false,"neve_meta_sidebar":"","neve_meta_container":"","neve_meta_enable_content_width":"off","neve_meta_content_width":0,"neve_meta_title_alignment":"","neve_meta_author_avatar":"","neve_post_elements_order":"","neve_meta_disable_header":"","neve_meta_disable_footer":"","neve_meta_disable_title":""},"product_cat":[66,69],"product_tag":[70],"aioseo_notices":[],"yoast_head":"<!-- This site is optimized with the Yoast SEO plugin v20.5 - https:\/\/yoast.com\/wordpress\/plugins\/seo\/ -->\n<title>Tesla \/ Panasonic\u00a03000mAh - Taisom ir gaminam<\/title>\n<meta name=\"description\" content=\"Tesla \/ panasonic 18650 celes. 3000 mAh\" \/>\n<meta name=\"robots\" content=\"index, follow, max-snippet:-1, max-image-preview:large, max-video-preview:-1\" \/>\n<link rel=\"canonical\" href=\"https:\/\/www.taisomirgaminam.lt\/lt\/produktas\/tesla-panasonic-3000mah\/\" \/>\n<meta property=\"og:locale\" content=\"lt_LT\" \/>\n<meta property=\"og:type\" content=\"article\" \/>\n<meta property=\"og:title\" content=\"Tesla \/ Panasonic\u00a03000mAh - Taisom ir gaminam\" \/>\n<meta property=\"og:description\" content=\"Tesla \/ panasonic 18650 celes. 3000 mAh\" \/>\n<meta property=\"og:url\" content=\"https:\/\/www.taisomirgaminam.lt\/lt\/produktas\/tesla-panasonic-3000mah\/\" \/>\n<meta property=\"og:site_name\" content=\"Taisom ir gaminam\" \/>\n<meta property=\"article:publisher\" content=\"https:\/\/www.facebook.com\/Taisom.Gaminam\" \/>\n<meta property=\"article:modified_time\" content=\"2022-09-23T20:09:53+00:00\" \/>\n<meta property=\"og:image\" content=\"https:\/\/i0.wp.com\/www.taisomirgaminam.lt\/wp-content\/uploads\/2021\/03\/IMG_9702.jpeg?fit=2048%2C1536&ssl=1\" \/>\n\t<meta property=\"og:image:width\" content=\"2048\" \/>\n\t<meta property=\"og:image:height\" content=\"1536\" \/>\n\t<meta property=\"og:image:type\" content=\"image\/jpeg\" \/>\n<meta name=\"twitter:card\" content=\"summary_large_image\" \/>\n<meta name=\"twitter:label1\" content=\"Est. reading time\" \/>\n\t<meta name=\"twitter:data1\" content=\"1 minut\u0117\" \/>\n<script type=\"application\/ld+json\" class=\"yoast-schema-graph\">{\"@context\":\"https:\/\/schema.org\",\"@graph\":[{\"@type\":\"WebPage\",\"@id\":\"https:\/\/www.taisomirgaminam.lt\/lt\/produktas\/tesla-panasonic-3000mah\/\",\"url\":\"https:\/\/www.taisomirgaminam.lt\/lt\/produktas\/tesla-panasonic-3000mah\/\",\"name\":\"Tesla \/ Panasonic\u00a03000mAh - Taisom ir gaminam\",\"isPartOf\":{\"@id\":\"https:\/\/www.taisomirgaminam.lt\/lt\/#website\"},\"datePublished\":\"2021-03-12T07:06:29+00:00\",\"dateModified\":\"2022-09-23T20:09:53+00:00\",\"description\":\"Tesla \/ panasonic 18650 celes. 3000 mAh\",\"breadcrumb\":{\"@id\":\"https:\/\/www.taisomirgaminam.lt\/lt\/produktas\/tesla-panasonic-3000mah\/#breadcrumb\"},\"inLanguage\":\"lt-LT\",\"potentialAction\":[{\"@type\":\"ReadAction\",\"target\":[\"https:\/\/www.taisomirgaminam.lt\/lt\/produktas\/tesla-panasonic-3000mah\/\"]}]},{\"@type\":\"BreadcrumbList\",\"@id\":\"https:\/\/www.taisomirgaminam.lt\/lt\/produktas\/tesla-panasonic-3000mah\/#breadcrumb\",\"itemListElement\":[{\"@type\":\"ListItem\",\"position\":1,\"name\":\"Home\",\"item\":\"https:\/\/www.taisomirgaminam.lt\/lt\/\"},{\"@type\":\"ListItem\",\"position\":2,\"name\":\"Parduotuv\u0117\",\"item\":\"https:\/\/www.taisomirgaminam.lt\/lt\/parduotuve\/\"},{\"@type\":\"ListItem\",\"position\":3,\"name\":\"Tesla \/ Panasonic\u00a03000mAh\"}]},{\"@type\":\"WebSite\",\"@id\":\"https:\/\/www.taisomirgaminam.lt\/lt\/#website\",\"url\":\"https:\/\/www.taisomirgaminam.lt\/lt\/\",\"name\":\"Taisom ir gaminam\",\"description\":\"\",\"publisher\":{\"@id\":\"https:\/\/www.taisomirgaminam.lt\/lt\/#organization\"},\"potentialAction\":[{\"@type\":\"SearchAction\",\"target\":{\"@type\":\"EntryPoint\",\"urlTemplate\":\"https:\/\/www.taisomirgaminam.lt\/lt\/?s={search_term_string}\"},\"query-input\":\"required name=search_term_string\"}],\"inLanguage\":\"lt-LT\"},{\"@type\":\"Organization\",\"@id\":\"https:\/\/www.taisomirgaminam.lt\/lt\/#organization\",\"name\":\"Taisom ir gaminam\",\"url\":\"https:\/\/www.taisomirgaminam.lt\/lt\/\",\"logo\":{\"@type\":\"ImageObject\",\"inLanguage\":\"lt-LT\",\"@id\":\"https:\/\/www.taisomirgaminam.lt\/lt\/#\/schema\/logo\/image\/\",\"url\":\"https:\/\/i1.wp.com\/www.taisomirgaminam.lt\/wp-content\/uploads\/2021\/01\/taisom-ir-gaminam-NEW.png?fit=500%2C500&ssl=1\",\"contentUrl\":\"https:\/\/i1.wp.com\/www.taisomirgaminam.lt\/wp-content\/uploads\/2021\/01\/taisom-ir-gaminam-NEW.png?fit=500%2C500&ssl=1\",\"width\":500,\"height\":500,\"caption\":\"Taisom ir gaminam\"},\"image\":{\"@id\":\"https:\/\/www.taisomirgaminam.lt\/lt\/#\/schema\/logo\/image\/\"},\"sameAs\":[\"https:\/\/www.facebook.com\/Taisom.Gaminam\"]}]}<\/script>\n<!-- \/ Yoast SEO plugin. -->","yoast_head_json":{"title":"Tesla \/ Panasonic\u00a03000mAh - Taisom ir gaminam","description":"Tesla \/ panasonic 18650 celes. 3000 mAh","robots":{"index":"index","follow":"follow","max-snippet":"max-snippet:-1","max-image-preview":"max-image-preview:large","max-video-preview":"max-video-preview:-1"},"canonical":"https:\/\/www.taisomirgaminam.lt\/lt\/produktas\/tesla-panasonic-3000mah\/","og_locale":"lt_LT","og_type":"article","og_title":"Tesla \/ Panasonic\u00a03000mAh - Taisom ir gaminam","og_description":"Tesla \/ panasonic 18650 celes. 3000 mAh","og_url":"https:\/\/www.taisomirgaminam.lt\/lt\/produktas\/tesla-panasonic-3000mah\/","og_site_name":"Taisom ir gaminam","article_publisher":"https:\/\/www.facebook.com\/Taisom.Gaminam","article_modified_time":"2022-09-23T20:09:53+00:00","og_image":[{"width":2048,"height":1536,"url":"https:\/\/i0.wp.com\/www.taisomirgaminam.lt\/wp-content\/uploads\/2021\/03\/IMG_9702.jpeg?fit=2048%2C1536&ssl=1","type":"image\/jpeg"}],"twitter_card":"summary_large_image","twitter_misc":{"Est. reading time":"1 minut\u0117"},"schema":{"@context":"https:\/\/schema.org","@graph":[{"@type":"WebPage","@id":"https:\/\/www.taisomirgaminam.lt\/lt\/produktas\/tesla-panasonic-3000mah\/","url":"https:\/\/www.taisomirgaminam.lt\/lt\/produktas\/tesla-panasonic-3000mah\/","name":"Tesla \/ Panasonic\u00a03000mAh - Taisom ir gaminam","isPartOf":{"@id":"https:\/\/www.taisomirgaminam.lt\/lt\/#website"},"datePublished":"2021-03-12T07:06:29+00:00","dateModified":"2022-09-23T20:09:53+00:00","description":"Tesla \/ panasonic 18650 celes. 3000 mAh","breadcrumb":{"@id":"https:\/\/www.taisomirgaminam.lt\/lt\/produktas\/tesla-panasonic-3000mah\/#breadcrumb"},"inLanguage":"lt-LT","potentialAction":[{"@type":"ReadAction","target":["https:\/\/www.taisomirgaminam.lt\/lt\/produktas\/tesla-panasonic-3000mah\/"]}]},{"@type":"BreadcrumbList","@id":"https:\/\/www.taisomirgaminam.lt\/lt\/produktas\/tesla-panasonic-3000mah\/#breadcrumb","itemListElement":[{"@type":"ListItem","position":1,"name":"Home","item":"https:\/\/www.taisomirgaminam.lt\/lt\/"},{"@type":"ListItem","position":2,"name":"Parduotuv\u0117","item":"https:\/\/www.taisomirgaminam.lt\/lt\/parduotuve\/"},{"@type":"ListItem","position":3,"name":"Tesla \/ Panasonic\u00a03000mAh"}]},{"@type":"WebSite","@id":"https:\/\/www.taisomirgaminam.lt\/lt\/#website","url":"https:\/\/www.taisomirgaminam.lt\/lt\/","name":"Taisom ir gaminam","description":"","publisher":{"@id":"https:\/\/www.taisomirgaminam.lt\/lt\/#organization"},"potentialAction":[{"@type":"SearchAction","target":{"@type":"EntryPoint","urlTemplate":"https:\/\/www.taisomirgaminam.lt\/lt\/?s={search_term_string}"},"query-input":"required name=search_term_string"}],"inLanguage":"lt-LT"},{"@type":"Organization","@id":"https:\/\/www.taisomirgaminam.lt\/lt\/#organization","name":"Taisom ir gaminam","url":"https:\/\/www.taisomirgaminam.lt\/lt\/","logo":{"@type":"ImageObject","inLanguage":"lt-LT","@id":"https:\/\/www.taisomirgaminam.lt\/lt\/#\/schema\/logo\/image\/","url":"https:\/\/i1.wp.com\/www.taisomirgaminam.lt\/wp-content\/uploads\/2021\/01\/taisom-ir-gaminam-NEW.png?fit=500%2C500&ssl=1","contentUrl":"https:\/\/i1.wp.com\/www.taisomirgaminam.lt\/wp-content\/uploads\/2021\/01\/taisom-ir-gaminam-NEW.png?fit=500%2C500&ssl=1","width":500,"height":500,"caption":"Taisom ir gaminam"},"image":{"@id":"https:\/\/www.taisomirgaminam.lt\/lt\/#\/schema\/logo\/image\/"},"sameAs":["https:\/\/www.facebook.com\/Taisom.Gaminam"]}]}},"_links":{"self":[{"href":"https:\/\/www.taisomirgaminam.lt\/lt\/wp-json\/wp\/v2\/product\/501"}],"collection":[{"href":"https:\/\/www.taisomirgaminam.lt\/lt\/wp-json\/wp\/v2\/product"}],"about":[{"href":"https:\/\/www.taisomirgaminam.lt\/lt\/wp-json\/wp\/v2\/types\/product"}],"replies":[{"embeddable":true,"href":"https:\/\/www.taisomirgaminam.lt\/lt\/wp-json\/wp\/v2\/comments?post=501"}],"wp:featuredmedia":[{"embeddable":true,"href":"https:\/\/www.taisomirgaminam.lt\/lt\/wp-json\/wp\/v2\/media\/502"}],"wp:attachment":[{"href":"https:\/\/www.taisomirgaminam.lt\/lt\/wp-json\/wp\/v2\/media?parent=501"}],"wp:term":[{"taxonomy":"product_cat","embeddable":true,"href":"https:\/\/www.taisomirgaminam.lt\/lt\/wp-json\/wp\/v2\/product_cat?post=501"},{"taxonomy":"product_tag","embeddable":true,"href":"https:\/\/www.taisomirgaminam.lt\/lt\/wp-json\/wp\/v2\/product_tag?post=501"}],"curies":[{"name":"wp","href":"https:\/\/api.w.org\/{rel}","templated":true}]}}