{"id":291,"date":"2021-01-29T07:45:59","date_gmt":"2021-01-29T07:45:59","guid":{"rendered":"https:\/\/www.taisomirgaminam.lt\/?post_type=product&#038;p=291"},"modified":"2024-07-17T02:24:21","modified_gmt":"2024-07-17T02:24:21","slug":"asi-bac-855-pp-versija-bbshd-varikliui","status":"publish","type":"product","link":"https:\/\/www.taisomirgaminam.lt\/lt\/produktas\/asi-bac-855-pp-versija-bbshd-varikliui\/","title":{"rendered":"ASI BAC855 BBSHD P&amp;P"},"content":{"rendered":"<h2>ASI BAC855 \u201eplug and play\u201c arba kitaip pasijungei ir naudoji versija.<\/h2>\n<p>Mes paruo\u0161ime nauj\u0105j\u012f kontroler\u012f taip, jog nereik\u0117s nei lituoti, nei k\u0105 nors perdarin\u0117ti.<\/p>\n<p>Visos jungtys sutaps su orginaliom &#8211; bafang.<\/p>\n<p>\u0160is valdiklis gali b\u016bti naudojamas ant \u0161i\u0173 baterijos sistem\u0173: <strong>36v. \/ 48v. \/ 52v. \/ 60v. \/ 72v.\u00a0<\/strong> (nereikia papildomo konfiguravimo!).<\/p>\n<p>&nbsp;<\/p>\n<p><strong>Valdiklis yra suprogramuotas:<\/strong><\/p>\n<ul>\n<li>FOC<\/li>\n<li>\u012etampa: 36-72v.<\/li>\n<li>Galia: 4250w. ir 100a<\/li>\n<li>1 Assist lygis = 35%<\/li>\n<li>2 Assist lygis = 65%<\/li>\n<li>3 Assist lygis = 100%<\/li>\n<\/ul>\n<p>(lygiais yra limituojamas greitis ir galia &#8211; trauka. 3 Assist lygis yra 100% valdiklio galia).<\/p>\n<p>&nbsp;<\/p>\n<ul>\n<li>Valdiklio dydis: 81mm x 55mm x 39mm<\/li>\n<li>Valdiklio svoris: 300 gram\u0173.<\/li>\n<\/ul>\n<p>&nbsp;<\/p>\n<p><strong>Komplekte yra:<\/strong><\/p>\n<ul>\n<li>Valdiklis<\/li>\n<li>OEM laidai<\/li>\n<li>750C \/ Eggrider V2<\/li>\n<li>Valdiklio laikiklis<\/li>\n<li>Variklio dangtelis<\/li>\n<\/ul>\n<p>&nbsp;<\/p>\n<p>*Nepamir\u0161kite apsaugoti nuo vandens valdiklio balt\u0105 jungt\u012f. Neapsaugojus ir patekus vandens, valdiklis gali sugesti.<\/p>\n<p>&nbsp;<\/p>\n<p>&nbsp;<\/p>\n<p><iframe  id=\"_ytid_87926\"  width=\"1200\" height=\"675\"  data-origwidth=\"1200\" data-origheight=\"675\"  data-relstop=\"1\" src=\"https:\/\/www.youtube.com\/embed\/QFPrDfTmkhY?enablejsapi=1&#038;autoplay=0&#038;cc_load_policy=0&#038;cc_lang_pref=&#038;iv_load_policy=1&#038;loop=0&#038;modestbranding=0&#038;rel=0&#038;fs=1&#038;playsinline=1&#038;autohide=2&#038;theme=dark&#038;color=red&#038;controls=1&#038;\" class=\"__youtube_prefs__  epyt-is-override  no-lazyload\" title=\"YouTube player\"  allow=\"accelerometer; autoplay; clipboard-write; encrypted-media; gyroscope; picture-in-picture\" allowfullscreen data-no-lazy=\"1\" data-skipgform_ajax_framebjll=\"\"><\/iframe><\/p>\n<p>&nbsp;<\/p>\n","protected":false},"excerpt":{"rendered":"<p>ASI BAC855 \u201eplug and play\u201c arba kitaip pasijungei ir naudoji versija. Mes paruo\u0161ime nauj\u0105j\u012f kontroler\u012f taip, jog nereik\u0117s nei lituoti, nei k\u0105 nors perdarin\u0117ti. Visos jungtys sutaps su orginaliom &#8211; bafang. \u0160is valdiklis gali b\u016bti naudojamas ant \u0161i\u0173 baterijos sistem\u0173: 36v. \/ 48v. \/ 52v. \/ 60v. \/ 72v.\u00a0 (nereikia papildomo konfiguravimo!). &nbsp; Valdiklis yra&hellip;&nbsp;<a href=\"https:\/\/www.taisomirgaminam.lt\/lt\/produktas\/asi-bac-855-pp-versija-bbshd-varikliui\/\" class=\"\" rel=\"bookmark\">Read More &raquo;<span class=\"screen-reader-text\">ASI BAC855 BBSHD P&amp;P<\/span><\/a><\/p>\n","protected":false},"featured_media":804,"comment_status":"open","ping_status":"closed","template":"","meta":{"_mi_skip_tracking":false,"neve_meta_sidebar":"","neve_meta_container":"","neve_meta_enable_content_width":"off","neve_meta_content_width":70,"neve_meta_title_alignment":"","neve_meta_author_avatar":"","neve_post_elements_order":"","neve_meta_disable_header":"","neve_meta_disable_footer":"","neve_meta_disable_title":""},"product_cat":[66,33,57],"product_tag":[34,58],"aioseo_notices":[],"yoast_head":"<!-- This site is optimized with the Yoast SEO plugin v20.5 - https:\/\/yoast.com\/wordpress\/plugins\/seo\/ -->\n<title>ASI BAC855 BBSHD P&amp;P - Taisom ir gaminam<\/title>\n<meta name=\"description\" content=\"BAFANG BBSHD upgrade kit - ASI BAC 855 with 750C or Eggrider v2 display. Support 36-72v battery. | increase speed | BBSHD | BAC855 | BAC 855\" \/>\n<meta name=\"robots\" content=\"index, follow, max-snippet:-1, max-image-preview:large, max-video-preview:-1\" \/>\n<link rel=\"canonical\" href=\"https:\/\/www.taisomirgaminam.lt\/lt\/produktas\/asi-bac-855-pp-versija-bbshd-varikliui\/\" \/>\n<meta property=\"og:locale\" content=\"lt_LT\" \/>\n<meta property=\"og:type\" content=\"article\" \/>\n<meta property=\"og:title\" content=\"ASI BAC855 BBSHD P&amp;P - Taisom ir gaminam\" \/>\n<meta property=\"og:description\" content=\"BAFANG BBSHD upgrade kit - ASI BAC 855 with 750C or Eggrider v2 display. Support 36-72v battery. | increase speed | BBSHD | BAC855 | BAC 855\" \/>\n<meta property=\"og:url\" content=\"https:\/\/www.taisomirgaminam.lt\/lt\/produktas\/asi-bac-855-pp-versija-bbshd-varikliui\/\" \/>\n<meta property=\"og:site_name\" content=\"Taisom ir gaminam\" \/>\n<meta property=\"article:publisher\" content=\"https:\/\/www.facebook.com\/Taisom.Gaminam\" \/>\n<meta property=\"article:modified_time\" content=\"2024-07-17T02:24:21+00:00\" \/>\n<meta property=\"og:image\" content=\"https:\/\/i0.wp.com\/www.taisomirgaminam.lt\/wp-content\/uploads\/2021\/01\/ASI-BAC855-BBSHD_-Taisom-ir-gaminam-scaled.jpg?fit=2560%2C1920&ssl=1\" \/>\n\t<meta property=\"og:image:width\" content=\"2560\" \/>\n\t<meta property=\"og:image:height\" content=\"1920\" \/>\n\t<meta property=\"og:image:type\" content=\"image\/jpeg\" \/>\n<meta name=\"twitter:card\" content=\"summary_large_image\" \/>\n<meta name=\"twitter:label1\" content=\"Est. reading time\" \/>\n\t<meta name=\"twitter:data1\" content=\"1 minut\u0117\" \/>\n<script type=\"application\/ld+json\" class=\"yoast-schema-graph\">{\"@context\":\"https:\/\/schema.org\",\"@graph\":[{\"@type\":\"WebPage\",\"@id\":\"https:\/\/www.taisomirgaminam.lt\/lt\/produktas\/asi-bac-855-pp-versija-bbshd-varikliui\/\",\"url\":\"https:\/\/www.taisomirgaminam.lt\/lt\/produktas\/asi-bac-855-pp-versija-bbshd-varikliui\/\",\"name\":\"ASI BAC855 BBSHD P&amp;P - Taisom ir gaminam\",\"isPartOf\":{\"@id\":\"https:\/\/www.taisomirgaminam.lt\/lt\/#website\"},\"datePublished\":\"2021-01-29T07:45:59+00:00\",\"dateModified\":\"2024-07-17T02:24:21+00:00\",\"description\":\"BAFANG BBSHD upgrade kit - ASI BAC 855 with 750C or Eggrider v2 display. Support 36-72v battery. | increase speed | BBSHD | BAC855 | BAC 855\",\"breadcrumb\":{\"@id\":\"https:\/\/www.taisomirgaminam.lt\/lt\/produktas\/asi-bac-855-pp-versija-bbshd-varikliui\/#breadcrumb\"},\"inLanguage\":\"lt-LT\",\"potentialAction\":[{\"@type\":\"ReadAction\",\"target\":[\"https:\/\/www.taisomirgaminam.lt\/lt\/produktas\/asi-bac-855-pp-versija-bbshd-varikliui\/\"]}]},{\"@type\":\"BreadcrumbList\",\"@id\":\"https:\/\/www.taisomirgaminam.lt\/lt\/produktas\/asi-bac-855-pp-versija-bbshd-varikliui\/#breadcrumb\",\"itemListElement\":[{\"@type\":\"ListItem\",\"position\":1,\"name\":\"Home\",\"item\":\"https:\/\/www.taisomirgaminam.lt\/lt\/\"},{\"@type\":\"ListItem\",\"position\":2,\"name\":\"Parduotuv\u0117\",\"item\":\"https:\/\/www.taisomirgaminam.lt\/lt\/parduotuve\/\"},{\"@type\":\"ListItem\",\"position\":3,\"name\":\"ASI BAC855 BBSHD P&amp;P\"}]},{\"@type\":\"WebSite\",\"@id\":\"https:\/\/www.taisomirgaminam.lt\/lt\/#website\",\"url\":\"https:\/\/www.taisomirgaminam.lt\/lt\/\",\"name\":\"Taisom ir gaminam\",\"description\":\"\",\"publisher\":{\"@id\":\"https:\/\/www.taisomirgaminam.lt\/lt\/#organization\"},\"potentialAction\":[{\"@type\":\"SearchAction\",\"target\":{\"@type\":\"EntryPoint\",\"urlTemplate\":\"https:\/\/www.taisomirgaminam.lt\/lt\/?s={search_term_string}\"},\"query-input\":\"required name=search_term_string\"}],\"inLanguage\":\"lt-LT\"},{\"@type\":\"Organization\",\"@id\":\"https:\/\/www.taisomirgaminam.lt\/lt\/#organization\",\"name\":\"Taisom ir gaminam\",\"url\":\"https:\/\/www.taisomirgaminam.lt\/lt\/\",\"logo\":{\"@type\":\"ImageObject\",\"inLanguage\":\"lt-LT\",\"@id\":\"https:\/\/www.taisomirgaminam.lt\/lt\/#\/schema\/logo\/image\/\",\"url\":\"https:\/\/i1.wp.com\/www.taisomirgaminam.lt\/wp-content\/uploads\/2021\/01\/taisom-ir-gaminam-NEW.png?fit=500%2C500&ssl=1\",\"contentUrl\":\"https:\/\/i1.wp.com\/www.taisomirgaminam.lt\/wp-content\/uploads\/2021\/01\/taisom-ir-gaminam-NEW.png?fit=500%2C500&ssl=1\",\"width\":500,\"height\":500,\"caption\":\"Taisom ir gaminam\"},\"image\":{\"@id\":\"https:\/\/www.taisomirgaminam.lt\/lt\/#\/schema\/logo\/image\/\"},\"sameAs\":[\"https:\/\/www.facebook.com\/Taisom.Gaminam\"]}]}<\/script>\n<!-- \/ Yoast SEO plugin. -->","yoast_head_json":{"title":"ASI BAC855 BBSHD P&amp;P - Taisom ir gaminam","description":"BAFANG BBSHD upgrade kit - ASI BAC 855 with 750C or Eggrider v2 display. Support 36-72v battery. | increase speed | BBSHD | BAC855 | BAC 855","robots":{"index":"index","follow":"follow","max-snippet":"max-snippet:-1","max-image-preview":"max-image-preview:large","max-video-preview":"max-video-preview:-1"},"canonical":"https:\/\/www.taisomirgaminam.lt\/lt\/produktas\/asi-bac-855-pp-versija-bbshd-varikliui\/","og_locale":"lt_LT","og_type":"article","og_title":"ASI BAC855 BBSHD P&amp;P - Taisom ir gaminam","og_description":"BAFANG BBSHD upgrade kit - ASI BAC 855 with 750C or Eggrider v2 display. Support 36-72v battery. | increase speed | BBSHD | BAC855 | BAC 855","og_url":"https:\/\/www.taisomirgaminam.lt\/lt\/produktas\/asi-bac-855-pp-versija-bbshd-varikliui\/","og_site_name":"Taisom ir gaminam","article_publisher":"https:\/\/www.facebook.com\/Taisom.Gaminam","article_modified_time":"2024-07-17T02:24:21+00:00","og_image":[{"width":2560,"height":1920,"url":"https:\/\/i0.wp.com\/www.taisomirgaminam.lt\/wp-content\/uploads\/2021\/01\/ASI-BAC855-BBSHD_-Taisom-ir-gaminam-scaled.jpg?fit=2560%2C1920&ssl=1","type":"image\/jpeg"}],"twitter_card":"summary_large_image","twitter_misc":{"Est. reading time":"1 minut\u0117"},"schema":{"@context":"https:\/\/schema.org","@graph":[{"@type":"WebPage","@id":"https:\/\/www.taisomirgaminam.lt\/lt\/produktas\/asi-bac-855-pp-versija-bbshd-varikliui\/","url":"https:\/\/www.taisomirgaminam.lt\/lt\/produktas\/asi-bac-855-pp-versija-bbshd-varikliui\/","name":"ASI BAC855 BBSHD P&amp;P - Taisom ir gaminam","isPartOf":{"@id":"https:\/\/www.taisomirgaminam.lt\/lt\/#website"},"datePublished":"2021-01-29T07:45:59+00:00","dateModified":"2024-07-17T02:24:21+00:00","description":"BAFANG BBSHD upgrade kit - ASI BAC 855 with 750C or Eggrider v2 display. Support 36-72v battery. | increase speed | BBSHD | BAC855 | BAC 855","breadcrumb":{"@id":"https:\/\/www.taisomirgaminam.lt\/lt\/produktas\/asi-bac-855-pp-versija-bbshd-varikliui\/#breadcrumb"},"inLanguage":"lt-LT","potentialAction":[{"@type":"ReadAction","target":["https:\/\/www.taisomirgaminam.lt\/lt\/produktas\/asi-bac-855-pp-versija-bbshd-varikliui\/"]}]},{"@type":"BreadcrumbList","@id":"https:\/\/www.taisomirgaminam.lt\/lt\/produktas\/asi-bac-855-pp-versija-bbshd-varikliui\/#breadcrumb","itemListElement":[{"@type":"ListItem","position":1,"name":"Home","item":"https:\/\/www.taisomirgaminam.lt\/lt\/"},{"@type":"ListItem","position":2,"name":"Parduotuv\u0117","item":"https:\/\/www.taisomirgaminam.lt\/lt\/parduotuve\/"},{"@type":"ListItem","position":3,"name":"ASI BAC855 BBSHD P&amp;P"}]},{"@type":"WebSite","@id":"https:\/\/www.taisomirgaminam.lt\/lt\/#website","url":"https:\/\/www.taisomirgaminam.lt\/lt\/","name":"Taisom ir gaminam","description":"","publisher":{"@id":"https:\/\/www.taisomirgaminam.lt\/lt\/#organization"},"potentialAction":[{"@type":"SearchAction","target":{"@type":"EntryPoint","urlTemplate":"https:\/\/www.taisomirgaminam.lt\/lt\/?s={search_term_string}"},"query-input":"required name=search_term_string"}],"inLanguage":"lt-LT"},{"@type":"Organization","@id":"https:\/\/www.taisomirgaminam.lt\/lt\/#organization","name":"Taisom ir gaminam","url":"https:\/\/www.taisomirgaminam.lt\/lt\/","logo":{"@type":"ImageObject","inLanguage":"lt-LT","@id":"https:\/\/www.taisomirgaminam.lt\/lt\/#\/schema\/logo\/image\/","url":"https:\/\/i1.wp.com\/www.taisomirgaminam.lt\/wp-content\/uploads\/2021\/01\/taisom-ir-gaminam-NEW.png?fit=500%2C500&ssl=1","contentUrl":"https:\/\/i1.wp.com\/www.taisomirgaminam.lt\/wp-content\/uploads\/2021\/01\/taisom-ir-gaminam-NEW.png?fit=500%2C500&ssl=1","width":500,"height":500,"caption":"Taisom ir gaminam"},"image":{"@id":"https:\/\/www.taisomirgaminam.lt\/lt\/#\/schema\/logo\/image\/"},"sameAs":["https:\/\/www.facebook.com\/Taisom.Gaminam"]}]}},"_links":{"self":[{"href":"https:\/\/www.taisomirgaminam.lt\/lt\/wp-json\/wp\/v2\/product\/291"}],"collection":[{"href":"https:\/\/www.taisomirgaminam.lt\/lt\/wp-json\/wp\/v2\/product"}],"about":[{"href":"https:\/\/www.taisomirgaminam.lt\/lt\/wp-json\/wp\/v2\/types\/product"}],"replies":[{"embeddable":true,"href":"https:\/\/www.taisomirgaminam.lt\/lt\/wp-json\/wp\/v2\/comments?post=291"}],"wp:featuredmedia":[{"embeddable":true,"href":"https:\/\/www.taisomirgaminam.lt\/lt\/wp-json\/wp\/v2\/media\/804"}],"wp:attachment":[{"href":"https:\/\/www.taisomirgaminam.lt\/lt\/wp-json\/wp\/v2\/media?parent=291"}],"wp:term":[{"taxonomy":"product_cat","embeddable":true,"href":"https:\/\/www.taisomirgaminam.lt\/lt\/wp-json\/wp\/v2\/product_cat?post=291"},{"taxonomy":"product_tag","embeddable":true,"href":"https:\/\/www.taisomirgaminam.lt\/lt\/wp-json\/wp\/v2\/product_tag?post=291"}],"curies":[{"name":"wp","href":"https:\/\/api.w.org\/{rel}","templated":true}]}}