{"id":1236,"date":"2023-03-13T19:34:52","date_gmt":"2023-03-13T19:34:52","guid":{"rendered":"https:\/\/www.taisomirgaminam.lt\/?post_type=product&#038;p=1236"},"modified":"2023-03-13T19:50:10","modified_gmt":"2023-03-13T19:50:10","slug":"asi-bac800-sur-ron","status":"publish","type":"product","link":"https:\/\/www.taisomirgaminam.lt\/lt\/produktas\/asi-bac800-sur-ron\/","title":{"rendered":"ASI BAC8000 Sur Ron"},"content":{"rendered":"<p><strong>ASI BAC8000 &#8222;plug and play&#8221; arba kitaip pasijungei ir va\u017eiuoji versija.<\/strong><\/p>\n<p>Paruo\u0161\u0117me nauj\u0105j\u012f valdikl\u012f taip, jog nebereik\u0117s nei lituoti, nei k\u0105 nors perdarin\u0117ti.<\/p>\n<p>Papras\u010diausiai nuimsite original\u0173 Sur Ron valdikl\u012f ir pakeisite naujuoju valdikliu.<\/p>\n<p>ASI BAC8000 gali b\u016bti naudojamas su daugyb\u0119 tip\u0173 baterij\u0173.<\/p>\n<p>&nbsp;<\/p>\n<p><strong>Prie\u0161 pirkdami turite pasirinkti:<\/strong><\/p>\n<p>Ekran\u0105: 750C \/ Eggrider V2<\/p>\n<p>Naudojam\u0105 baterij\u0105:<\/p>\n<p>1 variantas &#8211; 60v originalus. (Valdiklis bus sukonfiguruotas 5000w).<\/p>\n<p>2 variantas &#8211; 60v bypassed. (Valdiklis bus sukonfiguruotas 7200w).<\/p>\n<p>3 variantas &#8211; 60v galintis atiduoti 250a. (Valdiklis bus sukonfiguruotas 15 000W = 15kW peak.).<\/p>\n<p>4 variantas &#8211; 72v galintis atiduoti 250a. (Valdiklis bus sukonfiguruotas 18 000W = 18kW peak).<\/p>\n<p>&nbsp;<\/p>\n<p><strong>Komplekt\u0105 sudaro:<\/strong><\/p>\n<p>1x j\u016bs\u0173 pasirinktas ekranas (750C arba Eggrider V2).<\/p>\n<p>1x valdiklio laikikliai.<\/p>\n<p>1x pajungimo laidai.<\/p>\n<p>1x BAC8000 valdiklis.<\/p>\n<p>&nbsp;<\/p>\n<p><strong>Keletas atsakym\u0173 \u012f da\u017enai u\u017eduodamus klausimus.<\/strong><\/p>\n<ul>\n<li>Ar pasidarius &#8222;bypassed&#8221; baterij\u0105 jos tarnavimo laikas sutrump\u0117s?<\/li>\n<\/ul>\n<p>Taip, sutrump\u0117s. Tai priklauso nuo daug faktori\u0173 &#8211; baterijos b\u016bkl\u0117s, am\u017eiaus, prie\u017ei\u016bros prie\u0161 atliekant &#8222;bypass&#8221;.<\/p>\n<p>&nbsp;<\/p>\n<ul>\n<li>Kiek galiu tik\u0117tis i\u0161 \u0161io &#8222;upgrade kit&#8221; &#8211; atsinaujinimo?<\/li>\n<\/ul>\n<p>Su &#8222;bypassed&#8221; baterija 75-90% galios padid\u0117jimas. Su \u0161iuo atnaujinimo variantu j\u016bs gausite \u017eymiai daugiau traukos ir akseleracijos galiniame rate. Maksimalus greitis padid\u0117s, ta\u010diau kiek padid\u0117s priklauso nuo galinio &#8222;sprocket&#8221; kur\u012f naudojate (originali 48. Maksimaliai u\u017ededama 64 dantuk\u0173).<\/p>\n<p>Su specialia (60v \/ 72v) baterija (15kW \/ 18kW) galia padid\u0117s 180-300%. Su \u0161iuo atnaujinjimo variantu gausite dvigubai daugiau galios, traukos ir akseleracijos galiniame rate nei su &#8222;bypassed&#8221; baterija. Greitis taip pat bus didesnis, ta\u010diau kiek padid\u0117s priklauso nuo galin\u0117s \u017evaig\u017ed\u0117s kuri\u0105 naudojate (originali 48. Maksimaliai u\u017ededama 64 dantuk\u0173).<\/p>\n<p>&nbsp;<\/p>\n<ul>\n<li>Ar gausiu prisijungim\u0105 prie bacdoor?<\/li>\n<\/ul>\n<p>ASI taisykl\u0117s draud\u017eia dalinti savo prisijungimus kitiems asmenims.<\/p>\n<p>&nbsp;<\/p>\n","protected":false},"excerpt":{"rendered":"<p>Galimyb\u0117s:<\/p>\n<p>&#8211; Galios reguliavimas ekrano pagalba.<\/p>\n<p>&#8211; Assist lygi\u0173 reguliavimas procentais %<\/p>\n<p>&#8211; Kei\u010diami rat\u0173 dyd\u017eiai tiksliasniam grei\u010diui matyti.<\/p>\n<p>&#8211; Galimyb\u0117 naudoti keli\u0173 tip\u0173 ekranus.<\/p>\n<p>&#8211; Variklio apsauga neled\u017eiant jam perkaisti.<\/p>\n<p>&#8211; Galima naudoti 60V &#8211; 72V akumuliatorius.<\/p>\n<p>&#8211; Baterijos apsauga nuo nusid\u0117v\u0117jimo (suma\u017einama galia baterijai nus\u0117dus).<\/p>\n<p>&#8211; Pilnai paruo\u0161tas naudojimui.<\/p>\n<p>&#8211; Galimyb\u0117 keisti grei\u010dio matavimo vienetus (km\/h &#8211; mph).<\/p>\n","protected":false},"featured_media":872,"comment_status":"open","ping_status":"closed","template":"","meta":{"_mi_skip_tracking":false,"neve_meta_sidebar":"","neve_meta_container":"","neve_meta_enable_content_width":"off","neve_meta_content_width":70,"neve_meta_title_alignment":"","neve_meta_author_avatar":"","neve_post_elements_order":"","neve_meta_disable_header":"","neve_meta_disable_footer":"","neve_meta_disable_title":""},"product_cat":[66,85,33],"product_tag":[34,86],"aioseo_notices":[],"yoast_head":"<!-- This site is optimized with the Yoast SEO plugin v20.5 - https:\/\/yoast.com\/wordpress\/plugins\/seo\/ -->\n<title>ASI BAC8000 Sur Ron - Taisom ir gaminam<\/title>\n<meta name=\"description\" content=\"ASI BAC 8000 Plug and play version for Sur Ron bike - upgrade kit. Add incredible torque, most powerful and reliable kit.\" \/>\n<meta name=\"robots\" content=\"index, follow, max-snippet:-1, max-image-preview:large, max-video-preview:-1\" \/>\n<link rel=\"canonical\" href=\"https:\/\/www.taisomirgaminam.lt\/lt\/produktas\/asi-bac800-sur-ron\/\" \/>\n<meta property=\"og:locale\" content=\"lt_LT\" \/>\n<meta property=\"og:type\" content=\"article\" \/>\n<meta property=\"og:title\" content=\"ASI BAC8000 Sur Ron - Taisom ir gaminam\" \/>\n<meta property=\"og:description\" content=\"ASI BAC 8000 Plug and play version for Sur Ron bike - upgrade kit. Add incredible torque, most powerful and reliable kit.\" \/>\n<meta property=\"og:url\" content=\"https:\/\/www.taisomirgaminam.lt\/lt\/produktas\/asi-bac800-sur-ron\/\" \/>\n<meta property=\"og:site_name\" content=\"Taisom ir gaminam\" \/>\n<meta property=\"article:publisher\" content=\"https:\/\/www.facebook.com\/Taisom.Gaminam\" \/>\n<meta property=\"article:modified_time\" content=\"2023-03-13T19:50:10+00:00\" \/>\n<meta property=\"og:image\" content=\"https:\/\/i0.wp.com\/www.taisomirgaminam.lt\/wp-content\/uploads\/2021\/12\/ASI-BAC4000-Sur-Ron-Upgrade-kit-PNP-Taisom-ir-gaminam.lt_-1.jpg?fit=1000%2C1000&ssl=1\" \/>\n\t<meta property=\"og:image:width\" content=\"1000\" \/>\n\t<meta property=\"og:image:height\" content=\"1000\" \/>\n\t<meta property=\"og:image:type\" content=\"image\/jpeg\" \/>\n<meta name=\"twitter:card\" content=\"summary_large_image\" \/>\n<meta name=\"twitter:label1\" content=\"Est. reading time\" \/>\n\t<meta name=\"twitter:data1\" content=\"2 minut\u0117s\" \/>\n<script type=\"application\/ld+json\" class=\"yoast-schema-graph\">{\"@context\":\"https:\/\/schema.org\",\"@graph\":[{\"@type\":\"WebPage\",\"@id\":\"https:\/\/www.taisomirgaminam.lt\/lt\/produktas\/asi-bac800-sur-ron\/\",\"url\":\"https:\/\/www.taisomirgaminam.lt\/lt\/produktas\/asi-bac800-sur-ron\/\",\"name\":\"ASI BAC8000 Sur Ron - Taisom ir gaminam\",\"isPartOf\":{\"@id\":\"https:\/\/www.taisomirgaminam.lt\/lt\/#website\"},\"datePublished\":\"2023-03-13T19:34:52+00:00\",\"dateModified\":\"2023-03-13T19:50:10+00:00\",\"description\":\"ASI BAC 8000 Plug and play version for Sur Ron bike - upgrade kit. Add incredible torque, most powerful and reliable kit.\",\"breadcrumb\":{\"@id\":\"https:\/\/www.taisomirgaminam.lt\/lt\/produktas\/asi-bac800-sur-ron\/#breadcrumb\"},\"inLanguage\":\"lt-LT\",\"potentialAction\":[{\"@type\":\"ReadAction\",\"target\":[\"https:\/\/www.taisomirgaminam.lt\/lt\/produktas\/asi-bac800-sur-ron\/\"]}]},{\"@type\":\"BreadcrumbList\",\"@id\":\"https:\/\/www.taisomirgaminam.lt\/lt\/produktas\/asi-bac800-sur-ron\/#breadcrumb\",\"itemListElement\":[{\"@type\":\"ListItem\",\"position\":1,\"name\":\"Home\",\"item\":\"https:\/\/www.taisomirgaminam.lt\/lt\/\"},{\"@type\":\"ListItem\",\"position\":2,\"name\":\"Parduotuv\u0117\",\"item\":\"https:\/\/www.taisomirgaminam.lt\/lt\/parduotuve\/\"},{\"@type\":\"ListItem\",\"position\":3,\"name\":\"ASI BAC8000 Sur Ron\"}]},{\"@type\":\"WebSite\",\"@id\":\"https:\/\/www.taisomirgaminam.lt\/lt\/#website\",\"url\":\"https:\/\/www.taisomirgaminam.lt\/lt\/\",\"name\":\"Taisom ir gaminam\",\"description\":\"\",\"publisher\":{\"@id\":\"https:\/\/www.taisomirgaminam.lt\/lt\/#organization\"},\"potentialAction\":[{\"@type\":\"SearchAction\",\"target\":{\"@type\":\"EntryPoint\",\"urlTemplate\":\"https:\/\/www.taisomirgaminam.lt\/lt\/?s={search_term_string}\"},\"query-input\":\"required name=search_term_string\"}],\"inLanguage\":\"lt-LT\"},{\"@type\":\"Organization\",\"@id\":\"https:\/\/www.taisomirgaminam.lt\/lt\/#organization\",\"name\":\"Taisom ir gaminam\",\"url\":\"https:\/\/www.taisomirgaminam.lt\/lt\/\",\"logo\":{\"@type\":\"ImageObject\",\"inLanguage\":\"lt-LT\",\"@id\":\"https:\/\/www.taisomirgaminam.lt\/lt\/#\/schema\/logo\/image\/\",\"url\":\"https:\/\/i1.wp.com\/www.taisomirgaminam.lt\/wp-content\/uploads\/2021\/01\/taisom-ir-gaminam-NEW.png?fit=500%2C500&ssl=1\",\"contentUrl\":\"https:\/\/i1.wp.com\/www.taisomirgaminam.lt\/wp-content\/uploads\/2021\/01\/taisom-ir-gaminam-NEW.png?fit=500%2C500&ssl=1\",\"width\":500,\"height\":500,\"caption\":\"Taisom ir gaminam\"},\"image\":{\"@id\":\"https:\/\/www.taisomirgaminam.lt\/lt\/#\/schema\/logo\/image\/\"},\"sameAs\":[\"https:\/\/www.facebook.com\/Taisom.Gaminam\"]}]}<\/script>\n<!-- \/ Yoast SEO plugin. -->","yoast_head_json":{"title":"ASI BAC8000 Sur Ron - Taisom ir gaminam","description":"ASI BAC 8000 Plug and play version for Sur Ron bike - upgrade kit. Add incredible torque, most powerful and reliable kit.","robots":{"index":"index","follow":"follow","max-snippet":"max-snippet:-1","max-image-preview":"max-image-preview:large","max-video-preview":"max-video-preview:-1"},"canonical":"https:\/\/www.taisomirgaminam.lt\/lt\/produktas\/asi-bac800-sur-ron\/","og_locale":"lt_LT","og_type":"article","og_title":"ASI BAC8000 Sur Ron - Taisom ir gaminam","og_description":"ASI BAC 8000 Plug and play version for Sur Ron bike - upgrade kit. Add incredible torque, most powerful and reliable kit.","og_url":"https:\/\/www.taisomirgaminam.lt\/lt\/produktas\/asi-bac800-sur-ron\/","og_site_name":"Taisom ir gaminam","article_publisher":"https:\/\/www.facebook.com\/Taisom.Gaminam","article_modified_time":"2023-03-13T19:50:10+00:00","og_image":[{"width":1000,"height":1000,"url":"https:\/\/i0.wp.com\/www.taisomirgaminam.lt\/wp-content\/uploads\/2021\/12\/ASI-BAC4000-Sur-Ron-Upgrade-kit-PNP-Taisom-ir-gaminam.lt_-1.jpg?fit=1000%2C1000&ssl=1","type":"image\/jpeg"}],"twitter_card":"summary_large_image","twitter_misc":{"Est. reading time":"2 minut\u0117s"},"schema":{"@context":"https:\/\/schema.org","@graph":[{"@type":"WebPage","@id":"https:\/\/www.taisomirgaminam.lt\/lt\/produktas\/asi-bac800-sur-ron\/","url":"https:\/\/www.taisomirgaminam.lt\/lt\/produktas\/asi-bac800-sur-ron\/","name":"ASI BAC8000 Sur Ron - Taisom ir gaminam","isPartOf":{"@id":"https:\/\/www.taisomirgaminam.lt\/lt\/#website"},"datePublished":"2023-03-13T19:34:52+00:00","dateModified":"2023-03-13T19:50:10+00:00","description":"ASI BAC 8000 Plug and play version for Sur Ron bike - upgrade kit. Add incredible torque, most powerful and reliable kit.","breadcrumb":{"@id":"https:\/\/www.taisomirgaminam.lt\/lt\/produktas\/asi-bac800-sur-ron\/#breadcrumb"},"inLanguage":"lt-LT","potentialAction":[{"@type":"ReadAction","target":["https:\/\/www.taisomirgaminam.lt\/lt\/produktas\/asi-bac800-sur-ron\/"]}]},{"@type":"BreadcrumbList","@id":"https:\/\/www.taisomirgaminam.lt\/lt\/produktas\/asi-bac800-sur-ron\/#breadcrumb","itemListElement":[{"@type":"ListItem","position":1,"name":"Home","item":"https:\/\/www.taisomirgaminam.lt\/lt\/"},{"@type":"ListItem","position":2,"name":"Parduotuv\u0117","item":"https:\/\/www.taisomirgaminam.lt\/lt\/parduotuve\/"},{"@type":"ListItem","position":3,"name":"ASI BAC8000 Sur Ron"}]},{"@type":"WebSite","@id":"https:\/\/www.taisomirgaminam.lt\/lt\/#website","url":"https:\/\/www.taisomirgaminam.lt\/lt\/","name":"Taisom ir gaminam","description":"","publisher":{"@id":"https:\/\/www.taisomirgaminam.lt\/lt\/#organization"},"potentialAction":[{"@type":"SearchAction","target":{"@type":"EntryPoint","urlTemplate":"https:\/\/www.taisomirgaminam.lt\/lt\/?s={search_term_string}"},"query-input":"required name=search_term_string"}],"inLanguage":"lt-LT"},{"@type":"Organization","@id":"https:\/\/www.taisomirgaminam.lt\/lt\/#organization","name":"Taisom ir gaminam","url":"https:\/\/www.taisomirgaminam.lt\/lt\/","logo":{"@type":"ImageObject","inLanguage":"lt-LT","@id":"https:\/\/www.taisomirgaminam.lt\/lt\/#\/schema\/logo\/image\/","url":"https:\/\/i1.wp.com\/www.taisomirgaminam.lt\/wp-content\/uploads\/2021\/01\/taisom-ir-gaminam-NEW.png?fit=500%2C500&ssl=1","contentUrl":"https:\/\/i1.wp.com\/www.taisomirgaminam.lt\/wp-content\/uploads\/2021\/01\/taisom-ir-gaminam-NEW.png?fit=500%2C500&ssl=1","width":500,"height":500,"caption":"Taisom ir gaminam"},"image":{"@id":"https:\/\/www.taisomirgaminam.lt\/lt\/#\/schema\/logo\/image\/"},"sameAs":["https:\/\/www.facebook.com\/Taisom.Gaminam"]}]}},"_links":{"self":[{"href":"https:\/\/www.taisomirgaminam.lt\/lt\/wp-json\/wp\/v2\/product\/1236"}],"collection":[{"href":"https:\/\/www.taisomirgaminam.lt\/lt\/wp-json\/wp\/v2\/product"}],"about":[{"href":"https:\/\/www.taisomirgaminam.lt\/lt\/wp-json\/wp\/v2\/types\/product"}],"replies":[{"embeddable":true,"href":"https:\/\/www.taisomirgaminam.lt\/lt\/wp-json\/wp\/v2\/comments?post=1236"}],"wp:featuredmedia":[{"embeddable":true,"href":"https:\/\/www.taisomirgaminam.lt\/lt\/wp-json\/wp\/v2\/media\/872"}],"wp:attachment":[{"href":"https:\/\/www.taisomirgaminam.lt\/lt\/wp-json\/wp\/v2\/media?parent=1236"}],"wp:term":[{"taxonomy":"product_cat","embeddable":true,"href":"https:\/\/www.taisomirgaminam.lt\/lt\/wp-json\/wp\/v2\/product_cat?post=1236"},{"taxonomy":"product_tag","embeddable":true,"href":"https:\/\/www.taisomirgaminam.lt\/lt\/wp-json\/wp\/v2\/product_tag?post=1236"}],"curies":[{"name":"wp","href":"https:\/\/api.w.org\/{rel}","templated":true}]}}