{"id":1137,"date":"2022-08-24T09:33:17","date_gmt":"2022-08-24T09:33:17","guid":{"rendered":"https:\/\/www.taisomirgaminam.lt\/?post_type=product&#038;p=1137"},"modified":"2022-08-24T09:33:18","modified_gmt":"2022-08-24T09:33:18","slug":"bafang-speed-sensor","status":"publish","type":"product","link":"https:\/\/www.taisomirgaminam.lt\/lt\/produktas\/bafang-speed-sensor\/","title":{"rendered":"Bafang grei\u010dio jutiklis"},"content":{"rendered":"<p>Originalus Bafang jutiklio grei\u010dio jutiklis.<br \/>\nBafang grei\u010dio jutiklis, suderinamas su visais Bafang 250w\/350w\/500w\/750W\/1000W varikliais.<br \/>\nGrei\u010dio jutiklis u\u017etikrina tiksl\u0173 grei\u010dio apskai\u010diavim\u0105.<br \/>\nImpuls\u0173 skai\u010dius (impulsas \/ ciklas) 1; vardin\u0117 \u012f\u0117jimo \u012ftampa (DCV) 4,2-5,5; darbin\u0117 temperat\u016bra: -20-45 \u00b0C.<br \/>\nI\u0161leidimo angos ilgis: 80 mm; laid\u0173 tipas: M3.10; Jutimo atstumas: 4 mm.<\/p>\n","protected":false},"excerpt":{"rendered":"<p>Originalus Bafang jutiklio grei\u010dio jutiklis. Bafang grei\u010dio jutiklis, suderinamas su visais Bafang 250w\/350w\/500w\/750W\/1000W varikliais. Grei\u010dio jutiklis u\u017etikrina tiksl\u0173 grei\u010dio apskai\u010diavim\u0105. Impuls\u0173 skai\u010dius (impulsas \/ ciklas) 1; vardin\u0117 \u012f\u0117jimo \u012ftampa (DCV) 4,2-5,5; darbin\u0117 temperat\u016bra: -20-45 \u00b0C. I\u0161leidimo angos ilgis: 80 mm; laid\u0173 tipas: M3.10; Jutimo atstumas: 4 mm.<\/p>\n","protected":false},"featured_media":1143,"comment_status":"open","ping_status":"closed","template":"","meta":{"_mi_skip_tracking":false,"neve_meta_sidebar":"","neve_meta_container":"","neve_meta_enable_content_width":"off","neve_meta_content_width":70,"neve_meta_title_alignment":"","neve_meta_author_avatar":"","neve_post_elements_order":"","neve_meta_disable_header":"","neve_meta_disable_footer":"","neve_meta_disable_title":""},"product_cat":[66,74,57],"product_tag":[58,75],"aioseo_notices":[],"yoast_head":"<!-- This site is optimized with the Yoast SEO plugin v20.5 - https:\/\/yoast.com\/wordpress\/plugins\/seo\/ -->\n<title>Bafang grei\u010dio jutiklis - Taisom ir gaminam<\/title>\n<meta name=\"description\" content=\"Original Bafang sensor speed detection.Bafang speed sensor, compatible with all Bafang mid motor 250w\/350w\/500w\/750W\/1000W.\" \/>\n<meta name=\"robots\" content=\"index, follow, max-snippet:-1, max-image-preview:large, max-video-preview:-1\" \/>\n<link rel=\"canonical\" href=\"https:\/\/www.taisomirgaminam.lt\/lt\/produktas\/bafang-speed-sensor\/\" \/>\n<meta property=\"og:locale\" content=\"lt_LT\" \/>\n<meta property=\"og:type\" content=\"article\" \/>\n<meta property=\"og:title\" content=\"Bafang grei\u010dio jutiklis - Taisom ir gaminam\" \/>\n<meta property=\"og:description\" content=\"Original Bafang sensor speed detection.Bafang speed sensor, compatible with all Bafang mid motor 250w\/350w\/500w\/750W\/1000W.\" \/>\n<meta property=\"og:url\" content=\"https:\/\/www.taisomirgaminam.lt\/lt\/produktas\/bafang-speed-sensor\/\" \/>\n<meta property=\"og:site_name\" content=\"Taisom ir gaminam\" \/>\n<meta property=\"article:publisher\" content=\"https:\/\/www.facebook.com\/Taisom.Gaminam\" \/>\n<meta property=\"article:modified_time\" content=\"2022-08-24T09:33:18+00:00\" \/>\n<meta property=\"og:image\" content=\"https:\/\/i0.wp.com\/www.taisomirgaminam.lt\/wp-content\/uploads\/2022\/08\/Bafang-greicio-jutiklis-taisomirgaminam.lt-5.jpg?fit=918%2C726&ssl=1\" \/>\n\t<meta property=\"og:image:width\" content=\"918\" \/>\n\t<meta property=\"og:image:height\" content=\"726\" \/>\n\t<meta property=\"og:image:type\" content=\"image\/jpeg\" \/>\n<meta name=\"twitter:card\" content=\"summary_large_image\" \/>\n<meta name=\"twitter:label1\" content=\"Est. reading time\" \/>\n\t<meta name=\"twitter:data1\" content=\"1 minut\u0117\" \/>\n<script type=\"application\/ld+json\" class=\"yoast-schema-graph\">{\"@context\":\"https:\/\/schema.org\",\"@graph\":[{\"@type\":\"WebPage\",\"@id\":\"https:\/\/www.taisomirgaminam.lt\/lt\/produktas\/bafang-speed-sensor\/\",\"url\":\"https:\/\/www.taisomirgaminam.lt\/lt\/produktas\/bafang-speed-sensor\/\",\"name\":\"Bafang grei\u010dio jutiklis - Taisom ir gaminam\",\"isPartOf\":{\"@id\":\"https:\/\/www.taisomirgaminam.lt\/lt\/#website\"},\"datePublished\":\"2022-08-24T09:33:17+00:00\",\"dateModified\":\"2022-08-24T09:33:18+00:00\",\"description\":\"Original Bafang sensor speed detection.Bafang speed sensor, compatible with all Bafang mid motor 250w\/350w\/500w\/750W\/1000W.\",\"breadcrumb\":{\"@id\":\"https:\/\/www.taisomirgaminam.lt\/lt\/produktas\/bafang-speed-sensor\/#breadcrumb\"},\"inLanguage\":\"lt-LT\",\"potentialAction\":[{\"@type\":\"ReadAction\",\"target\":[\"https:\/\/www.taisomirgaminam.lt\/lt\/produktas\/bafang-speed-sensor\/\"]}]},{\"@type\":\"BreadcrumbList\",\"@id\":\"https:\/\/www.taisomirgaminam.lt\/lt\/produktas\/bafang-speed-sensor\/#breadcrumb\",\"itemListElement\":[{\"@type\":\"ListItem\",\"position\":1,\"name\":\"Home\",\"item\":\"https:\/\/www.taisomirgaminam.lt\/lt\/\"},{\"@type\":\"ListItem\",\"position\":2,\"name\":\"Parduotuv\u0117\",\"item\":\"https:\/\/www.taisomirgaminam.lt\/lt\/parduotuve\/\"},{\"@type\":\"ListItem\",\"position\":3,\"name\":\"Bafang grei\u010dio jutiklis\"}]},{\"@type\":\"WebSite\",\"@id\":\"https:\/\/www.taisomirgaminam.lt\/lt\/#website\",\"url\":\"https:\/\/www.taisomirgaminam.lt\/lt\/\",\"name\":\"Taisom ir gaminam\",\"description\":\"\",\"publisher\":{\"@id\":\"https:\/\/www.taisomirgaminam.lt\/lt\/#organization\"},\"potentialAction\":[{\"@type\":\"SearchAction\",\"target\":{\"@type\":\"EntryPoint\",\"urlTemplate\":\"https:\/\/www.taisomirgaminam.lt\/lt\/?s={search_term_string}\"},\"query-input\":\"required name=search_term_string\"}],\"inLanguage\":\"lt-LT\"},{\"@type\":\"Organization\",\"@id\":\"https:\/\/www.taisomirgaminam.lt\/lt\/#organization\",\"name\":\"Taisom ir gaminam\",\"url\":\"https:\/\/www.taisomirgaminam.lt\/lt\/\",\"logo\":{\"@type\":\"ImageObject\",\"inLanguage\":\"lt-LT\",\"@id\":\"https:\/\/www.taisomirgaminam.lt\/lt\/#\/schema\/logo\/image\/\",\"url\":\"https:\/\/i1.wp.com\/www.taisomirgaminam.lt\/wp-content\/uploads\/2021\/01\/taisom-ir-gaminam-NEW.png?fit=500%2C500&ssl=1\",\"contentUrl\":\"https:\/\/i1.wp.com\/www.taisomirgaminam.lt\/wp-content\/uploads\/2021\/01\/taisom-ir-gaminam-NEW.png?fit=500%2C500&ssl=1\",\"width\":500,\"height\":500,\"caption\":\"Taisom ir gaminam\"},\"image\":{\"@id\":\"https:\/\/www.taisomirgaminam.lt\/lt\/#\/schema\/logo\/image\/\"},\"sameAs\":[\"https:\/\/www.facebook.com\/Taisom.Gaminam\"]}]}<\/script>\n<!-- \/ Yoast SEO plugin. -->","yoast_head_json":{"title":"Bafang grei\u010dio jutiklis - Taisom ir gaminam","description":"Original Bafang sensor speed detection.Bafang speed sensor, compatible with all Bafang mid motor 250w\/350w\/500w\/750W\/1000W.","robots":{"index":"index","follow":"follow","max-snippet":"max-snippet:-1","max-image-preview":"max-image-preview:large","max-video-preview":"max-video-preview:-1"},"canonical":"https:\/\/www.taisomirgaminam.lt\/lt\/produktas\/bafang-speed-sensor\/","og_locale":"lt_LT","og_type":"article","og_title":"Bafang grei\u010dio jutiklis - Taisom ir gaminam","og_description":"Original Bafang sensor speed detection.Bafang speed sensor, compatible with all Bafang mid motor 250w\/350w\/500w\/750W\/1000W.","og_url":"https:\/\/www.taisomirgaminam.lt\/lt\/produktas\/bafang-speed-sensor\/","og_site_name":"Taisom ir gaminam","article_publisher":"https:\/\/www.facebook.com\/Taisom.Gaminam","article_modified_time":"2022-08-24T09:33:18+00:00","og_image":[{"width":918,"height":726,"url":"https:\/\/i0.wp.com\/www.taisomirgaminam.lt\/wp-content\/uploads\/2022\/08\/Bafang-greicio-jutiklis-taisomirgaminam.lt-5.jpg?fit=918%2C726&ssl=1","type":"image\/jpeg"}],"twitter_card":"summary_large_image","twitter_misc":{"Est. reading time":"1 minut\u0117"},"schema":{"@context":"https:\/\/schema.org","@graph":[{"@type":"WebPage","@id":"https:\/\/www.taisomirgaminam.lt\/lt\/produktas\/bafang-speed-sensor\/","url":"https:\/\/www.taisomirgaminam.lt\/lt\/produktas\/bafang-speed-sensor\/","name":"Bafang grei\u010dio jutiklis - Taisom ir gaminam","isPartOf":{"@id":"https:\/\/www.taisomirgaminam.lt\/lt\/#website"},"datePublished":"2022-08-24T09:33:17+00:00","dateModified":"2022-08-24T09:33:18+00:00","description":"Original Bafang sensor speed detection.Bafang speed sensor, compatible with all Bafang mid motor 250w\/350w\/500w\/750W\/1000W.","breadcrumb":{"@id":"https:\/\/www.taisomirgaminam.lt\/lt\/produktas\/bafang-speed-sensor\/#breadcrumb"},"inLanguage":"lt-LT","potentialAction":[{"@type":"ReadAction","target":["https:\/\/www.taisomirgaminam.lt\/lt\/produktas\/bafang-speed-sensor\/"]}]},{"@type":"BreadcrumbList","@id":"https:\/\/www.taisomirgaminam.lt\/lt\/produktas\/bafang-speed-sensor\/#breadcrumb","itemListElement":[{"@type":"ListItem","position":1,"name":"Home","item":"https:\/\/www.taisomirgaminam.lt\/lt\/"},{"@type":"ListItem","position":2,"name":"Parduotuv\u0117","item":"https:\/\/www.taisomirgaminam.lt\/lt\/parduotuve\/"},{"@type":"ListItem","position":3,"name":"Bafang grei\u010dio jutiklis"}]},{"@type":"WebSite","@id":"https:\/\/www.taisomirgaminam.lt\/lt\/#website","url":"https:\/\/www.taisomirgaminam.lt\/lt\/","name":"Taisom ir gaminam","description":"","publisher":{"@id":"https:\/\/www.taisomirgaminam.lt\/lt\/#organization"},"potentialAction":[{"@type":"SearchAction","target":{"@type":"EntryPoint","urlTemplate":"https:\/\/www.taisomirgaminam.lt\/lt\/?s={search_term_string}"},"query-input":"required name=search_term_string"}],"inLanguage":"lt-LT"},{"@type":"Organization","@id":"https:\/\/www.taisomirgaminam.lt\/lt\/#organization","name":"Taisom ir gaminam","url":"https:\/\/www.taisomirgaminam.lt\/lt\/","logo":{"@type":"ImageObject","inLanguage":"lt-LT","@id":"https:\/\/www.taisomirgaminam.lt\/lt\/#\/schema\/logo\/image\/","url":"https:\/\/i1.wp.com\/www.taisomirgaminam.lt\/wp-content\/uploads\/2021\/01\/taisom-ir-gaminam-NEW.png?fit=500%2C500&ssl=1","contentUrl":"https:\/\/i1.wp.com\/www.taisomirgaminam.lt\/wp-content\/uploads\/2021\/01\/taisom-ir-gaminam-NEW.png?fit=500%2C500&ssl=1","width":500,"height":500,"caption":"Taisom ir gaminam"},"image":{"@id":"https:\/\/www.taisomirgaminam.lt\/lt\/#\/schema\/logo\/image\/"},"sameAs":["https:\/\/www.facebook.com\/Taisom.Gaminam"]}]}},"_links":{"self":[{"href":"https:\/\/www.taisomirgaminam.lt\/lt\/wp-json\/wp\/v2\/product\/1137"}],"collection":[{"href":"https:\/\/www.taisomirgaminam.lt\/lt\/wp-json\/wp\/v2\/product"}],"about":[{"href":"https:\/\/www.taisomirgaminam.lt\/lt\/wp-json\/wp\/v2\/types\/product"}],"replies":[{"embeddable":true,"href":"https:\/\/www.taisomirgaminam.lt\/lt\/wp-json\/wp\/v2\/comments?post=1137"}],"wp:featuredmedia":[{"embeddable":true,"href":"https:\/\/www.taisomirgaminam.lt\/lt\/wp-json\/wp\/v2\/media\/1143"}],"wp:attachment":[{"href":"https:\/\/www.taisomirgaminam.lt\/lt\/wp-json\/wp\/v2\/media?parent=1137"}],"wp:term":[{"taxonomy":"product_cat","embeddable":true,"href":"https:\/\/www.taisomirgaminam.lt\/lt\/wp-json\/wp\/v2\/product_cat?post=1137"},{"taxonomy":"product_tag","embeddable":true,"href":"https:\/\/www.taisomirgaminam.lt\/lt\/wp-json\/wp\/v2\/product_tag?post=1137"}],"curies":[{"name":"wp","href":"https:\/\/api.w.org\/{rel}","templated":true}]}}