{"id":1000,"date":"2022-06-08T11:32:36","date_gmt":"2022-06-08T11:32:36","guid":{"rendered":"https:\/\/www.taisomirgaminam.lt\/?post_type=product&#038;p=1000"},"modified":"2024-10-22T03:30:34","modified_gmt":"2024-10-22T03:30:34","slug":"72v-45ah-surron","status":"publish","type":"product","link":"https:\/\/www.taisomirgaminam.lt\/lt\/produktas\/72v-45ah-surron\/","title":{"rendered":"72v. 45Ah. 21,6kW SAMSUNG SUR-RON"},"content":{"rendered":"<p>Pasidvigubink nuva\u017eiuojam\u0105 atstum\u0105 ir net tris kartus pasididink trauk\u0105. \u0160is akumuliatorius pavers Sur-ron\u2018\u0105 \u012f tikr\u0105 \u201e\u017ev\u0117r\u012f\u201c.<\/p>\n<p>(\u0160is akumuliatorius veikia tik su atnaujintais valdikliais. Jungti akumuliatori\u0173 prie originalaus valdiklio yra draud\u017eiama).<\/p>\n<p>Akumuliatorius yra pagamintas naudojant tikro vario plok\u0161teles, kurios padaro m\u016bs\u0173 akumuliatori\u0173 \u017eymiai prana\u0161esn\u012f nei daugumos konkurent\u0173, kurie naudoja akumuliatori\u0173 gamybai nikelio juosteles.<\/p>\n<p>Koks to prana\u0161umas?<\/p>\n<p>Geresnis kontaktas tarp celi\u0173 = ma\u017eesnis disbalansas ir \u017eemesn\u0117 akumuliatoriaus temperat\u016bra kas lemia akumuliatoriaus ilgesn\u012f tarnavimo laik\u0105!<\/p>\n<p>M\u016bs\u0173 akumuliatoriai yra \u012fdedami \u012f lengv\u0105, tvirt\u0105 aliumin\u012f korpus\u0105 siekiant apsaugoti akumuliatori\u0173 nuo i\u0161or\u0117s pa\u017eeidim\u0173.<\/p>\n<p>Akumuliatoriuje yra integruoti temperat\u016bros davikliai su spec. \u012franga kuri kontroliuoj\u0105 akumuliatori\u0173 ir neleid\u017eia jam perkaisti arba b\u016bti kraunamam esant per \u017eemai ar auk\u0161tai temperat\u016brai.<\/p>\n<p>Akumuliatorius gali jungtis prie program\u0117l\u0117s, kurioje galite steb\u0117ti jo b\u016bsen\u0105 bei kiekvienos celi\u0173 grup\u0117s \u012ftamp\u0105, temperat\u016br\u0105.<\/p>\n<p>Akumuliatoriaus galios pilnai u\u017etenka sur-ron\u2019o varikliui tiek su BAC4000, tiek su BAC8000 valdikliais.<\/p>\n<p>&nbsp;<\/p>\n<p>Rekomenduojama max. variklio galia &#8211; 16200W =16,2kW.<\/p>\n<p>Momentin\u0117 maksimali galia: 21600W = 21,6kW<\/p>\n<p>&nbsp;<\/p>\n<p>Akumuliatorius yra formuojamas ir gaminamas pagal individual\u0173 u\u017esakym\u0105. D\u0117l gamybos ir termino teirautis telefonu arba info<span class=\"atwho-query\">@FabiRide.com<\/span><\/p>\n","protected":false},"excerpt":{"rendered":"<table>\n<tbody>\n<tr>\n<td width=\"119\">Nom. \u012etampa.<\/td>\n<td width=\"119\">\n<p style=\"text-align: center;\">72v.<\/p>\n<\/td>\n<\/tr>\n<tr>\n<td width=\"119\">Max. \u012etampa.<\/td>\n<td width=\"119\">\n<p style=\"text-align: center;\">84v.<\/p>\n<\/td>\n<\/tr>\n<tr>\n<td width=\"119\">Min. \u012etampa.<\/td>\n<td width=\"119\">\n<p style=\"text-align: center;\">60v.<\/p>\n<\/td>\n<\/tr>\n<tr>\n<td width=\"119\">Tapla.<\/td>\n<td width=\"119\">\n<p style=\"text-align: center;\">45 Ah.<\/p>\n<\/td>\n<\/tr>\n<tr>\n<td width=\"119\">Max. galia.<\/td>\n<td width=\"119\">\n<p style=\"text-align: center;\">21,6 kW<\/p>\n<\/td>\n<\/tr>\n<tr>\n<td width=\"119\">Celi\u0173 gamintojas.<\/td>\n<td width=\"119\">\n<p style=\"text-align: center;\">Samsung<\/p>\n<\/td>\n<\/tr>\n<\/tbody>\n<\/table>\n<p>&nbsp;<\/p>\n<p>&nbsp;<\/p>\n","protected":false},"featured_media":1099,"comment_status":"open","ping_status":"closed","template":"","meta":{"_mi_skip_tracking":false,"neve_meta_sidebar":"","neve_meta_container":"","neve_meta_enable_content_width":"off","neve_meta_content_width":70,"neve_meta_title_alignment":"","neve_meta_author_avatar":"","neve_post_elements_order":"","neve_meta_disable_header":"","neve_meta_disable_footer":"","neve_meta_disable_title":""},"product_cat":[66,81,85],"product_tag":[82,75,86],"aioseo_notices":[],"yoast_head":"<!-- This site is optimized with the Yoast SEO plugin v20.5 - https:\/\/yoast.com\/wordpress\/plugins\/seo\/ -->\n<title>72v. 45Ah. 21,6kW SAMSUNG SUR-RON - Taisom ir gaminam<\/title>\n<meta name=\"description\" content=\"Increase your range and torque with a new Sur-Ron battery. This Sur-Ron 72v battery is compatible with the Sur Ron. Best capacity and power in one item!\" \/>\n<meta name=\"robots\" content=\"index, follow, max-snippet:-1, max-image-preview:large, max-video-preview:-1\" \/>\n<link rel=\"canonical\" href=\"https:\/\/www.taisomirgaminam.lt\/lt\/produktas\/72v-45ah-surron\/\" \/>\n<meta property=\"og:locale\" content=\"lt_LT\" \/>\n<meta property=\"og:type\" content=\"article\" \/>\n<meta property=\"og:title\" content=\"72v. 45Ah. 21,6kW SAMSUNG SUR-RON - Taisom ir gaminam\" \/>\n<meta property=\"og:description\" content=\"Increase your range and torque with a new Sur-Ron battery. This Sur-Ron 72v battery is compatible with the Sur Ron. Best capacity and power in one item!\" \/>\n<meta property=\"og:url\" content=\"https:\/\/www.taisomirgaminam.lt\/lt\/produktas\/72v-45ah-surron\/\" \/>\n<meta property=\"og:site_name\" content=\"Taisom ir gaminam\" \/>\n<meta property=\"article:publisher\" content=\"https:\/\/www.facebook.com\/Taisom.Gaminam\" \/>\n<meta property=\"article:modified_time\" content=\"2024-10-22T03:30:34+00:00\" \/>\n<meta property=\"og:image\" content=\"https:\/\/i0.wp.com\/www.taisomirgaminam.lt\/wp-content\/uploads\/2022\/06\/Sur-ron-battery-72v-45ah-taisomirgaminam.lt_6.jpg?fit=1800%2C2400&ssl=1\" \/>\n\t<meta property=\"og:image:width\" content=\"1800\" \/>\n\t<meta property=\"og:image:height\" content=\"2400\" \/>\n\t<meta property=\"og:image:type\" content=\"image\/jpeg\" \/>\n<meta name=\"twitter:card\" content=\"summary_large_image\" \/>\n<meta name=\"twitter:label1\" content=\"Est. reading time\" \/>\n\t<meta name=\"twitter:data1\" content=\"1 minut\u0117\" \/>\n<script type=\"application\/ld+json\" class=\"yoast-schema-graph\">{\"@context\":\"https:\/\/schema.org\",\"@graph\":[{\"@type\":\"WebPage\",\"@id\":\"https:\/\/www.taisomirgaminam.lt\/lt\/produktas\/72v-45ah-surron\/\",\"url\":\"https:\/\/www.taisomirgaminam.lt\/lt\/produktas\/72v-45ah-surron\/\",\"name\":\"72v. 45Ah. 21,6kW SAMSUNG SUR-RON - Taisom ir gaminam\",\"isPartOf\":{\"@id\":\"https:\/\/www.taisomirgaminam.lt\/lt\/#website\"},\"datePublished\":\"2022-06-08T11:32:36+00:00\",\"dateModified\":\"2024-10-22T03:30:34+00:00\",\"description\":\"Increase your range and torque with a new Sur-Ron battery. This Sur-Ron 72v battery is compatible with the Sur Ron. Best capacity and power in one item!\",\"breadcrumb\":{\"@id\":\"https:\/\/www.taisomirgaminam.lt\/lt\/produktas\/72v-45ah-surron\/#breadcrumb\"},\"inLanguage\":\"lt-LT\",\"potentialAction\":[{\"@type\":\"ReadAction\",\"target\":[\"https:\/\/www.taisomirgaminam.lt\/lt\/produktas\/72v-45ah-surron\/\"]}]},{\"@type\":\"BreadcrumbList\",\"@id\":\"https:\/\/www.taisomirgaminam.lt\/lt\/produktas\/72v-45ah-surron\/#breadcrumb\",\"itemListElement\":[{\"@type\":\"ListItem\",\"position\":1,\"name\":\"Home\",\"item\":\"https:\/\/www.taisomirgaminam.lt\/lt\/\"},{\"@type\":\"ListItem\",\"position\":2,\"name\":\"Parduotuv\u0117\",\"item\":\"https:\/\/www.taisomirgaminam.lt\/lt\/parduotuve\/\"},{\"@type\":\"ListItem\",\"position\":3,\"name\":\"72v. 45Ah. 21,6kW SAMSUNG SUR-RON\"}]},{\"@type\":\"WebSite\",\"@id\":\"https:\/\/www.taisomirgaminam.lt\/lt\/#website\",\"url\":\"https:\/\/www.taisomirgaminam.lt\/lt\/\",\"name\":\"Taisom ir gaminam\",\"description\":\"\",\"publisher\":{\"@id\":\"https:\/\/www.taisomirgaminam.lt\/lt\/#organization\"},\"potentialAction\":[{\"@type\":\"SearchAction\",\"target\":{\"@type\":\"EntryPoint\",\"urlTemplate\":\"https:\/\/www.taisomirgaminam.lt\/lt\/?s={search_term_string}\"},\"query-input\":\"required name=search_term_string\"}],\"inLanguage\":\"lt-LT\"},{\"@type\":\"Organization\",\"@id\":\"https:\/\/www.taisomirgaminam.lt\/lt\/#organization\",\"name\":\"Taisom ir gaminam\",\"url\":\"https:\/\/www.taisomirgaminam.lt\/lt\/\",\"logo\":{\"@type\":\"ImageObject\",\"inLanguage\":\"lt-LT\",\"@id\":\"https:\/\/www.taisomirgaminam.lt\/lt\/#\/schema\/logo\/image\/\",\"url\":\"https:\/\/i1.wp.com\/www.taisomirgaminam.lt\/wp-content\/uploads\/2021\/01\/taisom-ir-gaminam-NEW.png?fit=500%2C500&ssl=1\",\"contentUrl\":\"https:\/\/i1.wp.com\/www.taisomirgaminam.lt\/wp-content\/uploads\/2021\/01\/taisom-ir-gaminam-NEW.png?fit=500%2C500&ssl=1\",\"width\":500,\"height\":500,\"caption\":\"Taisom ir gaminam\"},\"image\":{\"@id\":\"https:\/\/www.taisomirgaminam.lt\/lt\/#\/schema\/logo\/image\/\"},\"sameAs\":[\"https:\/\/www.facebook.com\/Taisom.Gaminam\"]}]}<\/script>\n<!-- \/ Yoast SEO plugin. -->","yoast_head_json":{"title":"72v. 45Ah. 21,6kW SAMSUNG SUR-RON - Taisom ir gaminam","description":"Increase your range and torque with a new Sur-Ron battery. This Sur-Ron 72v battery is compatible with the Sur Ron. Best capacity and power in one item!","robots":{"index":"index","follow":"follow","max-snippet":"max-snippet:-1","max-image-preview":"max-image-preview:large","max-video-preview":"max-video-preview:-1"},"canonical":"https:\/\/www.taisomirgaminam.lt\/lt\/produktas\/72v-45ah-surron\/","og_locale":"lt_LT","og_type":"article","og_title":"72v. 45Ah. 21,6kW SAMSUNG SUR-RON - Taisom ir gaminam","og_description":"Increase your range and torque with a new Sur-Ron battery. This Sur-Ron 72v battery is compatible with the Sur Ron. Best capacity and power in one item!","og_url":"https:\/\/www.taisomirgaminam.lt\/lt\/produktas\/72v-45ah-surron\/","og_site_name":"Taisom ir gaminam","article_publisher":"https:\/\/www.facebook.com\/Taisom.Gaminam","article_modified_time":"2024-10-22T03:30:34+00:00","og_image":[{"width":1800,"height":2400,"url":"https:\/\/i0.wp.com\/www.taisomirgaminam.lt\/wp-content\/uploads\/2022\/06\/Sur-ron-battery-72v-45ah-taisomirgaminam.lt_6.jpg?fit=1800%2C2400&ssl=1","type":"image\/jpeg"}],"twitter_card":"summary_large_image","twitter_misc":{"Est. reading time":"1 minut\u0117"},"schema":{"@context":"https:\/\/schema.org","@graph":[{"@type":"WebPage","@id":"https:\/\/www.taisomirgaminam.lt\/lt\/produktas\/72v-45ah-surron\/","url":"https:\/\/www.taisomirgaminam.lt\/lt\/produktas\/72v-45ah-surron\/","name":"72v. 45Ah. 21,6kW SAMSUNG SUR-RON - Taisom ir gaminam","isPartOf":{"@id":"https:\/\/www.taisomirgaminam.lt\/lt\/#website"},"datePublished":"2022-06-08T11:32:36+00:00","dateModified":"2024-10-22T03:30:34+00:00","description":"Increase your range and torque with a new Sur-Ron battery. This Sur-Ron 72v battery is compatible with the Sur Ron. Best capacity and power in one item!","breadcrumb":{"@id":"https:\/\/www.taisomirgaminam.lt\/lt\/produktas\/72v-45ah-surron\/#breadcrumb"},"inLanguage":"lt-LT","potentialAction":[{"@type":"ReadAction","target":["https:\/\/www.taisomirgaminam.lt\/lt\/produktas\/72v-45ah-surron\/"]}]},{"@type":"BreadcrumbList","@id":"https:\/\/www.taisomirgaminam.lt\/lt\/produktas\/72v-45ah-surron\/#breadcrumb","itemListElement":[{"@type":"ListItem","position":1,"name":"Home","item":"https:\/\/www.taisomirgaminam.lt\/lt\/"},{"@type":"ListItem","position":2,"name":"Parduotuv\u0117","item":"https:\/\/www.taisomirgaminam.lt\/lt\/parduotuve\/"},{"@type":"ListItem","position":3,"name":"72v. 45Ah. 21,6kW SAMSUNG SUR-RON"}]},{"@type":"WebSite","@id":"https:\/\/www.taisomirgaminam.lt\/lt\/#website","url":"https:\/\/www.taisomirgaminam.lt\/lt\/","name":"Taisom ir gaminam","description":"","publisher":{"@id":"https:\/\/www.taisomirgaminam.lt\/lt\/#organization"},"potentialAction":[{"@type":"SearchAction","target":{"@type":"EntryPoint","urlTemplate":"https:\/\/www.taisomirgaminam.lt\/lt\/?s={search_term_string}"},"query-input":"required name=search_term_string"}],"inLanguage":"lt-LT"},{"@type":"Organization","@id":"https:\/\/www.taisomirgaminam.lt\/lt\/#organization","name":"Taisom ir gaminam","url":"https:\/\/www.taisomirgaminam.lt\/lt\/","logo":{"@type":"ImageObject","inLanguage":"lt-LT","@id":"https:\/\/www.taisomirgaminam.lt\/lt\/#\/schema\/logo\/image\/","url":"https:\/\/i1.wp.com\/www.taisomirgaminam.lt\/wp-content\/uploads\/2021\/01\/taisom-ir-gaminam-NEW.png?fit=500%2C500&ssl=1","contentUrl":"https:\/\/i1.wp.com\/www.taisomirgaminam.lt\/wp-content\/uploads\/2021\/01\/taisom-ir-gaminam-NEW.png?fit=500%2C500&ssl=1","width":500,"height":500,"caption":"Taisom ir gaminam"},"image":{"@id":"https:\/\/www.taisomirgaminam.lt\/lt\/#\/schema\/logo\/image\/"},"sameAs":["https:\/\/www.facebook.com\/Taisom.Gaminam"]}]}},"_links":{"self":[{"href":"https:\/\/www.taisomirgaminam.lt\/lt\/wp-json\/wp\/v2\/product\/1000"}],"collection":[{"href":"https:\/\/www.taisomirgaminam.lt\/lt\/wp-json\/wp\/v2\/product"}],"about":[{"href":"https:\/\/www.taisomirgaminam.lt\/lt\/wp-json\/wp\/v2\/types\/product"}],"replies":[{"embeddable":true,"href":"https:\/\/www.taisomirgaminam.lt\/lt\/wp-json\/wp\/v2\/comments?post=1000"}],"wp:featuredmedia":[{"embeddable":true,"href":"https:\/\/www.taisomirgaminam.lt\/lt\/wp-json\/wp\/v2\/media\/1099"}],"wp:attachment":[{"href":"https:\/\/www.taisomirgaminam.lt\/lt\/wp-json\/wp\/v2\/media?parent=1000"}],"wp:term":[{"taxonomy":"product_cat","embeddable":true,"href":"https:\/\/www.taisomirgaminam.lt\/lt\/wp-json\/wp\/v2\/product_cat?post=1000"},{"taxonomy":"product_tag","embeddable":true,"href":"https:\/\/www.taisomirgaminam.lt\/lt\/wp-json\/wp\/v2\/product_tag?post=1000"}],"curies":[{"name":"wp","href":"https:\/\/api.w.org\/{rel}","templated":true}]}}