{"id":478,"date":"2021-03-01T12:11:33","date_gmt":"2021-03-01T12:11:33","guid":{"rendered":"https:\/\/www.taisomirgaminam.lt\/478-2\/"},"modified":"2023-02-05T14:52:23","modified_gmt":"2023-02-05T14:52:23","slug":"pagrindinis","status":"publish","type":"page","link":"https:\/\/www.taisomirgaminam.lt\/lt\/","title":{"rendered":"Pagrindinis"},"content":{"rendered":"<div class=\"nicepage-container\"><div class=\"\" style=\"\" >        <script>\n            (function ($) {\n                var ResponsiveCms = window.ResponsiveCms;\n                if (!ResponsiveCms) {\n                    return;\n                }\n                ResponsiveCms.contentDom = $('script:last').parent();\n                ResponsiveCms.prevMode = \"XL\";\n\n                if (typeof ResponsiveCms.recalcClasses === 'function') {\n                    ResponsiveCms.recalcClasses();\n                }\n            })(jQuery);\n        <\/script>\n        \n    \n    <section class=\"u-clearfix u-image u-shading u-section-2\" src=\"\" data-image-width=\"4089\" data-image-height=\"2334\" id=\"sec-dd60\">\n      <div class=\"u-clearfix u-sheet u-sheet-1\">\n        <div class=\"u-align-center u-container-style u-expanded-width-md u-expanded-width-sm u-group u-opacity u-opacity-0 u-shape-rectangle u-group-1\">\n          <div class=\"u-container-layout u-valign-bottom-sm u-container-layout-1\">\n            <h1 class=\"u-text u-text-white u-title u-text-1\">Sugedo? \u2013 Pataisysime!&nbsp;<br>Reikia naujo? \u2013 Pagaminsime!\n            <\/h1>\n            <p class=\"u-large-text u-text u-text-body-alt-color u-text-variant u-text-2\">Taisome, gaminame ir tobuliname elektrinius paspirtukus, dvira\u010dius, gr\u0119\u017etuvus, akumuliatorius ir dar daug dalyk\u0173! Kur mus rasti?<\/p>\n            <a href=\"https:\/\/www.taisomirgaminam.lt\/kur-mus-rasti\/\" class=\"u-btn u-btn-round u-button-style u-custom-color-1 u-hover-custom-color-2 u-radius-50 u-btn-1\" data-animation-name=\"zoomIn\" data-animation-duration=\"1000\" data-animation-delay=\"0\" data-animation-direction=\"\">Susisiekti su mumis<\/a>\n            <a href=\"https:\/\/www.taisomirgaminam.lt\/remontas\/\" class=\"u-btn u-btn-round u-button-style u-hidden-sm u-hidden-xs u-hover-palette-5-dark-2 u-palette-5-dark-3 u-radius-50 u-btn-2\" data-animation-name=\"zoomIn\" data-animation-duration=\"1000\" data-animation-delay=\"0\" data-animation-direction=\"\">Pla\u010diau<\/a>\n          <\/div>\n        <\/div>\n      <\/div>\n    <\/section>\n    <section class=\"u-clearfix u-section-3\" id=\"sec-dc0c\">\n      <div class=\"u-clearfix u-sheet u-valign-middle-lg u-valign-middle-xl u-sheet-1\">\n        <div class=\"u-expanded-width u-list u-repeater u-list-1\">\n          <div class=\"u-align-center u-container-style u-list-item u-repeater-item\">\n            <div class=\"u-container-layout u-similar-container u-valign-top-lg u-valign-top-md u-valign-top-sm u-valign-top-xs u-container-layout-1\">\n              <img alt=\"\" class=\"u-image u-image-default u-image-1\" data-image-width=\"42\" data-image-height=\"42\" src=\"https:\/\/www.taisomirgaminam.lt\/wp-content\/themes\/neve\/assets\/img\/starter-content\/icon-03.svg\">\n              <h3 class=\"u-text u-text-1\">Greitas pristatymas<\/h3>\n              <p class=\"u-text u-text-2\">U\u017esakytas prekes i\u0161si\u0173sime t\u0105 pa\u010di\u0105 dien\u0105.<\/p>\n            <\/div>\n          <\/div>\n          <div class=\"u-align-center u-container-style u-list-item u-repeater-item\">\n            <div class=\"u-container-layout u-similar-container u-valign-top-lg u-valign-top-md u-valign-top-sm u-valign-top-xs u-container-layout-2\">\n              <img alt=\"\" class=\"u-image u-image-default u-image-2\" data-image-width=\"42\" data-image-height=\"42\" src=\"https:\/\/www.taisomirgaminam.lt\/wp-content\/themes\/neve\/assets\/img\/starter-content\/icon-02.svg\">\n              <h3 class=\"u-text u-text-3\">Greitas ir kokybi\u0161kas servisas<\/h3>\n              <p class=\"u-text u-text-4\">Pagrindines detales remontui turime vietoje.<\/p>\n            <\/div>\n          <\/div>\n          <div class=\"u-align-center u-container-style u-list-item u-repeater-item\">\n            <div class=\"u-container-layout u-similar-container u-valign-top-lg u-valign-top-md u-valign-top-sm u-valign-top-xs u-container-layout-3\">\n              <img alt=\"\" class=\"u-image u-image-default u-image-3\" data-image-width=\"42\" data-image-height=\"42\" src=\"https:\/\/www.taisomirgaminam.lt\/wp-content\/themes\/neve\/assets\/img\/starter-content\/icon-01.svg\">\n              <h3 class=\"u-text u-text-5\">Galios didinimas<\/h3>\n              <p class=\"u-text u-text-6\">Grei\u010dio, galios ir nuva\u017eiuojamo atstumo didinimas.<\/p>\n            <\/div>\n          <\/div>\n        <\/div>\n      <\/div>\n    <\/section>\n    <section class=\"u-clearfix u-grey-5 u-section-4\" id=\"sec-bd5a\">\n      <div class=\"u-clearfix u-sheet u-valign-middle-lg u-valign-middle-xl u-sheet-1\">\n        <div class=\"u-clearfix u-expanded-width u-gutter-10 u-layout-wrap u-layout-wrap-1\">\n          <div class=\"u-layout\" style=\"\">\n            <div class=\"u-layout-row\" style=\"\">\n              <div class=\"u-align-left u-container-style u-image u-layout-cell u-left-cell u-size-30 u-size-xs-60 u-image-1\" src=\"\" data-image-width=\"1000\" data-image-height=\"667\">\n                <div class=\"u-container-layout u-valign-middle u-container-layout-1\" src=\"\"><\/div>\n              <\/div>\n              <div class=\"u-align-left u-container-style u-grey-5 u-layout-cell u-right-cell u-size-30 u-size-xs-60 u-layout-cell-2\">\n                <div class=\"u-container-layout u-valign-middle-lg u-valign-middle-md u-valign-middle-sm u-valign-middle-xs u-container-layout-2\">\n                  <h2 class=\"u-text u-text-1\">Paspirtuk\u0173 remontas<span style=\"font-weight: 700;\"><\/span>\n                  <\/h2>\n                  <p class=\"u-custom-font u-heading-font u-text u-text-2\">Ne\u012fsijungia? Nesikrauna? Sprogo padanga? O gal tiesiog nori patobulinti bet ne\u017einai kaip tai daryti? Nerizikuok, atve\u0161k mums ir visk\u0105 padarysim u\u017e tave! O jei sugedo, rasim gedim\u0105 ir pa\u0161alinsime!<\/p>\n                <\/div>\n              <\/div>\n            <\/div>\n          <\/div>\n        <\/div>\n      <\/div>\n    <\/section>\n    <section class=\"u-clearfix u-section-5\" id=\"carousel_cc6c\">\n      <div class=\"u-clearfix u-sheet u-valign-middle-lg u-valign-middle-md u-sheet-1\">\n        <div class=\"u-clearfix u-expanded-width u-layout-wrap u-layout-wrap-1\">\n          <div class=\"u-layout\">\n            <div class=\"u-layout-row\">\n              <div class=\"u-container-style u-layout-cell u-size-29-lg u-size-29-md u-size-29-sm u-size-29-xs u-size-30-xl u-layout-cell-1\">\n                <div class=\"u-container-layout u-container-layout-1\">\n                  <h2 class=\"u-text u-text-1\">Dvira\u010di\u0173 remontas<span style=\"font-weight: 700;\"><\/span>\n                  <\/h2>\n                  <p class=\"u-custom-font u-heading-font u-text u-text-2\">Neva\u017eiuoja? Per l\u0117tas? Sugedo? Ne problema! Atve\u0161k, sutvarkysim ir pasi\u016blysim geriausi\u0105 variant\u0105 grei\u010dio bei nuva\u017eiuojamo atstumo padidinimui!<\/p>\n                <\/div>\n              <\/div>\n              <div class=\"u-align-left u-container-style u-image u-layout-cell u-size-30-xl u-size-31-lg u-size-31-md u-size-31-sm u-size-31-xs u-image-1\" data-image-width=\"800\" data-image-height=\"400\">\n                <div class=\"u-container-layout u-valign-middle u-container-layout-2\" src=\"\"><\/div>\n              <\/div>\n            <\/div>\n          <\/div>\n        <\/div>\n      <\/div>\n    <\/section>\n    <section class=\"u-black u-clearfix u-section-6\" id=\"carousel_66c8\">\n      <div class=\"u-clearfix u-sheet u-valign-middle u-sheet-1\">\n        <div class=\"u-clearfix u-expanded-width u-gutter-10 u-layout-wrap u-layout-wrap-1\">\n          <div class=\"u-layout\" style=\"\">\n            <div class=\"u-layout-row\" style=\"\">\n              <div class=\"u-align-left u-container-style u-image u-layout-cell u-left-cell u-size-30 u-size-xs-60 u-image-1\" src=\"\" data-image-width=\"875\" data-image-height=\"811\">\n                <div class=\"u-container-layout u-valign-middle u-container-layout-1\" src=\"\"><\/div>\n              <\/div>\n              <div class=\"u-align-left-lg u-align-left-md u-align-left-xl u-container-style u-grey-90 u-layout-cell u-right-cell u-size-30 u-size-xs-60 u-layout-cell-2\">\n                <div class=\"u-container-layout u-valign-middle u-container-layout-2\">\n                  <h2 class=\"u-align-center-sm u-align-center-xs u-text u-text-1\">Akumuliatori\u0173 gamyba bei remontas<br>\n                  <\/h2>\n                  <p class=\"u-align-left-sm u-align-left-xs u-custom-font u-heading-font u-text u-text-2\">Nesikrauna? Nuva\u017eiuoji per ma\u017e\u0105 atstum\u0105? Ne b\u0117da! Sutaisysim! O jei senas akumuliatorius tiesiog nusid\u0117v\u0117jo ir reik naujo \u2013 pas\u016blysim kelet\u0105 geriausi\u0173 kainos ir kokyb\u0117s santykio sprendim\u0173, i\u0161 kuri\u0173 gal\u0117sit i\u0161sirinkti!<\/p>\n                <\/div>\n              <\/div>\n            <\/div>\n          <\/div>\n        <\/div>\n      <\/div>\n    <\/section>\n    <section class=\"u-clearfix u-grey-10 u-section-7\" id=\"carousel_7d65\">\n      <div class=\"u-clearfix u-sheet u-valign-middle-lg u-sheet-1\">\n        <div class=\"u-clearfix u-expanded-width-lg u-expanded-width-sm u-expanded-width-xs u-layout-wrap u-layout-wrap-1\">\n          <div class=\"u-layout\">\n            <div class=\"u-layout-row\">\n              <div class=\"u-align-center-sm u-align-center-xs u-container-style u-grey-10 u-layout-cell u-size-27-lg u-size-27-xl u-size-29-md u-size-29-sm u-size-29-xs u-layout-cell-1\">\n                <div class=\"u-container-layout u-container-layout-1\">\n                  <h2 class=\"u-text u-text-1\">Inokim, Zero, Xiaomi ir dar daug kit\u0173 paspirtuk\u0173 bei dvira\u010di\u0173 galios ir grei\u010dio didinimas!<br>\n                  <\/h2>\n                  <p class=\"u-custom-font u-heading-font u-text u-text-2\">Turi galinga paspirtuk\u0105 ar dvirat\u012f, bet vis dar per l\u0117tas ar per silpnas? Kaip tik turime tau sprendim\u0105!<\/p>\n                <\/div>\n              <\/div>\n              <div class=\"u-align-left u-container-style u-image u-layout-cell u-size-31-md u-size-31-sm u-size-31-xs u-size-33-lg u-size-33-xl u-image-1\" data-image-width=\"2048\" data-image-height=\"1536\">\n                <div class=\"u-container-layout u-valign-middle u-container-layout-2\" src=\"\"><\/div>\n              <\/div>\n            <\/div>\n          <\/div>\n        <\/div>\n      <\/div>\n    <\/section>\n    <section class=\"u-clearfix u-section-8\" id=\"sec-ebb2\">\n      <div class=\"u-clearfix u-sheet u-sheet-1\">\n        <h1 class=\"u-align-center u-text u-text-1\">Bendradarbiaujame su<\/h1>\n        <img src=\"https:\/\/i0.wp.com\/www.taisomirgaminam.lt\/wp-content\/uploads\/2021\/04\/bendradarbiaujame2_.jpg?w=1200&#038;ssl=1\" alt=\"\" class=\"u-expanded-width-xs u-image u-image-round u-radius-50 u-image-1\" data-recalc-dims=\"1\">\n      <\/div>\n    <\/section>\n    <section class=\"u-black u-clearfix u-section-9\" id=\"sec-4459\">\n      <div class=\"u-clearfix u-sheet u-valign-middle-lg u-valign-middle-md u-valign-middle-sm u-valign-middle-xs u-sheet-1\">\n        <h1 class=\"u-align-center u-text u-text-1\">Nelauk ir nerizikuok taisydamas pats!<\/h1>\n        <h2 class=\"u-align-center u-text u-text-2\">Atve\u0161k \/ atsi\u0173sk mums ir mes perimsim j\u016bs\u0173 \u201cgalvos skausm\u0105\u201d panaikindami gedimus!<\/h2>\n        <a href=\"https:\/\/www.taisomirgaminam.lt\/kur-mus-rasti\/\" class=\"u-btn u-btn-round u-button-style u-custom-color-1 u-hover-custom-color-2 u-radius-50 u-btn-1\" data-animation-name=\"bounceIn\" data-animation-duration=\"1000\" data-animation-delay=\"0\" data-animation-direction=\"\">Susisiekti su mumis<\/a>\n      <\/div>\n    <\/section>\n    \n    \n  \n<\/div><\/div>","protected":false},"excerpt":{"rendered":"<p>Sugedo? \u2013 Pataisysime!&nbsp;Reikia naujo? \u2013 Pagaminsime! Taisome, gaminame ir tobuliname elektrinius paspirtukus, dvira\u010dius, gr\u0119\u017etuvus, akumuliatorius ir dar daug dalyk\u0173! Kur mus rasti? Susisiekti su mumis Pla\u010diau Greitas pristatymas U\u017esakytas prekes i\u0161si\u0173sime t\u0105 pa\u010di\u0105 dien\u0105. Greitas ir kokybi\u0161kas servisas Pagrindines detales remontui turime vietoje. Galios didinimas Grei\u010dio, galios ir nuva\u017eiuojamo atstumo didinimas. Paspirtuk\u0173 remontas Ne\u012fsijungia? Nesikrauna?&hellip;&nbsp;<a href=\"https:\/\/www.taisomirgaminam.lt\/lt\/\" class=\"\" rel=\"bookmark\">Read More &raquo;<span class=\"screen-reader-text\">Pagrindinis<\/span><\/a><\/p>\n","protected":false},"author":1,"featured_media":0,"parent":0,"menu_order":0,"comment_status":"closed","ping_status":"closed","template":"","meta":{"_mi_skip_tracking":false,"neve_meta_sidebar":"","neve_meta_container":"","neve_meta_enable_content_width":"off","neve_meta_content_width":70,"neve_meta_title_alignment":"","neve_meta_author_avatar":"","neve_post_elements_order":"","neve_meta_disable_header":"","neve_meta_disable_footer":"","neve_meta_disable_title":""},"aioseo_notices":[],"yoast_head":"<!-- This site is optimized with the Yoast SEO plugin v20.5 - https:\/\/yoast.com\/wordpress\/plugins\/seo\/ -->\n<title>Pagrindinis - Taisom ir gaminam<\/title>\n<meta name=\"description\" content=\"Elektrini\u0173 paspirtuk\u0173, dvira\u010di\u0173, SurRon | Talaria servisas | remontas | taisymas | tobulinimas | galios didinimas | akumuliatori\u0173 gamyba.\" \/>\n<meta name=\"robots\" content=\"index, follow, max-snippet:-1, max-image-preview:large, max-video-preview:-1\" \/>\n<link rel=\"canonical\" href=\"https:\/\/www.taisomirgaminam.lt\/lt\/\" \/>\n<meta property=\"og:locale\" content=\"lt_LT\" \/>\n<meta property=\"og:type\" content=\"article\" \/>\n<meta property=\"og:title\" content=\"Pagrindinis - Taisom ir gaminam\" \/>\n<meta property=\"og:description\" content=\"Elektrini\u0173 paspirtuk\u0173, dvira\u010di\u0173, SurRon | Talaria servisas | remontas | taisymas | tobulinimas | galios didinimas | akumuliatori\u0173 gamyba.\" \/>\n<meta property=\"og:url\" content=\"https:\/\/www.taisomirgaminam.lt\/lt\/\" \/>\n<meta property=\"og:site_name\" content=\"Taisom ir gaminam\" \/>\n<meta property=\"article:publisher\" content=\"https:\/\/www.facebook.com\/Taisom.Gaminam\" \/>\n<meta property=\"article:modified_time\" content=\"2023-02-05T14:52:23+00:00\" \/>\n<meta name=\"twitter:card\" content=\"summary_large_image\" \/>\n<meta name=\"twitter:label1\" content=\"Est. reading time\" \/>\n\t<meta name=\"twitter:data1\" content=\"2 minut\u0117s\" \/>\n<script type=\"application\/ld+json\" class=\"yoast-schema-graph\">{\"@context\":\"https:\/\/schema.org\",\"@graph\":[{\"@type\":\"WebPage\",\"@id\":\"https:\/\/www.taisomirgaminam.lt\/lt\/\",\"url\":\"https:\/\/www.taisomirgaminam.lt\/lt\/\",\"name\":\"Pagrindinis - Taisom ir gaminam\",\"isPartOf\":{\"@id\":\"https:\/\/www.taisomirgaminam.lt\/lt\/#website\"},\"datePublished\":\"2021-03-01T12:11:33+00:00\",\"dateModified\":\"2023-02-05T14:52:23+00:00\",\"description\":\"Elektrini\u0173 paspirtuk\u0173, dvira\u010di\u0173, SurRon | Talaria servisas | remontas | taisymas | tobulinimas | galios didinimas | akumuliatori\u0173 gamyba.\",\"breadcrumb\":{\"@id\":\"https:\/\/www.taisomirgaminam.lt\/lt\/#breadcrumb\"},\"inLanguage\":\"lt-LT\",\"potentialAction\":[{\"@type\":\"ReadAction\",\"target\":[\"https:\/\/www.taisomirgaminam.lt\/lt\/\"]}]},{\"@type\":\"BreadcrumbList\",\"@id\":\"https:\/\/www.taisomirgaminam.lt\/lt\/#breadcrumb\",\"itemListElement\":[{\"@type\":\"ListItem\",\"position\":1,\"name\":\"Home\",\"item\":\"https:\/\/www.taisomirgaminam.lt\/lt\/\"},{\"@type\":\"ListItem\",\"position\":2,\"name\":\"Pagrindinis\"}]},{\"@type\":\"WebSite\",\"@id\":\"https:\/\/www.taisomirgaminam.lt\/lt\/#website\",\"url\":\"https:\/\/www.taisomirgaminam.lt\/lt\/\",\"name\":\"Taisom ir gaminam\",\"description\":\"\",\"publisher\":{\"@id\":\"https:\/\/www.taisomirgaminam.lt\/lt\/#organization\"},\"potentialAction\":[{\"@type\":\"SearchAction\",\"target\":{\"@type\":\"EntryPoint\",\"urlTemplate\":\"https:\/\/www.taisomirgaminam.lt\/lt\/?s={search_term_string}\"},\"query-input\":\"required name=search_term_string\"}],\"inLanguage\":\"lt-LT\"},{\"@type\":\"Organization\",\"@id\":\"https:\/\/www.taisomirgaminam.lt\/lt\/#organization\",\"name\":\"Taisom ir gaminam\",\"url\":\"https:\/\/www.taisomirgaminam.lt\/lt\/\",\"logo\":{\"@type\":\"ImageObject\",\"inLanguage\":\"lt-LT\",\"@id\":\"https:\/\/www.taisomirgaminam.lt\/lt\/#\/schema\/logo\/image\/\",\"url\":\"https:\/\/i1.wp.com\/www.taisomirgaminam.lt\/wp-content\/uploads\/2021\/01\/taisom-ir-gaminam-NEW.png?fit=500%2C500&ssl=1\",\"contentUrl\":\"https:\/\/i1.wp.com\/www.taisomirgaminam.lt\/wp-content\/uploads\/2021\/01\/taisom-ir-gaminam-NEW.png?fit=500%2C500&ssl=1\",\"width\":500,\"height\":500,\"caption\":\"Taisom ir gaminam\"},\"image\":{\"@id\":\"https:\/\/www.taisomirgaminam.lt\/lt\/#\/schema\/logo\/image\/\"},\"sameAs\":[\"https:\/\/www.facebook.com\/Taisom.Gaminam\"]}]}<\/script>\n<!-- \/ Yoast SEO plugin. -->","yoast_head_json":{"title":"Pagrindinis - Taisom ir gaminam","description":"Elektrini\u0173 paspirtuk\u0173, dvira\u010di\u0173, SurRon | Talaria servisas | remontas | taisymas | tobulinimas | galios didinimas | akumuliatori\u0173 gamyba.","robots":{"index":"index","follow":"follow","max-snippet":"max-snippet:-1","max-image-preview":"max-image-preview:large","max-video-preview":"max-video-preview:-1"},"canonical":"https:\/\/www.taisomirgaminam.lt\/lt\/","og_locale":"lt_LT","og_type":"article","og_title":"Pagrindinis - Taisom ir gaminam","og_description":"Elektrini\u0173 paspirtuk\u0173, dvira\u010di\u0173, SurRon | Talaria servisas | remontas | taisymas | tobulinimas | galios didinimas | akumuliatori\u0173 gamyba.","og_url":"https:\/\/www.taisomirgaminam.lt\/lt\/","og_site_name":"Taisom ir gaminam","article_publisher":"https:\/\/www.facebook.com\/Taisom.Gaminam","article_modified_time":"2023-02-05T14:52:23+00:00","twitter_card":"summary_large_image","twitter_misc":{"Est. reading time":"2 minut\u0117s"},"schema":{"@context":"https:\/\/schema.org","@graph":[{"@type":"WebPage","@id":"https:\/\/www.taisomirgaminam.lt\/lt\/","url":"https:\/\/www.taisomirgaminam.lt\/lt\/","name":"Pagrindinis - Taisom ir gaminam","isPartOf":{"@id":"https:\/\/www.taisomirgaminam.lt\/lt\/#website"},"datePublished":"2021-03-01T12:11:33+00:00","dateModified":"2023-02-05T14:52:23+00:00","description":"Elektrini\u0173 paspirtuk\u0173, dvira\u010di\u0173, SurRon | Talaria servisas | remontas | taisymas | tobulinimas | galios didinimas | akumuliatori\u0173 gamyba.","breadcrumb":{"@id":"https:\/\/www.taisomirgaminam.lt\/lt\/#breadcrumb"},"inLanguage":"lt-LT","potentialAction":[{"@type":"ReadAction","target":["https:\/\/www.taisomirgaminam.lt\/lt\/"]}]},{"@type":"BreadcrumbList","@id":"https:\/\/www.taisomirgaminam.lt\/lt\/#breadcrumb","itemListElement":[{"@type":"ListItem","position":1,"name":"Home","item":"https:\/\/www.taisomirgaminam.lt\/lt\/"},{"@type":"ListItem","position":2,"name":"Pagrindinis"}]},{"@type":"WebSite","@id":"https:\/\/www.taisomirgaminam.lt\/lt\/#website","url":"https:\/\/www.taisomirgaminam.lt\/lt\/","name":"Taisom ir gaminam","description":"","publisher":{"@id":"https:\/\/www.taisomirgaminam.lt\/lt\/#organization"},"potentialAction":[{"@type":"SearchAction","target":{"@type":"EntryPoint","urlTemplate":"https:\/\/www.taisomirgaminam.lt\/lt\/?s={search_term_string}"},"query-input":"required name=search_term_string"}],"inLanguage":"lt-LT"},{"@type":"Organization","@id":"https:\/\/www.taisomirgaminam.lt\/lt\/#organization","name":"Taisom ir gaminam","url":"https:\/\/www.taisomirgaminam.lt\/lt\/","logo":{"@type":"ImageObject","inLanguage":"lt-LT","@id":"https:\/\/www.taisomirgaminam.lt\/lt\/#\/schema\/logo\/image\/","url":"https:\/\/i1.wp.com\/www.taisomirgaminam.lt\/wp-content\/uploads\/2021\/01\/taisom-ir-gaminam-NEW.png?fit=500%2C500&ssl=1","contentUrl":"https:\/\/i1.wp.com\/www.taisomirgaminam.lt\/wp-content\/uploads\/2021\/01\/taisom-ir-gaminam-NEW.png?fit=500%2C500&ssl=1","width":500,"height":500,"caption":"Taisom ir gaminam"},"image":{"@id":"https:\/\/www.taisomirgaminam.lt\/lt\/#\/schema\/logo\/image\/"},"sameAs":["https:\/\/www.facebook.com\/Taisom.Gaminam"]}]}},"_links":{"self":[{"href":"https:\/\/www.taisomirgaminam.lt\/lt\/wp-json\/wp\/v2\/pages\/478"}],"collection":[{"href":"https:\/\/www.taisomirgaminam.lt\/lt\/wp-json\/wp\/v2\/pages"}],"about":[{"href":"https:\/\/www.taisomirgaminam.lt\/lt\/wp-json\/wp\/v2\/types\/page"}],"author":[{"embeddable":true,"href":"https:\/\/www.taisomirgaminam.lt\/lt\/wp-json\/wp\/v2\/users\/1"}],"replies":[{"embeddable":true,"href":"https:\/\/www.taisomirgaminam.lt\/lt\/wp-json\/wp\/v2\/comments?post=478"}],"version-history":[{"count":1,"href":"https:\/\/www.taisomirgaminam.lt\/lt\/wp-json\/wp\/v2\/pages\/478\/revisions"}],"predecessor-version":[{"id":901,"href":"https:\/\/www.taisomirgaminam.lt\/lt\/wp-json\/wp\/v2\/pages\/478\/revisions\/901"}],"wp:attachment":[{"href":"https:\/\/www.taisomirgaminam.lt\/lt\/wp-json\/wp\/v2\/media?parent=478"}],"curies":[{"name":"wp","href":"https:\/\/api.w.org\/{rel}","templated":true}]}}