{"id":240,"date":"2021-01-26T08:42:59","date_gmt":"2021-01-26T08:42:59","guid":{"rendered":"https:\/\/www.taisomirgaminam.lt\/?page_id=240"},"modified":"2023-02-03T18:44:44","modified_gmt":"2023-02-03T18:44:44","slug":"remontas","status":"publish","type":"page","link":"https:\/\/www.taisomirgaminam.lt\/lt\/remontas\/","title":{"rendered":"REMONTAS"},"content":{"rendered":"<div class=\"nicepage-container\"><div class=\"\" style=\"\" >        <script>\n            (function ($) {\n                var ResponsiveCms = window.ResponsiveCms;\n                if (!ResponsiveCms) {\n                    return;\n                }\n                ResponsiveCms.contentDom = $('script:last').parent();\n                ResponsiveCms.prevMode = \"XL\";\n\n                if (typeof ResponsiveCms.recalcClasses === 'function') {\n                    ResponsiveCms.recalcClasses();\n                }\n            })(jQuery);\n        <\/script>\n        \n    \n    <section id=\"carousel_191f\" class=\"u-carousel u-slide u-block-3ff4-1\" data-u-ride=\"carousel\" data-interval=\"5000\">\n      <ol class=\"u-absolute-hcenter u-carousel-indicators u-block-3ff4-2\">\n        <li data-u-target=\"#carousel_191f\" data-u-slide-to=\"0\" class=\"u-active u-grey-30\"><\/li>\n      <\/ol>\n      <div class=\"u-carousel-inner\" role=\"listbox\" style=\"\">\n        <div class=\"u-active u-align-left u-border-2 u-border-grey-75 u-carousel-item u-clearfix u-palette-5-base u-section-2-1\" src=\"\">\n          <div class=\"u-clearfix u-sheet u-sheet-1\">\n            <div class=\"u-clearfix u-expanded-width u-layout-wrap u-layout-wrap-1\">\n              <div class=\"u-layout\" style=\"\">\n                <div class=\"u-layout-row\" style=\"\">\n                  <div class=\"u-container-style u-layout-cell u-left-cell u-size-30 u-layout-cell-1\">\n                    <div class=\"u-container-layout u-container-layout-1\">\n                      <h1 class=\"u-custom-font u-font-playfair-display u-text u-title u-text-1\" data-animation-name=\"flipIn\" data-animation-duration=\"1000\" data-animation-delay=\"0\" data-animation-direction=\"X\">Kod\u0117l verta rinktis mus?<\/h1>\n                    <\/div>\n                  <\/div>\n                  <div class=\"u-container-style u-image u-layout-cell u-right-cell u-size-30 u-image-1\" data-image-width=\"400\" data-image-height=\"400\" style=\"background-image: url(&quot;https:\/\/www.taisomirgaminam.lt\/wp-content\/uploads\/2021\/01\/580b585b2edbce24c47b29e8.png&quot;);\">\n                    <div class=\"u-container-layout u-container-layout-2\"><\/div>\n                  <\/div>\n                <\/div>\n              <\/div>\n            <\/div>\n          <\/div>\n        <\/div>\n      <\/div>\n      <a class=\"u-absolute-vcenter u-carousel-control u-carousel-control-prev u-text-body-alt-color u-block-3ff4-3\" href=\"#carousel_191f\" role=\"button\" data-u-slide=\"prev\">\n        <span aria-hidden=\"true\">\n          <svg viewBox=\"0 0 477.175 477.175\"><path d=\"M145.188,238.575l215.5-215.5c5.3-5.3,5.3-13.8,0-19.1s-13.8-5.3-19.1,0l-225.1,225.1c-5.3,5.3-5.3,13.8,0,19.1l225.1,225\n                    c2.6,2.6,6.1,4,9.5,4s6.9-1.3,9.5-4c5.3-5.3,5.3-13.8,0-19.1L145.188,238.575z\"><\/path><\/svg>\n        <\/span>\n        <span class=\"sr-only\">Previous<\/span>\n      <\/a>\n      <a class=\"u-absolute-vcenter u-carousel-control u-carousel-control-next u-text-body-alt-color u-block-3ff4-4\" href=\"#carousel_191f\" role=\"button\" data-u-slide=\"next\">\n        <span aria-hidden=\"true\">\n          <svg viewBox=\"0 0 477.175 477.175\"><path d=\"M360.731,229.075l-225.1-225.1c-5.3-5.3-13.8-5.3-19.1,0s-5.3,13.8,0,19.1l215.5,215.5l-215.5,215.5\n                    c-5.3,5.3-5.3,13.8,0,19.1c2.6,2.6,6.1,4,9.5,4c3.4,0,6.9-1.3,9.5-4l225.1-225.1C365.931,242.875,365.931,234.275,360.731,229.075z\"><\/path><\/svg>\n        <\/span>\n        <span class=\"sr-only\">Next<\/span>\n      <\/a>\n    <\/section>\n    <section class=\"u-align-center u-clearfix u-section-3\" id=\"sec-4b26\">\n      <div class=\"u-clearfix u-sheet u-sheet-1\">\n        <p class=\"u-align-center u-custom-font u-font-ubuntu u-text u-text-1\">\n          <span style=\"font-size: 1.25rem;\">1. Greitas ir kokybi\u0161kas servisas.&nbsp;<br>2. Atliktiems darbams suteikiame 3 m\u0117nesi\u0173 garantij\u0105.&nbsp;<br>3. Prakti\u0161kai visas detales populiariems paspirtukams turime vietoje.&nbsp;<br>4. Tvarkome vis\u0105 paspirtuk\u0105 vienoje vietoje, nereik\u0117s nusiminti d\u0117l i\u0161skirtin\u0117s b\u0117dos. Toki\u0173 mes nepa\u017e\u012fstame! \ud83d\ude42&nbsp;<br>5. Bendradarbiaujame ir teikiame servis\u0105 \u012fmon\u0117ms.&nbsp;<br>6. Priimame taisymui i\u0161 visos Europos!&nbsp;\n          <\/span>\n          <br>\n          <br>\n          <br>\n        <\/p>\n        <p class=\"u-align-center u-custom-font u-font-ubuntu u-text u-text-2\">\n          <span style=\"font-size: 1.125rem;\">\n            <br>\n            <br>\n            <span style=\"font-weight: 700;\">\n              <span style=\"font-size: 1.25rem;\">Da\u017eniausiai atliekami el. paspirtuk\u0173 remonto darbai<\/span>&nbsp;\n            <\/span>\n            <br>\n            <br>Vizualin\u0117* patikra ir gedimo nustatymas - NEMOKAMAI&nbsp;<br>Padang\u0173 prip\u016btimas - NEMOKAMAI&nbsp;<br>Paspirtuko galin\u0117s padangos keitimas 10\u20ac&nbsp;&nbsp;<br>Paspirtuko priekin\u0117s padangos keitimas - 15\u20ac&nbsp; &nbsp;<br>Xiaomi M365 ekran\u0117lio keitimas - 11\u20ac&nbsp;<br>Klib\u0117jimo, girg\u017ed\u0117jimo pa\u0161alinimas - nuo 1\u20ac&nbsp;<br>Paspirtuko stabd\u017ei\u0173 reaguliavimas - 5\u20ac&nbsp;<br>Stabd\u017ei\u0173 kalad\u0117li\u0173 keitimas - 10\u20ac&nbsp;&nbsp;<br>Papildomos baterijos pajungimas ir gamyba -&nbsp; nuo 125\u20ac&nbsp;<br>\n            <br>(\u012e kainas ne\u012fskai\u010diuotos detali\u0173 kainos)&nbsp;\n          <\/span>\n          <br>\n        <\/p>\n        <p class=\"u-align-center u-custom-font u-font-ubuntu u-text u-text-3\">\n          <span style=\"font-weight: 700;\">Jei esate \u012fmon\u0117 ir ie\u0161kote profesionalaus ir operatyvaus elektrini\u0173 paspirtuk\u0173 partnerio d\u0117l nuomos ar serviso - kreipkit\u0117s \u012f mus - info@taisomirgaminam.lt&nbsp;<\/span>\n          <br>\n        <\/p>\n        <p class=\"u-align-center u-text u-text-4\">\n          <br>\n          <br>\n          <span style=\"font-size: 0.875rem;\">*Vizualin\u0117 ap\u017ei\u016bra - tai mechanio gedimo nustatymas. (Pvz.: kliba vairas, stabd\u017eiai nestabdo...) Jokia su elektronika susijus ap\u017ei\u016bra ne\u012feina!&nbsp;<\/span>\n          <br>\n        <\/p>\n      <\/div>\n    <\/section>\n    \n    \n  \n<\/div><\/div>","protected":false},"excerpt":{"rendered":"<p>Kod\u0117l verta rinktis mus? Previous Next 1. Greitas ir kokybi\u0161kas servisas.&nbsp;2. Atliktiems darbams suteikiame 3 m\u0117nesi\u0173 garantij\u0105.&nbsp;3. Prakti\u0161kai visas detales populiariems paspirtukams turime vietoje.&nbsp;4. Tvarkome vis\u0105 paspirtuk\u0105 vienoje vietoje, nereik\u0117s nusiminti d\u0117l i\u0161skirtin\u0117s b\u0117dos. Toki\u0173 mes nepa\u017e\u012fstame! \ud83d\ude42&nbsp;5. Bendradarbiaujame ir teikiame servis\u0105 \u012fmon\u0117ms.&nbsp;6. Priimame taisymui i\u0161 visos Europos!&nbsp; Da\u017eniausiai atliekami el. paspirtuk\u0173 remonto darbai&nbsp; Vizualin\u0117*&hellip;&nbsp;<a href=\"https:\/\/www.taisomirgaminam.lt\/lt\/remontas\/\" class=\"\" rel=\"bookmark\">Read More &raquo;<span class=\"screen-reader-text\">REMONTAS<\/span><\/a><\/p>\n","protected":false},"author":1,"featured_media":0,"parent":0,"menu_order":0,"comment_status":"closed","ping_status":"closed","template":"","meta":{"_mi_skip_tracking":false,"neve_meta_sidebar":"full-width","neve_meta_container":"","neve_meta_enable_content_width":"on","neve_meta_content_width":100,"neve_meta_title_alignment":"","neve_meta_author_avatar":"","neve_post_elements_order":"","neve_meta_disable_header":"","neve_meta_disable_footer":"","neve_meta_disable_title":""},"aioseo_notices":[],"yoast_head":"<!-- This site is optimized with the Yoast SEO plugin v20.5 - https:\/\/yoast.com\/wordpress\/plugins\/seo\/ -->\n<title>REMONTAS - Taisom ir gaminam<\/title>\n<meta name=\"robots\" content=\"index, follow, max-snippet:-1, max-image-preview:large, max-video-preview:-1\" \/>\n<link rel=\"canonical\" href=\"https:\/\/www.taisomirgaminam.lt\/lt\/remontas\/\" \/>\n<meta property=\"og:locale\" content=\"lt_LT\" \/>\n<meta property=\"og:type\" content=\"article\" \/>\n<meta property=\"og:title\" content=\"REMONTAS - Taisom ir gaminam\" \/>\n<meta property=\"og:description\" content=\"Kod\u0117l verta rinktis mus? Previous Next 1. Greitas ir kokybi\u0161kas servisas.&nbsp;2. Atliktiems darbams suteikiame 3 m\u0117nesi\u0173 garantij\u0105.&nbsp;3. Prakti\u0161kai visas detales populiariems paspirtukams turime vietoje.&nbsp;4. Tvarkome vis\u0105 paspirtuk\u0105 vienoje vietoje, nereik\u0117s nusiminti d\u0117l i\u0161skirtin\u0117s b\u0117dos. Toki\u0173 mes nepa\u017e\u012fstame! \ud83d\ude42&nbsp;5. Bendradarbiaujame ir teikiame servis\u0105 \u012fmon\u0117ms.&nbsp;6. Priimame taisymui i\u0161 visos Europos!&nbsp; Da\u017eniausiai atliekami el. paspirtuk\u0173 remonto darbai&nbsp; Vizualin\u0117*&hellip;&nbsp;Read More &raquo;REMONTAS\" \/>\n<meta property=\"og:url\" content=\"https:\/\/www.taisomirgaminam.lt\/lt\/remontas\/\" \/>\n<meta property=\"og:site_name\" content=\"Taisom ir gaminam\" \/>\n<meta property=\"article:publisher\" content=\"https:\/\/www.facebook.com\/Taisom.Gaminam\" \/>\n<meta property=\"article:modified_time\" content=\"2023-02-03T18:44:44+00:00\" \/>\n<meta name=\"twitter:card\" content=\"summary_large_image\" \/>\n<meta name=\"twitter:label1\" content=\"Est. reading time\" \/>\n\t<meta name=\"twitter:data1\" content=\"1 minut\u0117\" \/>\n<script type=\"application\/ld+json\" class=\"yoast-schema-graph\">{\"@context\":\"https:\/\/schema.org\",\"@graph\":[{\"@type\":\"WebPage\",\"@id\":\"https:\/\/www.taisomirgaminam.lt\/lt\/remontas\/\",\"url\":\"https:\/\/www.taisomirgaminam.lt\/lt\/remontas\/\",\"name\":\"REMONTAS - Taisom ir gaminam\",\"isPartOf\":{\"@id\":\"https:\/\/www.taisomirgaminam.lt\/lt\/#website\"},\"datePublished\":\"2021-01-26T08:42:59+00:00\",\"dateModified\":\"2023-02-03T18:44:44+00:00\",\"breadcrumb\":{\"@id\":\"https:\/\/www.taisomirgaminam.lt\/lt\/remontas\/#breadcrumb\"},\"inLanguage\":\"lt-LT\",\"potentialAction\":[{\"@type\":\"ReadAction\",\"target\":[\"https:\/\/www.taisomirgaminam.lt\/lt\/remontas\/\"]}]},{\"@type\":\"BreadcrumbList\",\"@id\":\"https:\/\/www.taisomirgaminam.lt\/lt\/remontas\/#breadcrumb\",\"itemListElement\":[{\"@type\":\"ListItem\",\"position\":1,\"name\":\"Home\",\"item\":\"https:\/\/www.taisomirgaminam.lt\/lt\/\"},{\"@type\":\"ListItem\",\"position\":2,\"name\":\"REMONTAS\"}]},{\"@type\":\"WebSite\",\"@id\":\"https:\/\/www.taisomirgaminam.lt\/lt\/#website\",\"url\":\"https:\/\/www.taisomirgaminam.lt\/lt\/\",\"name\":\"Taisom ir gaminam\",\"description\":\"\",\"publisher\":{\"@id\":\"https:\/\/www.taisomirgaminam.lt\/lt\/#organization\"},\"potentialAction\":[{\"@type\":\"SearchAction\",\"target\":{\"@type\":\"EntryPoint\",\"urlTemplate\":\"https:\/\/www.taisomirgaminam.lt\/lt\/?s={search_term_string}\"},\"query-input\":\"required name=search_term_string\"}],\"inLanguage\":\"lt-LT\"},{\"@type\":\"Organization\",\"@id\":\"https:\/\/www.taisomirgaminam.lt\/lt\/#organization\",\"name\":\"Taisom ir gaminam\",\"url\":\"https:\/\/www.taisomirgaminam.lt\/lt\/\",\"logo\":{\"@type\":\"ImageObject\",\"inLanguage\":\"lt-LT\",\"@id\":\"https:\/\/www.taisomirgaminam.lt\/lt\/#\/schema\/logo\/image\/\",\"url\":\"https:\/\/i1.wp.com\/www.taisomirgaminam.lt\/wp-content\/uploads\/2021\/01\/taisom-ir-gaminam-NEW.png?fit=500%2C500&ssl=1\",\"contentUrl\":\"https:\/\/i1.wp.com\/www.taisomirgaminam.lt\/wp-content\/uploads\/2021\/01\/taisom-ir-gaminam-NEW.png?fit=500%2C500&ssl=1\",\"width\":500,\"height\":500,\"caption\":\"Taisom ir gaminam\"},\"image\":{\"@id\":\"https:\/\/www.taisomirgaminam.lt\/lt\/#\/schema\/logo\/image\/\"},\"sameAs\":[\"https:\/\/www.facebook.com\/Taisom.Gaminam\"]}]}<\/script>\n<!-- \/ Yoast SEO plugin. -->","yoast_head_json":{"title":"REMONTAS - Taisom ir gaminam","robots":{"index":"index","follow":"follow","max-snippet":"max-snippet:-1","max-image-preview":"max-image-preview:large","max-video-preview":"max-video-preview:-1"},"canonical":"https:\/\/www.taisomirgaminam.lt\/lt\/remontas\/","og_locale":"lt_LT","og_type":"article","og_title":"REMONTAS - Taisom ir gaminam","og_description":"Kod\u0117l verta rinktis mus? Previous Next 1. Greitas ir kokybi\u0161kas servisas.&nbsp;2. Atliktiems darbams suteikiame 3 m\u0117nesi\u0173 garantij\u0105.&nbsp;3. Prakti\u0161kai visas detales populiariems paspirtukams turime vietoje.&nbsp;4. Tvarkome vis\u0105 paspirtuk\u0105 vienoje vietoje, nereik\u0117s nusiminti d\u0117l i\u0161skirtin\u0117s b\u0117dos. Toki\u0173 mes nepa\u017e\u012fstame! \ud83d\ude42&nbsp;5. Bendradarbiaujame ir teikiame servis\u0105 \u012fmon\u0117ms.&nbsp;6. Priimame taisymui i\u0161 visos Europos!&nbsp; Da\u017eniausiai atliekami el. paspirtuk\u0173 remonto darbai&nbsp; Vizualin\u0117*&hellip;&nbsp;Read More &raquo;REMONTAS","og_url":"https:\/\/www.taisomirgaminam.lt\/lt\/remontas\/","og_site_name":"Taisom ir gaminam","article_publisher":"https:\/\/www.facebook.com\/Taisom.Gaminam","article_modified_time":"2023-02-03T18:44:44+00:00","twitter_card":"summary_large_image","twitter_misc":{"Est. reading time":"1 minut\u0117"},"schema":{"@context":"https:\/\/schema.org","@graph":[{"@type":"WebPage","@id":"https:\/\/www.taisomirgaminam.lt\/lt\/remontas\/","url":"https:\/\/www.taisomirgaminam.lt\/lt\/remontas\/","name":"REMONTAS - Taisom ir gaminam","isPartOf":{"@id":"https:\/\/www.taisomirgaminam.lt\/lt\/#website"},"datePublished":"2021-01-26T08:42:59+00:00","dateModified":"2023-02-03T18:44:44+00:00","breadcrumb":{"@id":"https:\/\/www.taisomirgaminam.lt\/lt\/remontas\/#breadcrumb"},"inLanguage":"lt-LT","potentialAction":[{"@type":"ReadAction","target":["https:\/\/www.taisomirgaminam.lt\/lt\/remontas\/"]}]},{"@type":"BreadcrumbList","@id":"https:\/\/www.taisomirgaminam.lt\/lt\/remontas\/#breadcrumb","itemListElement":[{"@type":"ListItem","position":1,"name":"Home","item":"https:\/\/www.taisomirgaminam.lt\/lt\/"},{"@type":"ListItem","position":2,"name":"REMONTAS"}]},{"@type":"WebSite","@id":"https:\/\/www.taisomirgaminam.lt\/lt\/#website","url":"https:\/\/www.taisomirgaminam.lt\/lt\/","name":"Taisom ir gaminam","description":"","publisher":{"@id":"https:\/\/www.taisomirgaminam.lt\/lt\/#organization"},"potentialAction":[{"@type":"SearchAction","target":{"@type":"EntryPoint","urlTemplate":"https:\/\/www.taisomirgaminam.lt\/lt\/?s={search_term_string}"},"query-input":"required name=search_term_string"}],"inLanguage":"lt-LT"},{"@type":"Organization","@id":"https:\/\/www.taisomirgaminam.lt\/lt\/#organization","name":"Taisom ir gaminam","url":"https:\/\/www.taisomirgaminam.lt\/lt\/","logo":{"@type":"ImageObject","inLanguage":"lt-LT","@id":"https:\/\/www.taisomirgaminam.lt\/lt\/#\/schema\/logo\/image\/","url":"https:\/\/i1.wp.com\/www.taisomirgaminam.lt\/wp-content\/uploads\/2021\/01\/taisom-ir-gaminam-NEW.png?fit=500%2C500&ssl=1","contentUrl":"https:\/\/i1.wp.com\/www.taisomirgaminam.lt\/wp-content\/uploads\/2021\/01\/taisom-ir-gaminam-NEW.png?fit=500%2C500&ssl=1","width":500,"height":500,"caption":"Taisom ir gaminam"},"image":{"@id":"https:\/\/www.taisomirgaminam.lt\/lt\/#\/schema\/logo\/image\/"},"sameAs":["https:\/\/www.facebook.com\/Taisom.Gaminam"]}]}},"_links":{"self":[{"href":"https:\/\/www.taisomirgaminam.lt\/lt\/wp-json\/wp\/v2\/pages\/240"}],"collection":[{"href":"https:\/\/www.taisomirgaminam.lt\/lt\/wp-json\/wp\/v2\/pages"}],"about":[{"href":"https:\/\/www.taisomirgaminam.lt\/lt\/wp-json\/wp\/v2\/types\/page"}],"author":[{"embeddable":true,"href":"https:\/\/www.taisomirgaminam.lt\/lt\/wp-json\/wp\/v2\/users\/1"}],"replies":[{"embeddable":true,"href":"https:\/\/www.taisomirgaminam.lt\/lt\/wp-json\/wp\/v2\/comments?post=240"}],"version-history":[{"count":1,"href":"https:\/\/www.taisomirgaminam.lt\/lt\/wp-json\/wp\/v2\/pages\/240\/revisions"}],"predecessor-version":[{"id":1221,"href":"https:\/\/www.taisomirgaminam.lt\/lt\/wp-json\/wp\/v2\/pages\/240\/revisions\/1221"}],"wp:attachment":[{"href":"https:\/\/www.taisomirgaminam.lt\/lt\/wp-json\/wp\/v2\/media?parent=240"}],"curies":[{"name":"wp","href":"https:\/\/api.w.org\/{rel}","templated":true}]}}