{"id":903,"date":"2022-01-16T16:21:43","date_gmt":"2022-01-16T16:21:43","guid":{"rendered":"https:\/\/www.taisomirgaminam.lt\/?post_type=product&#038;p=903"},"modified":"2023-03-13T19:42:56","modified_gmt":"2023-03-13T19:42:56","slug":"sur-ron-light-bee-x","status":"publish","type":"product","link":"https:\/\/www.taisomirgaminam.lt\/en\/product\/sur-ron-light-bee-x\/","title":{"rendered":"Sur-Ron Light Bee X"},"content":{"rendered":"<p>Sur-Ron Light Bee X dviratis &#8211; motoroleris &#8211; motociklas gali suteikti daug \u012fspud\u017ei\u0173 tiek bekel\u0117je tiek gatv\u0117se.<\/p>\n<p>Didelis nuva\u017eiuojamas atstumas su 60 V 34 Ah akumuliatoriumi. (Vienu \u012fkrovimu nuva\u017eiuosite nuo 60 km iki 100 km priklausomai nuo va\u017eiavimo re\u017eimo bei b\u016bdo.)<\/p>\n<p>Variklis pasiekia 5,4 kW galios. Tai leid\u017eia va\u017eiuoti bekelia bei pasiekti iki 75 km\/h greit\u012f.<\/p>\n<p>Lengvo lydinio r\u0117mas kartu su auk\u0161tos kokyb\u0117s komponentais, sudaro tik 51 kg.<\/p>\n<p>4 ta\u0161k\u0173 hidrauliniai diskiniai stabd\u017eiai priekyje ir gale u\u017etikrin\u0105 stabdym\u0105 kai jo labiausiai reikia.<\/p>\n<p>Ekranas reikiamai informacijai atvaizduoti. USB \u012fkroviklis.<\/p>\n<p>Sur-Ron Light Bee X be problem\u0173 \u012fveiksite auk\u0161tesnes nei 45 \u00b0 \u012fkalnes.<\/p>\n<p>Du va\u017eiavimo r\u0117\u017eimai &#8211; sporto bei eko &#8211; ekonimi\u0161kas.<\/p>\n<p><img decoding=\"async\" class=\"wp-image-906 aligncenter\" src=\"https:\/\/i0.wp.com\/www.taisomirgaminam.lt\/wp-content\/uploads\/2022\/01\/x-11-300x169.jpg?resize=896%2C504&#038;ssl=1\" alt=\"\" width=\"896\" height=\"504\" srcset=\"https:\/\/i0.wp.com\/www.taisomirgaminam.lt\/wp-content\/uploads\/2022\/01\/x-11.jpg?resize=300%2C169&amp;ssl=1 300w, https:\/\/i0.wp.com\/www.taisomirgaminam.lt\/wp-content\/uploads\/2022\/01\/x-11.jpg?resize=1024%2C576&amp;ssl=1 1024w, https:\/\/i0.wp.com\/www.taisomirgaminam.lt\/wp-content\/uploads\/2022\/01\/x-11.jpg?resize=768%2C432&amp;ssl=1 768w, https:\/\/i0.wp.com\/www.taisomirgaminam.lt\/wp-content\/uploads\/2022\/01\/x-11.jpg?resize=1536%2C864&amp;ssl=1 1536w, https:\/\/i0.wp.com\/www.taisomirgaminam.lt\/wp-content\/uploads\/2022\/01\/x-11.jpg?resize=2048%2C1152&amp;ssl=1 2048w, https:\/\/i0.wp.com\/www.taisomirgaminam.lt\/wp-content\/uploads\/2022\/01\/x-11.jpg?resize=18%2C10&amp;ssl=1 18w, https:\/\/i0.wp.com\/www.taisomirgaminam.lt\/wp-content\/uploads\/2022\/01\/x-11.jpg?resize=600%2C338&amp;ssl=1 600w, https:\/\/i0.wp.com\/www.taisomirgaminam.lt\/wp-content\/uploads\/2022\/01\/x-11.jpg?w=2400 2400w\" sizes=\"(max-width: 896px) 100vw, 896px\" data-recalc-dims=\"1\" \/><\/p>\n<p><img decoding=\"async\" class=\"wp-image-928 aligncenter\" src=\"https:\/\/i0.wp.com\/www.taisomirgaminam.lt\/wp-content\/uploads\/2022\/01\/Sur-Ron-Light-Bee-Taisom-ir-gaminam.lt-7-min-1-300x128.jpg?resize=895%2C382&#038;ssl=1\" alt=\"\" width=\"895\" height=\"382\" srcset=\"https:\/\/i0.wp.com\/www.taisomirgaminam.lt\/wp-content\/uploads\/2022\/01\/Sur-Ron-Light-Bee-Taisom-ir-gaminam.lt-7-min-1.jpg?resize=300%2C128&amp;ssl=1 300w, https:\/\/i0.wp.com\/www.taisomirgaminam.lt\/wp-content\/uploads\/2022\/01\/Sur-Ron-Light-Bee-Taisom-ir-gaminam.lt-7-min-1.jpg?resize=1024%2C437&amp;ssl=1 1024w, https:\/\/i0.wp.com\/www.taisomirgaminam.lt\/wp-content\/uploads\/2022\/01\/Sur-Ron-Light-Bee-Taisom-ir-gaminam.lt-7-min-1.jpg?resize=768%2C328&amp;ssl=1 768w, https:\/\/i0.wp.com\/www.taisomirgaminam.lt\/wp-content\/uploads\/2022\/01\/Sur-Ron-Light-Bee-Taisom-ir-gaminam.lt-7-min-1.jpg?resize=18%2C8&amp;ssl=1 18w, https:\/\/i0.wp.com\/www.taisomirgaminam.lt\/wp-content\/uploads\/2022\/01\/Sur-Ron-Light-Bee-Taisom-ir-gaminam.lt-7-min-1.jpg?resize=600%2C256&amp;ssl=1 600w, https:\/\/i0.wp.com\/www.taisomirgaminam.lt\/wp-content\/uploads\/2022\/01\/Sur-Ron-Light-Bee-Taisom-ir-gaminam.lt-7-min-1.jpg?w=1088&amp;ssl=1 1088w\" sizes=\"(max-width: 895px) 100vw, 895px\" data-recalc-dims=\"1\" \/><\/p>\n<p>Sur-Ron Light Bee X tiekiamas kaip \u201eCross\u201c (visureigis) ir \u201eStreet\u201c (ant keli\u0173) variantas.<\/p>\n<p>Mopedas yra \u012fvairi\u0173 spalv\u0173 ir turi daug pried\u0173.<\/p>\n<p>D\u0117l spalv\u0173 teirautis info@taisomirgaminam.lt<\/p>\n<p>&nbsp;<\/p>\n<p>Teikiame visas atsargines dalis bei tehnin\u012f palaikim\u0105.<\/p>\n<p>&nbsp;<\/p>\n<iframe  id=\"_ytid_47801\"  width=\"1200\" height=\"675\"  data-origwidth=\"1200\" data-origheight=\"675\"  data-relstop=\"1\" src=\"https:\/\/www.youtube.com\/embed\/4AZ8SI7qOYk?enablejsapi=1&autoplay=0&cc_load_policy=0&cc_lang_pref=&iv_load_policy=1&loop=0&modestbranding=0&rel=0&fs=1&playsinline=1&autohide=2&theme=dark&color=red&controls=1&\" class=\"__youtube_prefs__  no-lazyload\" title=\"YouTube player\"  allow=\"accelerometer; autoplay; clipboard-write; encrypted-media; gyroscope; picture-in-picture\" allowfullscreen data-no-lazy=\"1\" data-skipgform_ajax_framebjll=\"\"><\/iframe>\n<p>&nbsp;<\/p>\n<iframe  id=\"_ytid_54801\"  width=\"1200\" height=\"675\"  data-origwidth=\"1200\" data-origheight=\"675\"  data-relstop=\"1\" src=\"https:\/\/www.youtube.com\/embed\/Yd6tAMvb7tg?enablejsapi=1&autoplay=0&cc_load_policy=0&cc_lang_pref=&iv_load_policy=1&loop=0&modestbranding=0&rel=0&fs=1&playsinline=1&autohide=2&theme=dark&color=red&controls=1&\" class=\"__youtube_prefs__  no-lazyload\" title=\"YouTube player\"  allow=\"accelerometer; autoplay; clipboard-write; encrypted-media; gyroscope; picture-in-picture\" allowfullscreen data-no-lazy=\"1\" data-skipgform_ajax_framebjll=\"\"><\/iframe>\n<p>&nbsp;<\/p>\n<p>&nbsp;<\/p>\n<p>&nbsp;<\/p>","protected":false},"excerpt":{"rendered":"<table>\n<tbody>\n<tr>\n<th><strong>Battery\u00a0<\/strong><\/th>\n<td>60v. 32ah.<\/td>\n<\/tr>\n<tr>\n<th><strong>Nuva\u017eiuojamas atstumas iki\u00a0<\/strong><\/th>\n<td>100 km<\/td>\n<\/tr>\n<tr>\n<th><strong>Greitas krovimas<\/strong><\/th>\n<td><span class=\"emotors-data\">nuo 2,5 iki 3,5 valandos.<\/span><\/td>\n<\/tr>\n<tr>\n<th><strong>Max. Greitis<\/strong><\/th>\n<td>75 km\/h<\/td>\n<\/tr>\n<tr>\n<th>Svoris<\/th>\n<td><span class=\"emotors-data\"><span class=\"amount\">51 kg.<\/span><\/span><\/td>\n<\/tr>\n<\/tbody>\n<\/table>","protected":false},"featured_media":908,"comment_status":"open","ping_status":"closed","template":"","meta":{"_mi_skip_tracking":false,"neve_meta_sidebar":"","neve_meta_container":"","neve_meta_enable_content_width":"off","neve_meta_content_width":70,"neve_meta_title_alignment":"","neve_meta_author_avatar":"","neve_post_elements_order":"","neve_meta_disable_header":"","neve_meta_disable_footer":"","neve_meta_disable_title":""},"product_cat":[85],"product_tag":[86],"aioseo_notices":[],"yoast_head":"<!-- This site is optimized with the Yoast SEO plugin v20.5 - https:\/\/yoast.com\/wordpress\/plugins\/seo\/ -->\n<title>Sur-Ron Light Bee X - Taisom ir gaminam<\/title>\n<meta name=\"description\" content=\"Sur-Ron Light Bee X dviratis - motoroleris - motociklas gali suteikti daug \u012fspud\u017ei\u0173 tiek bekel\u0117je tiek gatv\u0117se.\" \/>\n<meta name=\"robots\" content=\"index, follow, max-snippet:-1, max-image-preview:large, max-video-preview:-1\" \/>\n<link rel=\"canonical\" href=\"https:\/\/www.taisomirgaminam.lt\/en\/product\/sur-ron-light-bee-x\/\" \/>\n<meta property=\"og:locale\" content=\"en_US\" \/>\n<meta property=\"og:type\" content=\"article\" \/>\n<meta property=\"og:title\" content=\"Sur-Ron Light Bee X - Taisom ir gaminam\" \/>\n<meta property=\"og:description\" content=\"Sur-Ron Light Bee X dviratis - motoroleris - motociklas gali suteikti daug \u012fspud\u017ei\u0173 tiek bekel\u0117je tiek gatv\u0117se.\" \/>\n<meta property=\"og:url\" content=\"https:\/\/www.taisomirgaminam.lt\/en\/product\/sur-ron-light-bee-x\/\" \/>\n<meta property=\"og:site_name\" content=\"Taisom ir gaminam\" \/>\n<meta property=\"article:publisher\" content=\"https:\/\/www.facebook.com\/Taisom.Gaminam\" \/>\n<meta property=\"article:modified_time\" content=\"2023-03-13T19:42:56+00:00\" \/>\n<meta property=\"og:image\" content=\"https:\/\/i0.wp.com\/www.taisomirgaminam.lt\/wp-content\/uploads\/2022\/01\/Sur-Ron-Light-Bee-Taisom-ir-gaminam.lt-1-min.jpg?fit=560%2C360&ssl=1\" \/>\n\t<meta property=\"og:image:width\" content=\"560\" \/>\n\t<meta property=\"og:image:height\" content=\"360\" \/>\n\t<meta property=\"og:image:type\" content=\"image\/jpeg\" \/>\n<meta name=\"twitter:card\" content=\"summary_large_image\" \/>\n<meta name=\"twitter:label1\" content=\"Est. reading time\" \/>\n\t<meta name=\"twitter:data1\" content=\"2 minutes\" \/>\n<script type=\"application\/ld+json\" class=\"yoast-schema-graph\">{\"@context\":\"https:\/\/schema.org\",\"@graph\":[{\"@type\":\"WebPage\",\"@id\":\"https:\/\/www.taisomirgaminam.lt\/lt\/produktas\/sur-ron-light-bee-x\/\",\"url\":\"https:\/\/www.taisomirgaminam.lt\/lt\/produktas\/sur-ron-light-bee-x\/\",\"name\":\"Sur-Ron Light Bee X - Taisom ir gaminam\",\"isPartOf\":{\"@id\":\"https:\/\/www.taisomirgaminam.lt\/lt\/#website\"},\"datePublished\":\"2022-01-16T16:21:43+00:00\",\"dateModified\":\"2023-03-13T19:42:56+00:00\",\"description\":\"Sur-Ron Light Bee X dviratis - motoroleris - motociklas gali suteikti daug \u012fspud\u017ei\u0173 tiek bekel\u0117je tiek gatv\u0117se.\",\"breadcrumb\":{\"@id\":\"https:\/\/www.taisomirgaminam.lt\/lt\/produktas\/sur-ron-light-bee-x\/#breadcrumb\"},\"inLanguage\":\"en-US\",\"potentialAction\":[{\"@type\":\"ReadAction\",\"target\":[\"https:\/\/www.taisomirgaminam.lt\/lt\/produktas\/sur-ron-light-bee-x\/\"]}]},{\"@type\":\"BreadcrumbList\",\"@id\":\"https:\/\/www.taisomirgaminam.lt\/lt\/produktas\/sur-ron-light-bee-x\/#breadcrumb\",\"itemListElement\":[{\"@type\":\"ListItem\",\"position\":1,\"name\":\"Home\",\"item\":\"https:\/\/www.taisomirgaminam.lt\/lt\/\"},{\"@type\":\"ListItem\",\"position\":2,\"name\":\"Parduotuv\u0117\",\"item\":\"https:\/\/www.taisomirgaminam.lt\/lt\/parduotuve\/\"},{\"@type\":\"ListItem\",\"position\":3,\"name\":\"Sur-Ron Light Bee X\"}]},{\"@type\":\"WebSite\",\"@id\":\"https:\/\/www.taisomirgaminam.lt\/lt\/#website\",\"url\":\"https:\/\/www.taisomirgaminam.lt\/lt\/\",\"name\":\"Taisom ir gaminam\",\"description\":\"\",\"publisher\":{\"@id\":\"https:\/\/www.taisomirgaminam.lt\/lt\/#organization\"},\"potentialAction\":[{\"@type\":\"SearchAction\",\"target\":{\"@type\":\"EntryPoint\",\"urlTemplate\":\"https:\/\/www.taisomirgaminam.lt\/lt\/?s={search_term_string}\"},\"query-input\":\"required name=search_term_string\"}],\"inLanguage\":\"en-US\"},{\"@type\":\"Organization\",\"@id\":\"https:\/\/www.taisomirgaminam.lt\/lt\/#organization\",\"name\":\"Taisom ir gaminam\",\"url\":\"https:\/\/www.taisomirgaminam.lt\/lt\/\",\"logo\":{\"@type\":\"ImageObject\",\"inLanguage\":\"en-US\",\"@id\":\"https:\/\/www.taisomirgaminam.lt\/lt\/#\/schema\/logo\/image\/\",\"url\":\"https:\/\/i1.wp.com\/www.taisomirgaminam.lt\/wp-content\/uploads\/2021\/01\/taisom-ir-gaminam-NEW.png?fit=500%2C500&ssl=1\",\"contentUrl\":\"https:\/\/i1.wp.com\/www.taisomirgaminam.lt\/wp-content\/uploads\/2021\/01\/taisom-ir-gaminam-NEW.png?fit=500%2C500&ssl=1\",\"width\":500,\"height\":500,\"caption\":\"Taisom ir gaminam\"},\"image\":{\"@id\":\"https:\/\/www.taisomirgaminam.lt\/lt\/#\/schema\/logo\/image\/\"},\"sameAs\":[\"https:\/\/www.facebook.com\/Taisom.Gaminam\"]}]}<\/script>\n<!-- \/ Yoast SEO plugin. -->","yoast_head_json":{"title":"Sur-Ron Light Bee X - Taisom ir gaminam","description":"Sur-Ron Light Bee X dviratis - motoroleris - motociklas gali suteikti daug \u012fspud\u017ei\u0173 tiek bekel\u0117je tiek gatv\u0117se.","robots":{"index":"index","follow":"follow","max-snippet":"max-snippet:-1","max-image-preview":"max-image-preview:large","max-video-preview":"max-video-preview:-1"},"canonical":"https:\/\/www.taisomirgaminam.lt\/en\/product\/sur-ron-light-bee-x\/","og_locale":"en_US","og_type":"article","og_title":"Sur-Ron Light Bee X - Taisom ir gaminam","og_description":"Sur-Ron Light Bee X dviratis - motoroleris - motociklas gali suteikti daug \u012fspud\u017ei\u0173 tiek bekel\u0117je tiek gatv\u0117se.","og_url":"https:\/\/www.taisomirgaminam.lt\/en\/product\/sur-ron-light-bee-x\/","og_site_name":"Taisom ir gaminam","article_publisher":"https:\/\/www.facebook.com\/Taisom.Gaminam","article_modified_time":"2023-03-13T19:42:56+00:00","og_image":[{"width":560,"height":360,"url":"https:\/\/i0.wp.com\/www.taisomirgaminam.lt\/wp-content\/uploads\/2022\/01\/Sur-Ron-Light-Bee-Taisom-ir-gaminam.lt-1-min.jpg?fit=560%2C360&ssl=1","type":"image\/jpeg"}],"twitter_card":"summary_large_image","twitter_misc":{"Est. reading time":"2 minutes"},"schema":{"@context":"https:\/\/schema.org","@graph":[{"@type":"WebPage","@id":"https:\/\/www.taisomirgaminam.lt\/lt\/produktas\/sur-ron-light-bee-x\/","url":"https:\/\/www.taisomirgaminam.lt\/lt\/produktas\/sur-ron-light-bee-x\/","name":"Sur-Ron Light Bee X - Taisom ir gaminam","isPartOf":{"@id":"https:\/\/www.taisomirgaminam.lt\/lt\/#website"},"datePublished":"2022-01-16T16:21:43+00:00","dateModified":"2023-03-13T19:42:56+00:00","description":"Sur-Ron Light Bee X dviratis - motoroleris - motociklas gali suteikti daug \u012fspud\u017ei\u0173 tiek bekel\u0117je tiek gatv\u0117se.","breadcrumb":{"@id":"https:\/\/www.taisomirgaminam.lt\/lt\/produktas\/sur-ron-light-bee-x\/#breadcrumb"},"inLanguage":"en-US","potentialAction":[{"@type":"ReadAction","target":["https:\/\/www.taisomirgaminam.lt\/lt\/produktas\/sur-ron-light-bee-x\/"]}]},{"@type":"BreadcrumbList","@id":"https:\/\/www.taisomirgaminam.lt\/lt\/produktas\/sur-ron-light-bee-x\/#breadcrumb","itemListElement":[{"@type":"ListItem","position":1,"name":"Home","item":"https:\/\/www.taisomirgaminam.lt\/lt\/"},{"@type":"ListItem","position":2,"name":"Parduotuv\u0117","item":"https:\/\/www.taisomirgaminam.lt\/lt\/parduotuve\/"},{"@type":"ListItem","position":3,"name":"Sur-Ron Light Bee X"}]},{"@type":"WebSite","@id":"https:\/\/www.taisomirgaminam.lt\/lt\/#website","url":"https:\/\/www.taisomirgaminam.lt\/lt\/","name":"Taisom ir gaminam","description":"","publisher":{"@id":"https:\/\/www.taisomirgaminam.lt\/lt\/#organization"},"potentialAction":[{"@type":"SearchAction","target":{"@type":"EntryPoint","urlTemplate":"https:\/\/www.taisomirgaminam.lt\/lt\/?s={search_term_string}"},"query-input":"required name=search_term_string"}],"inLanguage":"en-US"},{"@type":"Organization","@id":"https:\/\/www.taisomirgaminam.lt\/lt\/#organization","name":"Taisom ir gaminam","url":"https:\/\/www.taisomirgaminam.lt\/lt\/","logo":{"@type":"ImageObject","inLanguage":"en-US","@id":"https:\/\/www.taisomirgaminam.lt\/lt\/#\/schema\/logo\/image\/","url":"https:\/\/i1.wp.com\/www.taisomirgaminam.lt\/wp-content\/uploads\/2021\/01\/taisom-ir-gaminam-NEW.png?fit=500%2C500&ssl=1","contentUrl":"https:\/\/i1.wp.com\/www.taisomirgaminam.lt\/wp-content\/uploads\/2021\/01\/taisom-ir-gaminam-NEW.png?fit=500%2C500&ssl=1","width":500,"height":500,"caption":"Taisom ir gaminam"},"image":{"@id":"https:\/\/www.taisomirgaminam.lt\/lt\/#\/schema\/logo\/image\/"},"sameAs":["https:\/\/www.facebook.com\/Taisom.Gaminam"]}]}},"_links":{"self":[{"href":"https:\/\/www.taisomirgaminam.lt\/en\/wp-json\/wp\/v2\/product\/903"}],"collection":[{"href":"https:\/\/www.taisomirgaminam.lt\/en\/wp-json\/wp\/v2\/product"}],"about":[{"href":"https:\/\/www.taisomirgaminam.lt\/en\/wp-json\/wp\/v2\/types\/product"}],"replies":[{"embeddable":true,"href":"https:\/\/www.taisomirgaminam.lt\/en\/wp-json\/wp\/v2\/comments?post=903"}],"wp:featuredmedia":[{"embeddable":true,"href":"https:\/\/www.taisomirgaminam.lt\/en\/wp-json\/wp\/v2\/media\/908"}],"wp:attachment":[{"href":"https:\/\/www.taisomirgaminam.lt\/en\/wp-json\/wp\/v2\/media?parent=903"}],"wp:term":[{"taxonomy":"product_cat","embeddable":true,"href":"https:\/\/www.taisomirgaminam.lt\/en\/wp-json\/wp\/v2\/product_cat?post=903"},{"taxonomy":"product_tag","embeddable":true,"href":"https:\/\/www.taisomirgaminam.lt\/en\/wp-json\/wp\/v2\/product_tag?post=903"}],"curies":[{"name":"wp","href":"https:\/\/api.w.org\/{rel}","templated":true}]}}