{"id":436,"date":"2021-02-22T16:09:58","date_gmt":"2021-02-22T16:09:58","guid":{"rendered":"https:\/\/www.taisomirgaminam.lt\/?post_type=product&#038;p=436"},"modified":"2021-06-08T09:15:06","modified_gmt":"2021-06-08T09:15:06","slug":"samsung-inr18650-25r-2500mah-20a","status":"publish","type":"product","link":"https:\/\/www.taisomirgaminam.lt\/en\/product\/samsung-inr18650-25r-2500mah-20a\/","title":{"rendered":"Samsung INR18650-25R 2500mAh &#8211; 20A"},"content":{"rendered":"<p>Samsung INR18650-25R<\/p>\n<p>&nbsp;<\/p>\n<p>Max. Charging voltage 4.2 V<\/p>\n<p>Min. Discharging voltage 2.5 <span class=\"gUnit\">V<\/span><\/p>\n<p>Nom. Voltage 3.6\u00a0<span class=\"gUnit\">V<\/span><\/p>\n<p>&nbsp;<\/p>\n<p>weight: ~45g<\/p>\n<p>&nbsp;<\/p>\n<p>&nbsp;<\/p>","protected":false},"excerpt":{"rendered":"<table id=\"product-attribute-specs-table\" class=\"data-table\">\n<tbody>\n<tr class=\"even\">\n<th class=\"label\">Brand:<\/th>\n<td class=\"data last\">\u00a0Samsung<\/td>\n<\/tr>\n<tr class=\"odd\">\n<th class=\"label\">Battery size:<\/th>\n<td class=\"data last\">\u00a018650<\/td>\n<\/tr>\n<tr class=\"even\">\n<th class=\"label\">Battery chemistry:<\/th>\n<td class=\"data last\">\u00a0Li-ion<\/td>\n<\/tr>\n<tr class=\"odd\">\n<th class=\"label\">Battery:<\/th>\n<td class=\"data last\">\u00a0Rechargeable<\/td>\n<\/tr>\n<tr class=\"even\">\n<th class=\"label\">Voltage:<\/th>\n<td class=\"data last\">\u00a03.6V<\/td>\n<\/tr>\n<tr class=\"odd\">\n<th class=\"label\">Capacity (mAh):<\/th>\n<td class=\"data last\"><span class=\"price\">2,500.00<\/span><\/td>\n<\/tr>\n<tr class=\"even\">\n<th class=\"label\">Battery version:<\/th>\n<td class=\"data last\">\u00a0Flat top<\/td>\n<\/tr>\n<tr class=\"odd\">\n<th class=\"label\">Max power (a):<\/th>\n<td class=\"data last\"><span class=\"price\">20.00<\/span><\/td>\n<\/tr>\n<tr class=\"even\">\n<th class=\"label\">Lithium - Protection circuit:<\/th>\n<td class=\"data last\">\u00a0Unprotected<\/td>\n<\/tr>\n<tr class=\"odd\">\n<th class=\"label\">Height in mm:<\/th>\n<td class=\"data last\"><span class=\"price\">65.00<\/span><\/td>\n<\/tr>\n<tr class=\"last even\">\n<th class=\"label\">Diameter in mm<\/th>\n<td class=\"data last\"><span class=\"price\">18.20<\/span><\/td>\n<\/tr>\n<\/tbody>\n<\/table>","protected":false},"featured_media":500,"comment_status":"open","ping_status":"closed","template":"","meta":{"_mi_skip_tracking":false,"neve_meta_sidebar":"","neve_meta_container":"","neve_meta_enable_content_width":"off","neve_meta_content_width":0,"neve_meta_title_alignment":"","neve_meta_author_avatar":"","neve_post_elements_order":"","neve_meta_disable_header":"","neve_meta_disable_footer":"","neve_meta_disable_title":""},"product_cat":[66,69],"product_tag":[70],"aioseo_notices":[],"yoast_head":"<!-- This site is optimized with the Yoast SEO plugin v20.5 - https:\/\/yoast.com\/wordpress\/plugins\/seo\/ -->\n<title>Samsung INR18650-25R 2500mAh - 20A - Taisom ir gaminam<\/title>\n<meta name=\"description\" content=\"Firma: Samsung Baterijos dydis: 18650 Baterijos chemija (tipas): Li-ion Baterija: Pakraunama \u012etampa 3.6V Talpa (mAh): 2,500.00 Kontakt\u0173 tipas: Lygus I\u0161krovimo \u2026\" \/>\n<meta name=\"robots\" content=\"index, follow, max-snippet:-1, max-image-preview:large, max-video-preview:-1\" \/>\n<link rel=\"canonical\" href=\"https:\/\/www.taisomirgaminam.lt\/en\/product\/samsung-inr18650-25r-2500mah-20a\/\" \/>\n<meta property=\"og:locale\" content=\"en_US\" \/>\n<meta property=\"og:type\" content=\"article\" \/>\n<meta property=\"og:title\" content=\"Samsung INR18650-25R 2500mAh - 20A - Taisom ir gaminam\" \/>\n<meta property=\"og:description\" content=\"Firma: Samsung Baterijos dydis: 18650 Baterijos chemija (tipas): Li-ion Baterija: Pakraunama \u012etampa 3.6V Talpa (mAh): 2,500.00 Kontakt\u0173 tipas: Lygus I\u0161krovimo \u2026\" \/>\n<meta property=\"og:url\" content=\"https:\/\/www.taisomirgaminam.lt\/en\/product\/samsung-inr18650-25r-2500mah-20a\/\" \/>\n<meta property=\"og:site_name\" content=\"Taisom ir gaminam\" \/>\n<meta property=\"article:publisher\" content=\"https:\/\/www.facebook.com\/Taisom.Gaminam\" \/>\n<meta property=\"article:modified_time\" content=\"2021-06-08T09:15:06+00:00\" \/>\n<meta property=\"og:image\" content=\"https:\/\/i0.wp.com\/www.taisomirgaminam.lt\/wp-content\/uploads\/2021\/02\/25r.jpg?fit=651%2C505&ssl=1\" \/>\n\t<meta property=\"og:image:width\" content=\"651\" \/>\n\t<meta property=\"og:image:height\" content=\"505\" \/>\n\t<meta property=\"og:image:type\" content=\"image\/jpeg\" \/>\n<meta name=\"twitter:card\" content=\"summary_large_image\" \/>\n<meta name=\"twitter:label1\" content=\"Est. reading time\" \/>\n\t<meta name=\"twitter:data1\" content=\"1 minute\" \/>\n<script type=\"application\/ld+json\" class=\"yoast-schema-graph\">{\"@context\":\"https:\/\/schema.org\",\"@graph\":[{\"@type\":\"WebPage\",\"@id\":\"https:\/\/www.taisomirgaminam.lt\/lt\/produktas\/samsung-inr18650-25r-2500mah-20a\/\",\"url\":\"https:\/\/www.taisomirgaminam.lt\/lt\/produktas\/samsung-inr18650-25r-2500mah-20a\/\",\"name\":\"Samsung INR18650-25R 2500mAh - 20A - Taisom ir gaminam\",\"isPartOf\":{\"@id\":\"https:\/\/www.taisomirgaminam.lt\/lt\/#website\"},\"datePublished\":\"2021-02-22T16:09:58+00:00\",\"dateModified\":\"2021-06-08T09:15:06+00:00\",\"description\":\"Firma: Samsung Baterijos dydis: 18650 Baterijos chemija (tipas): Li-ion Baterija: Pakraunama \u012etampa 3.6V Talpa (mAh): 2,500.00 Kontakt\u0173 tipas: Lygus I\u0161krovimo \u2026\",\"breadcrumb\":{\"@id\":\"https:\/\/www.taisomirgaminam.lt\/lt\/produktas\/samsung-inr18650-25r-2500mah-20a\/#breadcrumb\"},\"inLanguage\":\"en-US\",\"potentialAction\":[{\"@type\":\"ReadAction\",\"target\":[\"https:\/\/www.taisomirgaminam.lt\/lt\/produktas\/samsung-inr18650-25r-2500mah-20a\/\"]}]},{\"@type\":\"BreadcrumbList\",\"@id\":\"https:\/\/www.taisomirgaminam.lt\/lt\/produktas\/samsung-inr18650-25r-2500mah-20a\/#breadcrumb\",\"itemListElement\":[{\"@type\":\"ListItem\",\"position\":1,\"name\":\"Home\",\"item\":\"https:\/\/www.taisomirgaminam.lt\/lt\/\"},{\"@type\":\"ListItem\",\"position\":2,\"name\":\"Parduotuv\u0117\",\"item\":\"https:\/\/www.taisomirgaminam.lt\/lt\/parduotuve\/\"},{\"@type\":\"ListItem\",\"position\":3,\"name\":\"Samsung INR18650-25R 2500mAh &#8211; 20A\"}]},{\"@type\":\"WebSite\",\"@id\":\"https:\/\/www.taisomirgaminam.lt\/lt\/#website\",\"url\":\"https:\/\/www.taisomirgaminam.lt\/lt\/\",\"name\":\"Taisom ir gaminam\",\"description\":\"\",\"publisher\":{\"@id\":\"https:\/\/www.taisomirgaminam.lt\/lt\/#organization\"},\"potentialAction\":[{\"@type\":\"SearchAction\",\"target\":{\"@type\":\"EntryPoint\",\"urlTemplate\":\"https:\/\/www.taisomirgaminam.lt\/lt\/?s={search_term_string}\"},\"query-input\":\"required name=search_term_string\"}],\"inLanguage\":\"en-US\"},{\"@type\":\"Organization\",\"@id\":\"https:\/\/www.taisomirgaminam.lt\/lt\/#organization\",\"name\":\"Taisom ir gaminam\",\"url\":\"https:\/\/www.taisomirgaminam.lt\/lt\/\",\"logo\":{\"@type\":\"ImageObject\",\"inLanguage\":\"en-US\",\"@id\":\"https:\/\/www.taisomirgaminam.lt\/lt\/#\/schema\/logo\/image\/\",\"url\":\"https:\/\/i1.wp.com\/www.taisomirgaminam.lt\/wp-content\/uploads\/2021\/01\/taisom-ir-gaminam-NEW.png?fit=500%2C500&ssl=1\",\"contentUrl\":\"https:\/\/i1.wp.com\/www.taisomirgaminam.lt\/wp-content\/uploads\/2021\/01\/taisom-ir-gaminam-NEW.png?fit=500%2C500&ssl=1\",\"width\":500,\"height\":500,\"caption\":\"Taisom ir gaminam\"},\"image\":{\"@id\":\"https:\/\/www.taisomirgaminam.lt\/lt\/#\/schema\/logo\/image\/\"},\"sameAs\":[\"https:\/\/www.facebook.com\/Taisom.Gaminam\"]}]}<\/script>\n<!-- \/ Yoast SEO plugin. -->","yoast_head_json":{"title":"Samsung INR18650-25R 2500mAh - 20A - Taisom ir gaminam","description":"Firma: Samsung Baterijos dydis: 18650 Baterijos chemija (tipas): Li-ion Baterija: Pakraunama \u012etampa 3.6V Talpa (mAh): 2,500.00 Kontakt\u0173 tipas: Lygus I\u0161krovimo \u2026","robots":{"index":"index","follow":"follow","max-snippet":"max-snippet:-1","max-image-preview":"max-image-preview:large","max-video-preview":"max-video-preview:-1"},"canonical":"https:\/\/www.taisomirgaminam.lt\/en\/product\/samsung-inr18650-25r-2500mah-20a\/","og_locale":"en_US","og_type":"article","og_title":"Samsung INR18650-25R 2500mAh - 20A - Taisom ir gaminam","og_description":"Firma: Samsung Baterijos dydis: 18650 Baterijos chemija (tipas): Li-ion Baterija: Pakraunama \u012etampa 3.6V Talpa (mAh): 2,500.00 Kontakt\u0173 tipas: Lygus I\u0161krovimo \u2026","og_url":"https:\/\/www.taisomirgaminam.lt\/en\/product\/samsung-inr18650-25r-2500mah-20a\/","og_site_name":"Taisom ir gaminam","article_publisher":"https:\/\/www.facebook.com\/Taisom.Gaminam","article_modified_time":"2021-06-08T09:15:06+00:00","og_image":[{"width":"651","height":"505","url":"https:\/\/i0.wp.com\/www.taisomirgaminam.lt\/wp-content\/uploads\/2021\/02\/25r.jpg?fit=651%2C505&ssl=1","type":"image\/jpeg"}],"twitter_card":"summary_large_image","twitter_misc":{"Est. reading time":"1 minute"},"schema":{"@context":"https:\/\/schema.org","@graph":[{"@type":"WebPage","@id":"https:\/\/www.taisomirgaminam.lt\/lt\/produktas\/samsung-inr18650-25r-2500mah-20a\/","url":"https:\/\/www.taisomirgaminam.lt\/lt\/produktas\/samsung-inr18650-25r-2500mah-20a\/","name":"Samsung INR18650-25R 2500mAh - 20A - Taisom ir gaminam","isPartOf":{"@id":"https:\/\/www.taisomirgaminam.lt\/lt\/#website"},"datePublished":"2021-02-22T16:09:58+00:00","dateModified":"2021-06-08T09:15:06+00:00","description":"Firma: Samsung Baterijos dydis: 18650 Baterijos chemija (tipas): Li-ion Baterija: Pakraunama \u012etampa 3.6V Talpa (mAh): 2,500.00 Kontakt\u0173 tipas: Lygus I\u0161krovimo \u2026","breadcrumb":{"@id":"https:\/\/www.taisomirgaminam.lt\/lt\/produktas\/samsung-inr18650-25r-2500mah-20a\/#breadcrumb"},"inLanguage":"en-US","potentialAction":[{"@type":"ReadAction","target":["https:\/\/www.taisomirgaminam.lt\/lt\/produktas\/samsung-inr18650-25r-2500mah-20a\/"]}]},{"@type":"BreadcrumbList","@id":"https:\/\/www.taisomirgaminam.lt\/lt\/produktas\/samsung-inr18650-25r-2500mah-20a\/#breadcrumb","itemListElement":[{"@type":"ListItem","position":1,"name":"Home","item":"https:\/\/www.taisomirgaminam.lt\/lt\/"},{"@type":"ListItem","position":2,"name":"Parduotuv\u0117","item":"https:\/\/www.taisomirgaminam.lt\/lt\/parduotuve\/"},{"@type":"ListItem","position":3,"name":"Samsung INR18650-25R 2500mAh &#8211; 20A"}]},{"@type":"WebSite","@id":"https:\/\/www.taisomirgaminam.lt\/lt\/#website","url":"https:\/\/www.taisomirgaminam.lt\/lt\/","name":"Taisom ir gaminam","description":"","publisher":{"@id":"https:\/\/www.taisomirgaminam.lt\/lt\/#organization"},"potentialAction":[{"@type":"SearchAction","target":{"@type":"EntryPoint","urlTemplate":"https:\/\/www.taisomirgaminam.lt\/lt\/?s={search_term_string}"},"query-input":"required name=search_term_string"}],"inLanguage":"en-US"},{"@type":"Organization","@id":"https:\/\/www.taisomirgaminam.lt\/lt\/#organization","name":"Taisom ir gaminam","url":"https:\/\/www.taisomirgaminam.lt\/lt\/","logo":{"@type":"ImageObject","inLanguage":"en-US","@id":"https:\/\/www.taisomirgaminam.lt\/lt\/#\/schema\/logo\/image\/","url":"https:\/\/i1.wp.com\/www.taisomirgaminam.lt\/wp-content\/uploads\/2021\/01\/taisom-ir-gaminam-NEW.png?fit=500%2C500&ssl=1","contentUrl":"https:\/\/i1.wp.com\/www.taisomirgaminam.lt\/wp-content\/uploads\/2021\/01\/taisom-ir-gaminam-NEW.png?fit=500%2C500&ssl=1","width":500,"height":500,"caption":"Taisom ir gaminam"},"image":{"@id":"https:\/\/www.taisomirgaminam.lt\/lt\/#\/schema\/logo\/image\/"},"sameAs":["https:\/\/www.facebook.com\/Taisom.Gaminam"]}]}},"_links":{"self":[{"href":"https:\/\/www.taisomirgaminam.lt\/en\/wp-json\/wp\/v2\/product\/436"}],"collection":[{"href":"https:\/\/www.taisomirgaminam.lt\/en\/wp-json\/wp\/v2\/product"}],"about":[{"href":"https:\/\/www.taisomirgaminam.lt\/en\/wp-json\/wp\/v2\/types\/product"}],"replies":[{"embeddable":true,"href":"https:\/\/www.taisomirgaminam.lt\/en\/wp-json\/wp\/v2\/comments?post=436"}],"wp:featuredmedia":[{"embeddable":true,"href":"https:\/\/www.taisomirgaminam.lt\/en\/wp-json\/wp\/v2\/media\/500"}],"wp:attachment":[{"href":"https:\/\/www.taisomirgaminam.lt\/en\/wp-json\/wp\/v2\/media?parent=436"}],"wp:term":[{"taxonomy":"product_cat","embeddable":true,"href":"https:\/\/www.taisomirgaminam.lt\/en\/wp-json\/wp\/v2\/product_cat?post=436"},{"taxonomy":"product_tag","embeddable":true,"href":"https:\/\/www.taisomirgaminam.lt\/en\/wp-json\/wp\/v2\/product_tag?post=436"}],"curies":[{"name":"wp","href":"https:\/\/api.w.org\/{rel}","templated":true}]}}