{"id":166,"date":"2021-01-18T20:42:12","date_gmt":"2021-01-18T20:42:12","guid":{"rendered":"https:\/\/www.taisomirgaminam.lt\/?post_type=product&#038;p=166"},"modified":"2024-03-29T01:08:27","modified_gmt":"2024-03-29T01:08:27","slug":"asi-bac-855-pp-inokim-ox","status":"publish","type":"product","link":"https:\/\/www.taisomirgaminam.lt\/en\/product\/asi-bac-855-pp-inokim-ox\/","title":{"rendered":"ASI BAC855 P&#038;P INOKIM OX"},"content":{"rendered":"<p>ASI BAC855 &#8222;plug and play&#8221; arba kitaip pasijungei ir naudoji versija.<\/p>\n<p>We will prepare the new controller, that you will not need to solder or remake anything. All connections are the same!<\/p>\n<p>Simply open the bottom of the scooter, remove the old one and replace it with a new bac855 controller.<\/p>\n<p>ASI BAC855 can only be used on OX SUPER scooters with 21 ah battery or bigger. The OX eco and hero are a must-have replacement for a new, more powerful battery!<\/p>\n<p>&nbsp;<\/p>\n<p>Before ordering specify which battery you are using:<\/p>\n<p>1 variantas &#8211; originali Inokim OX super 60v., 21ah. (valdiklis bus sukonfig\u016bruotas 106a ir 2650w).<\/p>\n<p>2 variantas &#8211; 60v., pagal u\u017esakym\u0105 gaminta, galinti atiduoti 110a. (valdiklis bus sukonfig\u016bruotas 106a ir 5500w).<\/p>\n<p>3 variantas &#8211; 72v., pagal u\u017esakym\u0105 gaminta, galinti atiduoti 110a. (valdiklis bus sukonfig\u016bruotas 106a ir 6000w).<\/p>\n<p>&nbsp;<\/p>\n<p>Maximum speed increases up to 77km \/ h (tested with 67kg person).<\/p>\n<p>Scooter will start to drive from 0 km\/h.<\/p>\n<p>Original brake sensors will no longer be used.<\/p>\n<p>Also we offer to buy \"wings\" or aluminum radiators for the motor.<\/p>\n<p>&#8222;Variklio sparneliai&#8221; &#8211; varikliui sukantis p\u016bs v\u0117j\u0105 \u012f prie\u0161ing\u0105 pus\u0119 ir v\u0117sins varikl\u012f.<\/p>\n<p>Motor radiator - increases the heating area on the engine and blows the wind while cooling the engine.<\/p>\n<p>&nbsp;<\/p>\n<p>Motor cooling options:<\/p>\n<p>1 Option - plastic wings (black).<\/p>\n<p>2 Variantas &#8211; aliuminis radiatorius (oran\u017ein\u0117 spalva).<\/p>\n<p>3 Option - Aluminum radiator (black).<\/p>\n<p>NONE - no motor cooling accessories required.<\/p>\n<p>&nbsp;<\/p>\n<iframe  id=\"_ytid_56052\"  width=\"1200\" height=\"675\"  data-origwidth=\"1200\" data-origheight=\"675\"  data-relstop=\"1\" src=\"https:\/\/www.youtube.com\/embed\/oSxC_YxsHpE?enablejsapi=1&autoplay=0&cc_load_policy=0&cc_lang_pref=&iv_load_policy=1&loop=0&modestbranding=0&rel=0&fs=1&playsinline=1&autohide=2&theme=dark&color=red&controls=1&\" class=\"__youtube_prefs__  no-lazyload\" title=\"YouTube player\"  allow=\"accelerometer; autoplay; clipboard-write; encrypted-media; gyroscope; picture-in-picture\" allowfullscreen data-no-lazy=\"1\" data-skipgform_ajax_framebjll=\"\"><\/iframe>","protected":false},"excerpt":{"rendered":"<p>ASI BAC855 &#8222;plug and play&#8221; arba kitaip pasijungei ir naudoji versija. Mes paruo\u0161ime nauj\u0105j\u012f valdikl\u012f taip, jog nereik\u0117s nei lituoti, nei k\u0105 nors perdarin\u0117ti. Visos jungtys sutampa! Papras\u010diausiai atsidarysite paspirtuko apa\u010di\u0105, i\u0161imsite sen\u0105 ir pakeisite valdikl\u012f naujuoju. ASI BAC855 gali b\u016bti naudojamas tik ant OX SUPER paspirtuk\u0173 su 21ah baterija. OX eco ir hero yra&hellip;&nbsp;<a href=\"https:\/\/www.taisomirgaminam.lt\/en\/product\/asi-bac-855-pp-inokim-ox\/\" class=\"\" rel=\"bookmark\">Read More &raquo;<span class=\"screen-reader-text\">ASI BAC855 P&#038;P INOKIM OX<\/span><\/a><\/p>","protected":false},"featured_media":228,"comment_status":"open","ping_status":"closed","template":"","meta":{"_mi_skip_tracking":false,"neve_meta_sidebar":"","neve_meta_container":"","neve_meta_enable_content_width":"off","neve_meta_content_width":70,"neve_meta_title_alignment":"","neve_meta_author_avatar":"","neve_post_elements_order":"","neve_meta_disable_header":"","neve_meta_disable_footer":"","neve_meta_disable_title":""},"product_cat":[66,33,59],"product_tag":[34,37],"aioseo_notices":[],"yoast_head":"<!-- This site is optimized with the Yoast SEO plugin v20.5 - https:\/\/yoast.com\/wordpress\/plugins\/seo\/ -->\n<title>ASI BAC855 P&amp;P INOKIM OX UPGRADE KIT - Taisom ir gaminam<\/title>\n<meta name=\"description\" content=\"ASI BAC 855 Plug and play version for inokim ox \/ oxo scooters - upgrade kit. bac855 | Inokim | upgrade | increase speed | new controller\" \/>\n<meta name=\"robots\" content=\"index, follow, max-snippet:-1, max-image-preview:large, max-video-preview:-1\" \/>\n<link rel=\"canonical\" href=\"https:\/\/www.taisomirgaminam.lt\/en\/product\/asi-bac-855-pp-inokim-ox\/\" \/>\n<meta property=\"og:locale\" content=\"en_US\" \/>\n<meta property=\"og:type\" content=\"article\" \/>\n<meta property=\"og:title\" content=\"ASI BAC855 P&amp;P INOKIM OX UPGRADE KIT - Taisom ir gaminam\" \/>\n<meta property=\"og:description\" content=\"ASI BAC 855 Plug and play version for inokim ox \/ oxo scooters - upgrade kit. bac855 | Inokim | upgrade | increase speed | new controller\" \/>\n<meta property=\"og:url\" content=\"https:\/\/www.taisomirgaminam.lt\/en\/product\/asi-bac-855-pp-inokim-ox\/\" \/>\n<meta property=\"og:site_name\" content=\"Taisom ir gaminam\" \/>\n<meta property=\"article:publisher\" content=\"https:\/\/www.facebook.com\/Taisom.Gaminam\" \/>\n<meta property=\"article:modified_time\" content=\"2024-03-29T01:08:27+00:00\" \/>\n<meta property=\"og:image\" content=\"https:\/\/i0.wp.com\/www.taisomirgaminam.lt\/wp-content\/uploads\/2021\/01\/IMG_3092.png?fit=2560%2C1920&ssl=1\" \/>\n\t<meta property=\"og:image:width\" content=\"2560\" \/>\n\t<meta property=\"og:image:height\" content=\"1920\" \/>\n\t<meta property=\"og:image:type\" content=\"image\/png\" \/>\n<meta name=\"twitter:card\" content=\"summary_large_image\" \/>\n<meta name=\"twitter:label1\" content=\"Est. reading time\" \/>\n\t<meta name=\"twitter:data1\" content=\"2 minutes\" \/>\n<script type=\"application\/ld+json\" class=\"yoast-schema-graph\">{\"@context\":\"https:\/\/schema.org\",\"@graph\":[{\"@type\":\"WebPage\",\"@id\":\"https:\/\/www.taisomirgaminam.lt\/lt\/produktas\/asi-bac-855-pp-inokim-ox\/\",\"url\":\"https:\/\/www.taisomirgaminam.lt\/lt\/produktas\/asi-bac-855-pp-inokim-ox\/\",\"name\":\"ASI BAC855 P&P INOKIM OX UPGRADE KIT - Taisom ir gaminam\",\"isPartOf\":{\"@id\":\"https:\/\/www.taisomirgaminam.lt\/lt\/#website\"},\"datePublished\":\"2021-01-18T20:42:12+00:00\",\"dateModified\":\"2024-03-29T01:08:27+00:00\",\"description\":\"ASI BAC 855 Plug and play version for inokim ox \/ oxo scooters - upgrade kit. bac855 | Inokim | upgrade | increase speed | new controller\",\"breadcrumb\":{\"@id\":\"https:\/\/www.taisomirgaminam.lt\/lt\/produktas\/asi-bac-855-pp-inokim-ox\/#breadcrumb\"},\"inLanguage\":\"en-US\",\"potentialAction\":[{\"@type\":\"ReadAction\",\"target\":[\"https:\/\/www.taisomirgaminam.lt\/lt\/produktas\/asi-bac-855-pp-inokim-ox\/\"]}]},{\"@type\":\"BreadcrumbList\",\"@id\":\"https:\/\/www.taisomirgaminam.lt\/lt\/produktas\/asi-bac-855-pp-inokim-ox\/#breadcrumb\",\"itemListElement\":[{\"@type\":\"ListItem\",\"position\":1,\"name\":\"Home\",\"item\":\"https:\/\/www.taisomirgaminam.lt\/lt\/\"},{\"@type\":\"ListItem\",\"position\":2,\"name\":\"Parduotuv\u0117\",\"item\":\"https:\/\/www.taisomirgaminam.lt\/lt\/parduotuve\/\"},{\"@type\":\"ListItem\",\"position\":3,\"name\":\"ASI BAC855 P&#038;P INOKIM OX\"}]},{\"@type\":\"WebSite\",\"@id\":\"https:\/\/www.taisomirgaminam.lt\/lt\/#website\",\"url\":\"https:\/\/www.taisomirgaminam.lt\/lt\/\",\"name\":\"Taisom ir gaminam\",\"description\":\"\",\"publisher\":{\"@id\":\"https:\/\/www.taisomirgaminam.lt\/lt\/#organization\"},\"potentialAction\":[{\"@type\":\"SearchAction\",\"target\":{\"@type\":\"EntryPoint\",\"urlTemplate\":\"https:\/\/www.taisomirgaminam.lt\/lt\/?s={search_term_string}\"},\"query-input\":\"required name=search_term_string\"}],\"inLanguage\":\"en-US\"},{\"@type\":\"Organization\",\"@id\":\"https:\/\/www.taisomirgaminam.lt\/lt\/#organization\",\"name\":\"Taisom ir gaminam\",\"url\":\"https:\/\/www.taisomirgaminam.lt\/lt\/\",\"logo\":{\"@type\":\"ImageObject\",\"inLanguage\":\"en-US\",\"@id\":\"https:\/\/www.taisomirgaminam.lt\/lt\/#\/schema\/logo\/image\/\",\"url\":\"https:\/\/i1.wp.com\/www.taisomirgaminam.lt\/wp-content\/uploads\/2021\/01\/taisom-ir-gaminam-NEW.png?fit=500%2C500&ssl=1\",\"contentUrl\":\"https:\/\/i1.wp.com\/www.taisomirgaminam.lt\/wp-content\/uploads\/2021\/01\/taisom-ir-gaminam-NEW.png?fit=500%2C500&ssl=1\",\"width\":500,\"height\":500,\"caption\":\"Taisom ir gaminam\"},\"image\":{\"@id\":\"https:\/\/www.taisomirgaminam.lt\/lt\/#\/schema\/logo\/image\/\"},\"sameAs\":[\"https:\/\/www.facebook.com\/Taisom.Gaminam\"]}]}<\/script>\n<!-- \/ Yoast SEO plugin. -->","yoast_head_json":{"title":"ASI BAC855 P&P INOKIM OX UPGRADE KIT - Taisom ir gaminam","description":"ASI BAC 855 Plug and play version for inokim ox \/ oxo scooters - upgrade kit. bac855 | Inokim | upgrade | increase speed | new controller","robots":{"index":"index","follow":"follow","max-snippet":"max-snippet:-1","max-image-preview":"max-image-preview:large","max-video-preview":"max-video-preview:-1"},"canonical":"https:\/\/www.taisomirgaminam.lt\/en\/product\/asi-bac-855-pp-inokim-ox\/","og_locale":"en_US","og_type":"article","og_title":"ASI BAC855 P&P INOKIM OX UPGRADE KIT - Taisom ir gaminam","og_description":"ASI BAC 855 Plug and play version for inokim ox \/ oxo scooters - upgrade kit. bac855 | Inokim | upgrade | increase speed | new controller","og_url":"https:\/\/www.taisomirgaminam.lt\/en\/product\/asi-bac-855-pp-inokim-ox\/","og_site_name":"Taisom ir gaminam","article_publisher":"https:\/\/www.facebook.com\/Taisom.Gaminam","article_modified_time":"2024-03-29T01:08:27+00:00","og_image":[{"width":2560,"height":1920,"url":"https:\/\/i0.wp.com\/www.taisomirgaminam.lt\/wp-content\/uploads\/2021\/01\/IMG_3092.png?fit=2560%2C1920&ssl=1","type":"image\/png"}],"twitter_card":"summary_large_image","twitter_misc":{"Est. reading time":"2 minutes"},"schema":{"@context":"https:\/\/schema.org","@graph":[{"@type":"WebPage","@id":"https:\/\/www.taisomirgaminam.lt\/lt\/produktas\/asi-bac-855-pp-inokim-ox\/","url":"https:\/\/www.taisomirgaminam.lt\/lt\/produktas\/asi-bac-855-pp-inokim-ox\/","name":"ASI BAC855 P&P INOKIM OX UPGRADE KIT - Taisom ir gaminam","isPartOf":{"@id":"https:\/\/www.taisomirgaminam.lt\/lt\/#website"},"datePublished":"2021-01-18T20:42:12+00:00","dateModified":"2024-03-29T01:08:27+00:00","description":"ASI BAC 855 Plug and play version for inokim ox \/ oxo scooters - upgrade kit. bac855 | Inokim | upgrade | increase speed | new controller","breadcrumb":{"@id":"https:\/\/www.taisomirgaminam.lt\/lt\/produktas\/asi-bac-855-pp-inokim-ox\/#breadcrumb"},"inLanguage":"en-US","potentialAction":[{"@type":"ReadAction","target":["https:\/\/www.taisomirgaminam.lt\/lt\/produktas\/asi-bac-855-pp-inokim-ox\/"]}]},{"@type":"BreadcrumbList","@id":"https:\/\/www.taisomirgaminam.lt\/lt\/produktas\/asi-bac-855-pp-inokim-ox\/#breadcrumb","itemListElement":[{"@type":"ListItem","position":1,"name":"Home","item":"https:\/\/www.taisomirgaminam.lt\/lt\/"},{"@type":"ListItem","position":2,"name":"Parduotuv\u0117","item":"https:\/\/www.taisomirgaminam.lt\/lt\/parduotuve\/"},{"@type":"ListItem","position":3,"name":"ASI BAC855 P&#038;P INOKIM OX"}]},{"@type":"WebSite","@id":"https:\/\/www.taisomirgaminam.lt\/lt\/#website","url":"https:\/\/www.taisomirgaminam.lt\/lt\/","name":"Taisom ir gaminam","description":"","publisher":{"@id":"https:\/\/www.taisomirgaminam.lt\/lt\/#organization"},"potentialAction":[{"@type":"SearchAction","target":{"@type":"EntryPoint","urlTemplate":"https:\/\/www.taisomirgaminam.lt\/lt\/?s={search_term_string}"},"query-input":"required name=search_term_string"}],"inLanguage":"en-US"},{"@type":"Organization","@id":"https:\/\/www.taisomirgaminam.lt\/lt\/#organization","name":"Taisom ir gaminam","url":"https:\/\/www.taisomirgaminam.lt\/lt\/","logo":{"@type":"ImageObject","inLanguage":"en-US","@id":"https:\/\/www.taisomirgaminam.lt\/lt\/#\/schema\/logo\/image\/","url":"https:\/\/i1.wp.com\/www.taisomirgaminam.lt\/wp-content\/uploads\/2021\/01\/taisom-ir-gaminam-NEW.png?fit=500%2C500&ssl=1","contentUrl":"https:\/\/i1.wp.com\/www.taisomirgaminam.lt\/wp-content\/uploads\/2021\/01\/taisom-ir-gaminam-NEW.png?fit=500%2C500&ssl=1","width":500,"height":500,"caption":"Taisom ir gaminam"},"image":{"@id":"https:\/\/www.taisomirgaminam.lt\/lt\/#\/schema\/logo\/image\/"},"sameAs":["https:\/\/www.facebook.com\/Taisom.Gaminam"]}]}},"_links":{"self":[{"href":"https:\/\/www.taisomirgaminam.lt\/en\/wp-json\/wp\/v2\/product\/166"}],"collection":[{"href":"https:\/\/www.taisomirgaminam.lt\/en\/wp-json\/wp\/v2\/product"}],"about":[{"href":"https:\/\/www.taisomirgaminam.lt\/en\/wp-json\/wp\/v2\/types\/product"}],"replies":[{"embeddable":true,"href":"https:\/\/www.taisomirgaminam.lt\/en\/wp-json\/wp\/v2\/comments?post=166"}],"wp:featuredmedia":[{"embeddable":true,"href":"https:\/\/www.taisomirgaminam.lt\/en\/wp-json\/wp\/v2\/media\/228"}],"wp:attachment":[{"href":"https:\/\/www.taisomirgaminam.lt\/en\/wp-json\/wp\/v2\/media?parent=166"}],"wp:term":[{"taxonomy":"product_cat","embeddable":true,"href":"https:\/\/www.taisomirgaminam.lt\/en\/wp-json\/wp\/v2\/product_cat?post=166"},{"taxonomy":"product_tag","embeddable":true,"href":"https:\/\/www.taisomirgaminam.lt\/en\/wp-json\/wp\/v2\/product_tag?post=166"}],"curies":[{"name":"wp","href":"https:\/\/api.w.org\/{rel}","templated":true}]}}