{"id":1232,"date":"2023-02-18T15:23:06","date_gmt":"2023-02-18T15:23:06","guid":{"rendered":"https:\/\/www.taisomirgaminam.lt\/?post_type=product&#038;p=1232"},"modified":"2024-03-24T20:19:49","modified_gmt":"2024-03-24T20:19:49","slug":"72v-44ah-battery","status":"publish","type":"product","link":"https:\/\/www.taisomirgaminam.lt\/en\/product\/72v-44ah-battery\/","title":{"rendered":"72v. 40Ah. 21,6kW SUR-RON"},"content":{"rendered":"<p>Double your mileage and even triple your torque. This battery will turn Sur-ron into a real \"beast\".<\/p>\n<p>(This battery only works with new controllers. Connecting the battery to the original controller is prohibited).<\/p>\n<p>The battery is manufactured using real copper plates, which makes our battery significantly superior to most competitors who use nickel strips to manufacture their batteries.<\/p>\n<p>What is the advantage of this?<\/p>\n<p>Better contact between cells = less imbalance and lower battery temperature resulting in longer battery life!<\/p>\n<p>Our batteries are housed in a lightweight, strong aluminum housing to protect the battery from external damage.<\/p>\n<p>The battery has integrated temperature sensors with spec. equipment that controls the battery and prevents it from overheating or being charged at too low or high temperatures.<\/p>\n<p>The battery can be connected to an app where you can monitor its status and the voltage and temperature of each cell group.<\/p>\n<p>The battery power is fully sufficient for the sur-ron engine with BAC4000 or BAC8000 controllers.<\/p>\n<p>&nbsp;<\/p>\n<p>Recommended max. engine power \u2013 18 00W = 18kW.<\/p>\n<p>Instantaneous maximum power: 21600W = 21.6kW<\/p>\n<p>&nbsp;<\/p>\n<p>The battery is shaped and manufactured according to individual order. For production and deadline, ask by phone or info<span class=\"atwho-query\">@FabiRide.com<\/span><\/p>","protected":false},"excerpt":{"rendered":"<table>\n<tbody>\n<tr>\n<td width=\"119\">Nom. Voltage.<\/td>\n<td width=\"119\">\n<p style=\"text-align: center;\">72v.<\/p>\n<\/td>\n<\/tr>\n<tr>\n<td width=\"119\">Max. Voltage.<\/td>\n<td width=\"119\">\n<p style=\"text-align: center;\">84v.<\/p>\n<\/td>\n<\/tr>\n<tr>\n<td width=\"119\">Min. Voltage.<\/td>\n<td width=\"119\">\n<p style=\"text-align: center;\">60v.<\/p>\n<\/td>\n<\/tr>\n<tr>\n<td width=\"119\">Capacity.<\/td>\n<td width=\"119\">\n<p style=\"text-align: center;\">40 Ah.<\/p>\n<\/td>\n<\/tr>\n<tr>\n<td width=\"119\">Max. Power.<\/td>\n<td width=\"119\">\n<p style=\"text-align: center;\">21,6 kW<\/p>\n<\/td>\n<\/tr>\n<tr>\n<td width=\"119\"><\/td>\n<td width=\"119\">\n<p style=\"text-align: center;\">\n<\/td>\n<\/tr>\n<\/tbody>\n<\/table>\n<p>&nbsp;<\/p>\n<p>&nbsp;<\/p>","protected":false},"featured_media":1099,"comment_status":"open","ping_status":"closed","template":"","meta":{"_mi_skip_tracking":false,"neve_meta_sidebar":"","neve_meta_container":"","neve_meta_enable_content_width":"off","neve_meta_content_width":70,"neve_meta_title_alignment":"","neve_meta_author_avatar":"","neve_post_elements_order":"","neve_meta_disable_header":"","neve_meta_disable_footer":"","neve_meta_disable_title":""},"product_cat":[66,81,85],"product_tag":[82,75,86],"aioseo_notices":[],"yoast_head":"<!-- This site is optimized with the Yoast SEO plugin v20.5 - https:\/\/yoast.com\/wordpress\/plugins\/seo\/ -->\n<title>72v. 40Ah. 21,6kW SUR-RON - Taisom ir gaminam<\/title>\n<meta name=\"description\" content=\"Padidink savo Sur Ron&#039;o nuva\u017eiuojam\u0105 atstum\u0105 ir pakelk gali\u0105 su m\u016bs\u0173 naujausio modelio Sur Ron akumuliatoriu | baterija. 21 kw galia pavers Sur Ron \u012f \u017ev\u0117r\u012f\" \/>\n<meta name=\"robots\" content=\"index, follow, max-snippet:-1, max-image-preview:large, max-video-preview:-1\" \/>\n<link rel=\"canonical\" href=\"https:\/\/www.taisomirgaminam.lt\/en\/product\/72v-44ah-battery\/\" \/>\n<meta property=\"og:locale\" content=\"en_US\" \/>\n<meta property=\"og:type\" content=\"article\" \/>\n<meta property=\"og:title\" content=\"72v. 40Ah. 21,6kW SUR-RON - Taisom ir gaminam\" \/>\n<meta property=\"og:description\" content=\"Padidink savo Sur Ron&#039;o nuva\u017eiuojam\u0105 atstum\u0105 ir pakelk gali\u0105 su m\u016bs\u0173 naujausio modelio Sur Ron akumuliatoriu | baterija. 21 kw galia pavers Sur Ron \u012f \u017ev\u0117r\u012f\" \/>\n<meta property=\"og:url\" content=\"https:\/\/www.taisomirgaminam.lt\/en\/product\/72v-44ah-battery\/\" \/>\n<meta property=\"og:site_name\" content=\"Taisom ir gaminam\" \/>\n<meta property=\"article:publisher\" content=\"https:\/\/www.facebook.com\/Taisom.Gaminam\" \/>\n<meta property=\"article:modified_time\" content=\"2024-03-24T20:19:49+00:00\" \/>\n<meta property=\"og:image\" content=\"https:\/\/i0.wp.com\/www.taisomirgaminam.lt\/wp-content\/uploads\/2022\/06\/Sur-ron-battery-72v-45ah-taisomirgaminam.lt_6.jpg?fit=1800%2C2400\" \/>\n\t<meta property=\"og:image:width\" content=\"1800\" \/>\n\t<meta property=\"og:image:height\" content=\"2400\" \/>\n\t<meta property=\"og:image:type\" content=\"image\/jpeg\" \/>\n<meta name=\"twitter:card\" content=\"summary_large_image\" \/>\n<meta name=\"twitter:label1\" content=\"Est. reading time\" \/>\n\t<meta name=\"twitter:data1\" content=\"1 minute\" \/>\n<script type=\"application\/ld+json\" class=\"yoast-schema-graph\">{\"@context\":\"https:\/\/schema.org\",\"@graph\":[{\"@type\":\"WebPage\",\"@id\":\"http:\/\/www.taisomirgaminam.lt\/lt\/produktas\/72v-44ah-battery\/\",\"url\":\"http:\/\/www.taisomirgaminam.lt\/lt\/produktas\/72v-44ah-battery\/\",\"name\":\"72v. 40Ah. 21,6kW SUR-RON - Taisom ir gaminam\",\"isPartOf\":{\"@id\":\"https:\/\/www.taisomirgaminam.lt\/lt\/#website\"},\"datePublished\":\"2023-02-18T15:23:06+00:00\",\"dateModified\":\"2024-03-24T20:19:49+00:00\",\"description\":\"Padidink savo Sur Ron'o nuva\u017eiuojam\u0105 atstum\u0105 ir pakelk gali\u0105 su m\u016bs\u0173 naujausio modelio Sur Ron akumuliatoriu | baterija. 21 kw galia pavers Sur Ron \u012f \u017ev\u0117r\u012f\",\"breadcrumb\":{\"@id\":\"http:\/\/www.taisomirgaminam.lt\/lt\/produktas\/72v-44ah-battery\/#breadcrumb\"},\"inLanguage\":\"en-US\",\"potentialAction\":[{\"@type\":\"ReadAction\",\"target\":[\"http:\/\/www.taisomirgaminam.lt\/lt\/produktas\/72v-44ah-battery\/\"]}]},{\"@type\":\"BreadcrumbList\",\"@id\":\"http:\/\/www.taisomirgaminam.lt\/lt\/produktas\/72v-44ah-battery\/#breadcrumb\",\"itemListElement\":[{\"@type\":\"ListItem\",\"position\":1,\"name\":\"Home\",\"item\":\"https:\/\/www.taisomirgaminam.lt\/lt\/\"},{\"@type\":\"ListItem\",\"position\":2,\"name\":\"Parduotuv\u0117\",\"item\":\"https:\/\/www.taisomirgaminam.lt\/lt\/parduotuve\/\"},{\"@type\":\"ListItem\",\"position\":3,\"name\":\"72v. 40Ah. 21,6kW SUR-RON\"}]},{\"@type\":\"WebSite\",\"@id\":\"https:\/\/www.taisomirgaminam.lt\/lt\/#website\",\"url\":\"https:\/\/www.taisomirgaminam.lt\/lt\/\",\"name\":\"Taisom ir gaminam\",\"description\":\"\",\"publisher\":{\"@id\":\"https:\/\/www.taisomirgaminam.lt\/lt\/#organization\"},\"potentialAction\":[{\"@type\":\"SearchAction\",\"target\":{\"@type\":\"EntryPoint\",\"urlTemplate\":\"https:\/\/www.taisomirgaminam.lt\/lt\/?s={search_term_string}\"},\"query-input\":\"required name=search_term_string\"}],\"inLanguage\":\"en-US\"},{\"@type\":\"Organization\",\"@id\":\"https:\/\/www.taisomirgaminam.lt\/lt\/#organization\",\"name\":\"Taisom ir gaminam\",\"url\":\"https:\/\/www.taisomirgaminam.lt\/lt\/\",\"logo\":{\"@type\":\"ImageObject\",\"inLanguage\":\"en-US\",\"@id\":\"https:\/\/www.taisomirgaminam.lt\/lt\/#\/schema\/logo\/image\/\",\"url\":\"https:\/\/i1.wp.com\/www.taisomirgaminam.lt\/wp-content\/uploads\/2021\/01\/taisom-ir-gaminam-NEW.png?fit=500%2C500&ssl=1\",\"contentUrl\":\"https:\/\/i1.wp.com\/www.taisomirgaminam.lt\/wp-content\/uploads\/2021\/01\/taisom-ir-gaminam-NEW.png?fit=500%2C500&ssl=1\",\"width\":500,\"height\":500,\"caption\":\"Taisom ir gaminam\"},\"image\":{\"@id\":\"https:\/\/www.taisomirgaminam.lt\/lt\/#\/schema\/logo\/image\/\"},\"sameAs\":[\"https:\/\/www.facebook.com\/Taisom.Gaminam\"]}]}<\/script>\n<!-- \/ Yoast SEO plugin. -->","yoast_head_json":{"title":"72v. 40Ah. 21,6kW SUR-RON - Taisom ir gaminam","description":"Padidink savo Sur Ron'o nuva\u017eiuojam\u0105 atstum\u0105 ir pakelk gali\u0105 su m\u016bs\u0173 naujausio modelio Sur Ron akumuliatoriu | baterija. 21 kw galia pavers Sur Ron \u012f \u017ev\u0117r\u012f","robots":{"index":"index","follow":"follow","max-snippet":"max-snippet:-1","max-image-preview":"max-image-preview:large","max-video-preview":"max-video-preview:-1"},"canonical":"https:\/\/www.taisomirgaminam.lt\/en\/product\/72v-44ah-battery\/","og_locale":"en_US","og_type":"article","og_title":"72v. 40Ah. 21,6kW SUR-RON - Taisom ir gaminam","og_description":"Padidink savo Sur Ron'o nuva\u017eiuojam\u0105 atstum\u0105 ir pakelk gali\u0105 su m\u016bs\u0173 naujausio modelio Sur Ron akumuliatoriu | baterija. 21 kw galia pavers Sur Ron \u012f \u017ev\u0117r\u012f","og_url":"https:\/\/www.taisomirgaminam.lt\/en\/product\/72v-44ah-battery\/","og_site_name":"Taisom ir gaminam","article_publisher":"https:\/\/www.facebook.com\/Taisom.Gaminam","article_modified_time":"2024-03-24T20:19:49+00:00","og_image":[{"width":1800,"height":2400,"url":"https:\/\/i0.wp.com\/www.taisomirgaminam.lt\/wp-content\/uploads\/2022\/06\/Sur-ron-battery-72v-45ah-taisomirgaminam.lt_6.jpg?fit=1800%2C2400","type":"image\/jpeg"}],"twitter_card":"summary_large_image","twitter_misc":{"Est. reading time":"1 minute"},"schema":{"@context":"https:\/\/schema.org","@graph":[{"@type":"WebPage","@id":"http:\/\/www.taisomirgaminam.lt\/lt\/produktas\/72v-44ah-battery\/","url":"http:\/\/www.taisomirgaminam.lt\/lt\/produktas\/72v-44ah-battery\/","name":"72v. 40Ah. 21,6kW SUR-RON - Taisom ir gaminam","isPartOf":{"@id":"https:\/\/www.taisomirgaminam.lt\/lt\/#website"},"datePublished":"2023-02-18T15:23:06+00:00","dateModified":"2024-03-24T20:19:49+00:00","description":"Padidink savo Sur Ron'o nuva\u017eiuojam\u0105 atstum\u0105 ir pakelk gali\u0105 su m\u016bs\u0173 naujausio modelio Sur Ron akumuliatoriu | baterija. 21 kw galia pavers Sur Ron \u012f \u017ev\u0117r\u012f","breadcrumb":{"@id":"http:\/\/www.taisomirgaminam.lt\/lt\/produktas\/72v-44ah-battery\/#breadcrumb"},"inLanguage":"en-US","potentialAction":[{"@type":"ReadAction","target":["http:\/\/www.taisomirgaminam.lt\/lt\/produktas\/72v-44ah-battery\/"]}]},{"@type":"BreadcrumbList","@id":"http:\/\/www.taisomirgaminam.lt\/lt\/produktas\/72v-44ah-battery\/#breadcrumb","itemListElement":[{"@type":"ListItem","position":1,"name":"Home","item":"https:\/\/www.taisomirgaminam.lt\/lt\/"},{"@type":"ListItem","position":2,"name":"Parduotuv\u0117","item":"https:\/\/www.taisomirgaminam.lt\/lt\/parduotuve\/"},{"@type":"ListItem","position":3,"name":"72v. 40Ah. 21,6kW SUR-RON"}]},{"@type":"WebSite","@id":"https:\/\/www.taisomirgaminam.lt\/lt\/#website","url":"https:\/\/www.taisomirgaminam.lt\/lt\/","name":"Taisom ir gaminam","description":"","publisher":{"@id":"https:\/\/www.taisomirgaminam.lt\/lt\/#organization"},"potentialAction":[{"@type":"SearchAction","target":{"@type":"EntryPoint","urlTemplate":"https:\/\/www.taisomirgaminam.lt\/lt\/?s={search_term_string}"},"query-input":"required name=search_term_string"}],"inLanguage":"en-US"},{"@type":"Organization","@id":"https:\/\/www.taisomirgaminam.lt\/lt\/#organization","name":"Taisom ir gaminam","url":"https:\/\/www.taisomirgaminam.lt\/lt\/","logo":{"@type":"ImageObject","inLanguage":"en-US","@id":"https:\/\/www.taisomirgaminam.lt\/lt\/#\/schema\/logo\/image\/","url":"https:\/\/i1.wp.com\/www.taisomirgaminam.lt\/wp-content\/uploads\/2021\/01\/taisom-ir-gaminam-NEW.png?fit=500%2C500&ssl=1","contentUrl":"https:\/\/i1.wp.com\/www.taisomirgaminam.lt\/wp-content\/uploads\/2021\/01\/taisom-ir-gaminam-NEW.png?fit=500%2C500&ssl=1","width":500,"height":500,"caption":"Taisom ir gaminam"},"image":{"@id":"https:\/\/www.taisomirgaminam.lt\/lt\/#\/schema\/logo\/image\/"},"sameAs":["https:\/\/www.facebook.com\/Taisom.Gaminam"]}]}},"_links":{"self":[{"href":"https:\/\/www.taisomirgaminam.lt\/en\/wp-json\/wp\/v2\/product\/1232"}],"collection":[{"href":"https:\/\/www.taisomirgaminam.lt\/en\/wp-json\/wp\/v2\/product"}],"about":[{"href":"https:\/\/www.taisomirgaminam.lt\/en\/wp-json\/wp\/v2\/types\/product"}],"replies":[{"embeddable":true,"href":"https:\/\/www.taisomirgaminam.lt\/en\/wp-json\/wp\/v2\/comments?post=1232"}],"wp:featuredmedia":[{"embeddable":true,"href":"https:\/\/www.taisomirgaminam.lt\/en\/wp-json\/wp\/v2\/media\/1099"}],"wp:attachment":[{"href":"https:\/\/www.taisomirgaminam.lt\/en\/wp-json\/wp\/v2\/media?parent=1232"}],"wp:term":[{"taxonomy":"product_cat","embeddable":true,"href":"https:\/\/www.taisomirgaminam.lt\/en\/wp-json\/wp\/v2\/product_cat?post=1232"},{"taxonomy":"product_tag","embeddable":true,"href":"https:\/\/www.taisomirgaminam.lt\/en\/wp-json\/wp\/v2\/product_tag?post=1232"}],"curies":[{"name":"wp","href":"https:\/\/api.w.org\/{rel}","templated":true}]}}