{"id":568,"date":"2021-03-26T08:45:37","date_gmt":"2021-03-26T08:45:37","guid":{"rendered":"https:\/\/www.taisomirgaminam.lt\/?post_type=product&#038;p=568"},"modified":"2024-08-31T22:23:20","modified_gmt":"2024-08-31T22:23:20","slug":"silixcon-sc","status":"publish","type":"product","link":"http:\/\/www.taisomirgaminam.lt\/lt\/produktas\/silixcon-sc\/","title":{"rendered":"Silixcon SC"},"content":{"rendered":"<p>Iki 84 V (20S li\u010dio baterija), iki 12,6 kW galios, iki 18 kW did\u017eiausios (peak) galios.<\/p>\n<p>SC yra ESC3 \u0161eimos valdiklis, pasi\u017eymintis puikiu na\u0161umo ir svorio santykiu. Jis gali b\u016bti naudojamas \u012fvairiose srityse, ypa\u010d pramon\u0117je ir automobili\u0173 pramon\u0117je. Naudojant daugum\u0105 \u0161iuolaikini\u0173 technologij\u0173 pasiekiama ypatinga dinamika ir maksimalus efektyvumas, \u012fgyvendinamas sklandus paleidimas arba regeneracinis stabdymas, visa tai atliekant minimalius matmenis. SC valdiklis gali valdyti vis\u0173 tip\u0173 elektrinius variklius.<\/p>\n<p><strong>Mes parduodame 1040 versij\u0105.<\/strong><\/p>\n<table id=\"tablepress-2\" class=\"tablepress tablepress-id-2\" style=\"height: 287px;\" width=\"591\" aria-describedby=\"tablepress-2-description\">\n<tbody class=\"row-hover\">\n<tr class=\"row-1\">\n<td class=\"column-1\">Version<\/td>\n<td class=\"column-2\">0640*<\/td>\n<td class=\"column-3\">0840<\/td>\n<td class=\"column-4\">1040*<\/td>\n<\/tr>\n<tr class=\"row-2\">\n<td class=\"column-1\">Battery nominal voltage<\/td>\n<td class=\"column-2\">43.2 V DC<\/td>\n<td class=\"column-3\">57.6 V DC<\/td>\n<td class=\"column-4\">72 V DC<\/td>\n<\/tr>\n<tr class=\"row-3\">\n<td class=\"column-1\">Battery configuration<\/td>\n<td class=\"column-2\">12 S<\/td>\n<td class=\"column-3\">16 S<\/td>\n<td class=\"column-4\">20 S<\/td>\n<\/tr>\n<tr class=\"row-4\">\n<td class=\"column-1\">Min. operating voltage<\/td>\n<td class=\"column-2\">24 V DC<\/td>\n<td class=\"column-3\">24 V DC<\/td>\n<td class=\"column-4\">24 V DC<\/td>\n<\/tr>\n<tr class=\"row-5\">\n<td class=\"column-1\">Max. operating voltage<\/td>\n<td class=\"column-2\">51 V DC<\/td>\n<td class=\"column-3\">68 V DC<\/td>\n<td class=\"column-4\">84 V DC<\/td>\n<\/tr>\n<tr class=\"row-6\">\n<td class=\"column-1\">Nominal power (60min, BLDC)<\/td>\n<td class=\"column-2\">9 500 W<\/td>\n<td class=\"column-3\">10 900 W<\/td>\n<td class=\"column-4\">12 600 W<\/td>\n<\/tr>\n<tr class=\"row-7\">\n<td class=\"column-1\">Nominal current (60min, BLDC)<\/td>\n<td class=\"column-2\">220 A<\/td>\n<td class=\"column-3\">190 A<\/td>\n<td class=\"column-4\">175 A<\/td>\n<\/tr>\n<tr class=\"row-8\">\n<td class=\"column-1\">Power dissipation<\/td>\n<td class=\"column-2\">120 W\u00a0<sup>1<\/sup><\/td>\n<td class=\"column-3\">120 W\u00a0<sup>1<\/sup><\/td>\n<td class=\"column-4\">120 W\u00a0<sup>1<\/sup><\/td>\n<\/tr>\n<tr class=\"row-9\">\n<td class=\"column-1\">Peak power (10sec)<\/td>\n<td class=\"column-2\">15 100 W<\/td>\n<td class=\"column-3\">17 300 W<\/td>\n<td class=\"column-4\">18 000 W<\/td>\n<\/tr>\n<tr class=\"row-10\">\n<td class=\"column-1\">Peak current (10sec)<\/td>\n<td class=\"column-2\">350 A<\/td>\n<td class=\"column-3\">300 A<\/td>\n<td class=\"column-4\">250 A<\/td>\n<\/tr>\n<\/tbody>\n<\/table>\n","protected":false},"excerpt":{"rendered":"<h4>Aplikacijos<\/h4>\n<ul>\n<li>Automobili\u0173 arba pramonini\u0173 varikli\u0173 valdymas<\/li>\n<li>Auk\u0161\u010diausios klas\u0117s sportiniai motociklai, elektroniniai dvira\u010diai, banglent\u0117s, paspirtukai.<\/li>\n<li>Degimo variklio paleidimo generatoriai<\/li>\n<li>Profesional\u016bs dronai, RC modeliai<\/li>\n<li>Tyrimai ir pl\u0117tra<\/li>\n<li>Servo valdymas<\/li>\n<\/ul>\n","protected":false},"featured_media":571,"comment_status":"open","ping_status":"closed","template":"","meta":{"_mi_skip_tracking":false,"neve_meta_sidebar":"","neve_meta_container":"","neve_meta_enable_content_width":"off","neve_meta_content_width":70,"neve_meta_title_alignment":"","neve_meta_author_avatar":"","neve_post_elements_order":"","neve_meta_disable_header":"","neve_meta_disable_footer":"","neve_meta_disable_title":""},"product_cat":[66,74,33],"product_tag":[75,77],"aioseo_notices":[],"yoast_head":"<!-- This site is optimized with the Yoast SEO plugin v20.5 - https:\/\/yoast.com\/wordpress\/plugins\/seo\/ -->\n<title>Silixcon SC - Taisom ir gaminam<\/title>\n<meta name=\"description\" content=\"Silixcon | SC | controller | ebike | bike | 12 kw | 12 000w | 20s | 84v | 250a\" \/>\n<meta name=\"robots\" content=\"index, follow, max-snippet:-1, max-image-preview:large, max-video-preview:-1\" \/>\n<link rel=\"canonical\" href=\"https:\/\/www.taisomirgaminam.lt\/lt\/produktas\/silixcon-sc\/\" \/>\n<meta property=\"og:locale\" content=\"lt_LT\" \/>\n<meta property=\"og:type\" content=\"article\" \/>\n<meta property=\"og:title\" content=\"Silixcon SC - Taisom ir gaminam\" \/>\n<meta property=\"og:description\" content=\"Silixcon | SC | controller | ebike | bike | 12 kw | 12 000w | 20s | 84v | 250a\" \/>\n<meta property=\"og:url\" content=\"https:\/\/www.taisomirgaminam.lt\/lt\/produktas\/silixcon-sc\/\" \/>\n<meta property=\"og:site_name\" content=\"Taisom ir gaminam\" \/>\n<meta property=\"article:publisher\" content=\"https:\/\/www.facebook.com\/Taisom.Gaminam\" \/>\n<meta property=\"article:modified_time\" content=\"2024-08-31T22:23:20+00:00\" \/>\n<meta property=\"og:image\" content=\"https:\/\/i0.wp.com\/www.taisomirgaminam.lt\/wp-content\/uploads\/2021\/03\/sc.jpg?fit=977%2C723&ssl=1\" \/>\n\t<meta property=\"og:image:width\" content=\"977\" \/>\n\t<meta property=\"og:image:height\" content=\"723\" \/>\n\t<meta property=\"og:image:type\" content=\"image\/jpeg\" \/>\n<meta name=\"twitter:card\" content=\"summary_large_image\" \/>\n<meta name=\"twitter:label1\" content=\"Est. reading time\" \/>\n\t<meta name=\"twitter:data1\" content=\"1 minut\u0117\" \/>\n<script type=\"application\/ld+json\" class=\"yoast-schema-graph\">{\"@context\":\"https:\/\/schema.org\",\"@graph\":[{\"@type\":\"WebPage\",\"@id\":\"https:\/\/www.taisomirgaminam.lt\/lt\/produktas\/silixcon-sc\/\",\"url\":\"https:\/\/www.taisomirgaminam.lt\/lt\/produktas\/silixcon-sc\/\",\"name\":\"Silixcon SC - Taisom ir gaminam\",\"isPartOf\":{\"@id\":\"https:\/\/www.taisomirgaminam.lt\/lt\/#website\"},\"datePublished\":\"2021-03-26T08:45:37+00:00\",\"dateModified\":\"2024-08-31T22:23:20+00:00\",\"description\":\"Silixcon | SC | controller | ebike | bike | 12 kw | 12 000w | 20s | 84v | 250a\",\"breadcrumb\":{\"@id\":\"https:\/\/www.taisomirgaminam.lt\/lt\/produktas\/silixcon-sc\/#breadcrumb\"},\"inLanguage\":\"lt-LT\",\"potentialAction\":[{\"@type\":\"ReadAction\",\"target\":[\"https:\/\/www.taisomirgaminam.lt\/lt\/produktas\/silixcon-sc\/\"]}]},{\"@type\":\"BreadcrumbList\",\"@id\":\"https:\/\/www.taisomirgaminam.lt\/lt\/produktas\/silixcon-sc\/#breadcrumb\",\"itemListElement\":[{\"@type\":\"ListItem\",\"position\":1,\"name\":\"Home\",\"item\":\"https:\/\/www.taisomirgaminam.lt\/lt\/\"},{\"@type\":\"ListItem\",\"position\":2,\"name\":\"Parduotuv\u0117\",\"item\":\"https:\/\/www.taisomirgaminam.lt\/lt\/parduotuve\/\"},{\"@type\":\"ListItem\",\"position\":3,\"name\":\"Silixcon SC\"}]},{\"@type\":\"WebSite\",\"@id\":\"https:\/\/www.taisomirgaminam.lt\/lt\/#website\",\"url\":\"https:\/\/www.taisomirgaminam.lt\/lt\/\",\"name\":\"Taisom ir gaminam\",\"description\":\"\",\"publisher\":{\"@id\":\"https:\/\/www.taisomirgaminam.lt\/lt\/#organization\"},\"potentialAction\":[{\"@type\":\"SearchAction\",\"target\":{\"@type\":\"EntryPoint\",\"urlTemplate\":\"https:\/\/www.taisomirgaminam.lt\/lt\/?s={search_term_string}\"},\"query-input\":\"required name=search_term_string\"}],\"inLanguage\":\"lt-LT\"},{\"@type\":\"Organization\",\"@id\":\"https:\/\/www.taisomirgaminam.lt\/lt\/#organization\",\"name\":\"Taisom ir gaminam\",\"url\":\"https:\/\/www.taisomirgaminam.lt\/lt\/\",\"logo\":{\"@type\":\"ImageObject\",\"inLanguage\":\"lt-LT\",\"@id\":\"https:\/\/www.taisomirgaminam.lt\/lt\/#\/schema\/logo\/image\/\",\"url\":\"https:\/\/i1.wp.com\/www.taisomirgaminam.lt\/wp-content\/uploads\/2021\/01\/taisom-ir-gaminam-NEW.png?fit=500%2C500&ssl=1\",\"contentUrl\":\"https:\/\/i1.wp.com\/www.taisomirgaminam.lt\/wp-content\/uploads\/2021\/01\/taisom-ir-gaminam-NEW.png?fit=500%2C500&ssl=1\",\"width\":500,\"height\":500,\"caption\":\"Taisom ir gaminam\"},\"image\":{\"@id\":\"https:\/\/www.taisomirgaminam.lt\/lt\/#\/schema\/logo\/image\/\"},\"sameAs\":[\"https:\/\/www.facebook.com\/Taisom.Gaminam\"]}]}<\/script>\n<!-- \/ Yoast SEO plugin. -->","yoast_head_json":{"title":"Silixcon SC - Taisom ir gaminam","description":"Silixcon | SC | controller | ebike | bike | 12 kw | 12 000w | 20s | 84v | 250a","robots":{"index":"index","follow":"follow","max-snippet":"max-snippet:-1","max-image-preview":"max-image-preview:large","max-video-preview":"max-video-preview:-1"},"canonical":"https:\/\/www.taisomirgaminam.lt\/lt\/produktas\/silixcon-sc\/","og_locale":"lt_LT","og_type":"article","og_title":"Silixcon SC - Taisom ir gaminam","og_description":"Silixcon | SC | controller | ebike | bike | 12 kw | 12 000w | 20s | 84v | 250a","og_url":"https:\/\/www.taisomirgaminam.lt\/lt\/produktas\/silixcon-sc\/","og_site_name":"Taisom ir gaminam","article_publisher":"https:\/\/www.facebook.com\/Taisom.Gaminam","article_modified_time":"2024-08-31T22:23:20+00:00","og_image":[{"width":"977","height":"723","url":"https:\/\/i0.wp.com\/www.taisomirgaminam.lt\/wp-content\/uploads\/2021\/03\/sc.jpg?fit=977%2C723&ssl=1","type":"image\/jpeg"}],"twitter_card":"summary_large_image","twitter_misc":{"Est. reading time":"1 minut\u0117"},"schema":{"@context":"https:\/\/schema.org","@graph":[{"@type":"WebPage","@id":"https:\/\/www.taisomirgaminam.lt\/lt\/produktas\/silixcon-sc\/","url":"https:\/\/www.taisomirgaminam.lt\/lt\/produktas\/silixcon-sc\/","name":"Silixcon SC - Taisom ir gaminam","isPartOf":{"@id":"https:\/\/www.taisomirgaminam.lt\/lt\/#website"},"datePublished":"2021-03-26T08:45:37+00:00","dateModified":"2024-08-31T22:23:20+00:00","description":"Silixcon | SC | controller | ebike | bike | 12 kw | 12 000w | 20s | 84v | 250a","breadcrumb":{"@id":"https:\/\/www.taisomirgaminam.lt\/lt\/produktas\/silixcon-sc\/#breadcrumb"},"inLanguage":"lt-LT","potentialAction":[{"@type":"ReadAction","target":["https:\/\/www.taisomirgaminam.lt\/lt\/produktas\/silixcon-sc\/"]}]},{"@type":"BreadcrumbList","@id":"https:\/\/www.taisomirgaminam.lt\/lt\/produktas\/silixcon-sc\/#breadcrumb","itemListElement":[{"@type":"ListItem","position":1,"name":"Home","item":"https:\/\/www.taisomirgaminam.lt\/lt\/"},{"@type":"ListItem","position":2,"name":"Parduotuv\u0117","item":"https:\/\/www.taisomirgaminam.lt\/lt\/parduotuve\/"},{"@type":"ListItem","position":3,"name":"Silixcon SC"}]},{"@type":"WebSite","@id":"https:\/\/www.taisomirgaminam.lt\/lt\/#website","url":"https:\/\/www.taisomirgaminam.lt\/lt\/","name":"Taisom ir gaminam","description":"","publisher":{"@id":"https:\/\/www.taisomirgaminam.lt\/lt\/#organization"},"potentialAction":[{"@type":"SearchAction","target":{"@type":"EntryPoint","urlTemplate":"https:\/\/www.taisomirgaminam.lt\/lt\/?s={search_term_string}"},"query-input":"required name=search_term_string"}],"inLanguage":"lt-LT"},{"@type":"Organization","@id":"https:\/\/www.taisomirgaminam.lt\/lt\/#organization","name":"Taisom ir gaminam","url":"https:\/\/www.taisomirgaminam.lt\/lt\/","logo":{"@type":"ImageObject","inLanguage":"lt-LT","@id":"https:\/\/www.taisomirgaminam.lt\/lt\/#\/schema\/logo\/image\/","url":"https:\/\/i1.wp.com\/www.taisomirgaminam.lt\/wp-content\/uploads\/2021\/01\/taisom-ir-gaminam-NEW.png?fit=500%2C500&ssl=1","contentUrl":"https:\/\/i1.wp.com\/www.taisomirgaminam.lt\/wp-content\/uploads\/2021\/01\/taisom-ir-gaminam-NEW.png?fit=500%2C500&ssl=1","width":500,"height":500,"caption":"Taisom ir gaminam"},"image":{"@id":"https:\/\/www.taisomirgaminam.lt\/lt\/#\/schema\/logo\/image\/"},"sameAs":["https:\/\/www.facebook.com\/Taisom.Gaminam"]}]}},"_links":{"self":[{"href":"http:\/\/www.taisomirgaminam.lt\/lt\/wp-json\/wp\/v2\/product\/568"}],"collection":[{"href":"http:\/\/www.taisomirgaminam.lt\/lt\/wp-json\/wp\/v2\/product"}],"about":[{"href":"http:\/\/www.taisomirgaminam.lt\/lt\/wp-json\/wp\/v2\/types\/product"}],"replies":[{"embeddable":true,"href":"http:\/\/www.taisomirgaminam.lt\/lt\/wp-json\/wp\/v2\/comments?post=568"}],"wp:featuredmedia":[{"embeddable":true,"href":"http:\/\/www.taisomirgaminam.lt\/lt\/wp-json\/wp\/v2\/media\/571"}],"wp:attachment":[{"href":"http:\/\/www.taisomirgaminam.lt\/lt\/wp-json\/wp\/v2\/media?parent=568"}],"wp:term":[{"taxonomy":"product_cat","embeddable":true,"href":"http:\/\/www.taisomirgaminam.lt\/lt\/wp-json\/wp\/v2\/product_cat?post=568"},{"taxonomy":"product_tag","embeddable":true,"href":"http:\/\/www.taisomirgaminam.lt\/lt\/wp-json\/wp\/v2\/product_tag?post=568"}],"curies":[{"name":"wp","href":"https:\/\/api.w.org\/{rel}","templated":true}]}}